{"id":495,"date":"2019-05-16T16:23:21","date_gmt":"2019-05-16T14:23:21","guid":{"rendered":"https:\/\/dialinguo.com\/im-ubrigen\/"},"modified":"2020-10-06T15:03:26","modified_gmt":"2020-10-06T13:03:26","slug":"im-ubrigen","status":"publish","type":"page","link":"https:\/\/dialinguo.com\/de\/im-ubrigen\/","title":{"rendered":"\u00dcber uns"},"content":{"rendered":"<p><div class=\"fusion-fullwidth fullwidth-box fusion-builder-row-1 nonhundred-percent-fullwidth non-hundred-percent-height-scrolling\" style=\"--awb-border-radius-top-left:0px;--awb-border-radius-top-right:0px;--awb-border-radius-bottom-right:0px;--awb-border-radius-bottom-left:0px;\" ><div class=\"fusion-builder-row fusion-row\"><\/div><\/div><div class=\"fusion-fullwidth fullwidth-box fusion-builder-row-2 nonhundred-percent-fullwidth non-hundred-percent-height-scrolling\" style=\"--awb-border-radius-top-left:0px;--awb-border-radius-top-right:0px;--awb-border-radius-bottom-right:0px;--awb-border-radius-bottom-left:0px;\" ><div class=\"fusion-builder-row fusion-row\"><div class=\"fusion-layout-column fusion_builder_column fusion-builder-column-0 fusion_builder_column_1_4 1_4 fusion-one-fourth fusion-column-first\" style=\"--awb-bg-size:cover;width:25%;width:calc(25% - ( ( 4% + 4% + 4% ) * 0.25 ) );margin-right: 4%;\"><div class=\"fusion-column-wrapper fusion-flex-column-wrapper-legacy\"><div class=\"fusion-person person fusion-person-left fusion-person-1 fusion-person-icon-top\" style=\"--awb-pic-style-color:#000000;--awb-pic-borderradius:0px;--awb-margin-top:0px;--awb-margin-right:0px;--awb-margin-bottom:0px;--awb-margin-left:0px;\"><div class=\"person-shortcode-image-wrapper imageframe-liftup\"><div class=\"person-image-container dropshadow\" style=\"border:0px solid #f6f6f6;-webkit-box-shadow: 3px 3px 7px rgba(0,0,0,0.3);box-shadow: 3px 3px 7px rgba(0,0,0,0.3);-webkit-border-radius:0px;-moz-border-radius:0px;border-radius:0px;\"><img decoding=\"async\" class=\"person-img img-responsive wp-image-462\" width=\"400\" height=\"600\" src=\"https:\/\/dialinguo.com\/wp-content\/uploads\/2018\/08\/agence-traduction-dialinguo-Pilou.jpg\" alt=\"Pierre-Louis\" srcset=\"https:\/\/dialinguo.com\/wp-content\/uploads\/2018\/08\/agence-traduction-dialinguo-Pilou-200x300.jpg 200w, https:\/\/dialinguo.com\/wp-content\/uploads\/2018\/08\/agence-traduction-dialinguo-Pilou.jpg 400w\" sizes=\"(max-width: 800px) 100vw, 400px\" \/><\/div><\/div><div class=\"person-desc\"><div class=\"person-author\"><div class=\"person-author-wrapper\"><span class=\"person-name\">Pierre-Louis<\/span><span class=\"person-title\">Dialinguo-Gr\u00fcndungsmitglied<\/span><\/div><div class=\"fusion-social-networks\"><div class=\"fusion-social-networks-wrapper\"><a class=\"fusion-social-network-icon fusion-tooltip fusion-linkedin awb-icon-linkedin\" aria-label=\"fusion-linkedin\" href=\"https:\/\/www.linkedin.com\/in\/pierre-louis-riegert-6225088b\" target=\"_blank\" rel=\"noopener noreferrer\" style=\"color:#0077b5;font-size:16px;\" data-placement=\"bottom\" data-title=\"LinkedIn\" title=\"LinkedIn\" data-toggle=\"tooltip\"><\/a><\/div><\/div><\/div><div class=\"person-content fusion-clearfix\">Als Freizeitmusiker bringt Pierre-Louis beim \u00dcbersetzen die W\u00f6rter zum klingen. Mit Pierre-Louis<br \/>\nkommt Rhythmus ins Gesch\u00e4ft!<\/div><\/div><\/div><div class=\"fusion-clearfix\"><\/div><\/div><\/div><div class=\"fusion-layout-column fusion_builder_column fusion-builder-column-1 fusion_builder_column_1_4 1_4 fusion-one-fourth\" style=\"--awb-bg-size:cover;width:25%;width:calc(25% - ( ( 4% + 4% + 4% ) * 0.25 ) );margin-right: 4%;\"><div class=\"fusion-column-wrapper fusion-flex-column-wrapper-legacy\"><div class=\"fusion-person person fusion-person-left fusion-person-2 fusion-person-icon-top\" style=\"--awb-pic-style-color:#000000;--awb-pic-borderradius:0px;--awb-margin-top:0px;--awb-margin-right:0px;--awb-margin-bottom:0px;--awb-margin-left:0px;\"><div class=\"person-shortcode-image-wrapper imageframe-liftup\"><div class=\"person-image-container dropshadow\" style=\"border:0px solid #f6f6f6;-webkit-box-shadow: 3px 3px 7px rgba(0,0,0,0.3);box-shadow: 3px 3px 7px rgba(0,0,0,0.3);-webkit-border-radius:0px;-moz-border-radius:0px;border-radius:0px;\"><img decoding=\"async\" class=\"person-img img-responsive wp-image-464\" width=\"400\" height=\"600\" src=\"https:\/\/dialinguo.com\/wp-content\/uploads\/2018\/08\/agence-traduction-dialinguo-Laura.jpg\" alt=\"Laura\" srcset=\"https:\/\/dialinguo.com\/wp-content\/uploads\/2018\/08\/agence-traduction-dialinguo-Laura-200x300.jpg 200w, https:\/\/dialinguo.com\/wp-content\/uploads\/2018\/08\/agence-traduction-dialinguo-Laura.jpg 400w\" sizes=\"(max-width: 800px) 100vw, 400px\" \/><\/div><\/div><div class=\"person-desc\"><div class=\"person-author\"><div class=\"person-author-wrapper\"><span class=\"person-name\">Laura<\/span><span class=\"person-title\">Dialinguo-Gr\u00fcndungsmitglied<\/span><\/div><div class=\"fusion-social-networks\"><div class=\"fusion-social-networks-wrapper\"><a class=\"fusion-social-network-icon fusion-tooltip fusion-linkedin awb-icon-linkedin\" aria-label=\"fusion-linkedin\" href=\"https:\/\/www.linkedin.com\/in\/laura-meissner-7b73058b\/\" target=\"_blank\" rel=\"noopener noreferrer\" style=\"color:#0077b5;font-size:16px;\" data-placement=\"bottom\" data-title=\"LinkedIn\" title=\"LinkedIn\" data-toggle=\"tooltip\"><\/a><\/div><\/div><\/div><div class=\"person-content fusion-clearfix\">Lauras Leidenschaft sind Videospiele. Beim \u00dcbersetzen wei\u00df sie die richtigen Strategien zu<br \/>\nentwickeln, um jedes Projekt zum Ziel zu bringen.<\/div><\/div><\/div><div class=\"fusion-clearfix\"><\/div><\/div><\/div><div class=\"fusion-layout-column fusion_builder_column fusion-builder-column-2 fusion_builder_column_1_4 1_4 fusion-one-fourth\" style=\"--awb-bg-size:cover;width:25%;width:calc(25% - ( ( 4% + 4% + 4% ) * 0.25 ) );margin-right: 4%;\"><div class=\"fusion-column-wrapper fusion-flex-column-wrapper-legacy\"><div class=\"fusion-person person fusion-person-left fusion-person-3 fusion-person-icon-top\" style=\"--awb-pic-style-color:#000000;--awb-pic-borderradius:0px;--awb-margin-top:0px;--awb-margin-right:0px;--awb-margin-bottom:0px;--awb-margin-left:0px;\"><div class=\"person-shortcode-image-wrapper imageframe-liftup\"><div class=\"person-image-container dropshadow\" style=\"border:0px solid #f6f6f6;-webkit-box-shadow: 3px 3px 7px rgba(0,0,0,0.3);box-shadow: 3px 3px 7px rgba(0,0,0,0.3);-webkit-border-radius:0px;-moz-border-radius:0px;border-radius:0px;\"><img decoding=\"async\" class=\"person-img img-responsive wp-image-466\" width=\"400\" height=\"600\" src=\"https:\/\/dialinguo.com\/wp-content\/uploads\/2018\/08\/agence-traduction-dialinguo-Jeannie.jpg\" alt=\"Jeannie\" srcset=\"https:\/\/dialinguo.com\/wp-content\/uploads\/2018\/08\/agence-traduction-dialinguo-Jeannie-200x300.jpg 200w, https:\/\/dialinguo.com\/wp-content\/uploads\/2018\/08\/agence-traduction-dialinguo-Jeannie.jpg 400w\" sizes=\"(max-width: 800px) 100vw, 400px\" \/><\/div><\/div><div class=\"person-desc\"><div class=\"person-author\"><div class=\"person-author-wrapper\"><span class=\"person-name\">Jeannie<\/span><span class=\"person-title\">Dialinguo-Gr\u00fcndungsmitglied<\/span><\/div><div class=\"fusion-social-networks\"><div class=\"fusion-social-networks-wrapper\"><a class=\"fusion-social-network-icon fusion-tooltip fusion-linkedin awb-icon-linkedin\" aria-label=\"fusion-linkedin\" href=\"https:\/\/www.linkedin.com\/in\/jeannie-vilquin-rossetti-22a75366\/\" target=\"_blank\" rel=\"noopener noreferrer\" style=\"color:#0077b5;font-size:16px;\" data-placement=\"bottom\" data-title=\"LinkedIn\" title=\"LinkedIn\" data-toggle=\"tooltip\"><\/a><\/div><\/div><\/div><div class=\"person-content fusion-clearfix\">Jeannies Liebe zu Menschen und Umwelt umfasst auch die Worte. \u00c4u\u00dferst detailbewusst findet sie<br \/>\nzu jedem Anlass das richtige Wort.<\/div><\/div><\/div><div class=\"fusion-clearfix\"><\/div><\/div><\/div><div class=\"fusion-layout-column fusion_builder_column fusion-builder-column-3 fusion_builder_column_1_4 1_4 fusion-one-fourth fusion-column-last\" style=\"--awb-bg-size:cover;width:25%;width:calc(25% - ( ( 4% + 4% + 4% ) * 0.25 ) );\"><div class=\"fusion-column-wrapper fusion-flex-column-wrapper-legacy\"><div class=\"fusion-person person fusion-person-left fusion-person-4 fusion-person-icon-top\" style=\"--awb-pic-style-color:#000000;--awb-pic-borderradius:0px;--awb-margin-top:0px;--awb-margin-right:0px;--awb-margin-bottom:0px;--awb-margin-left:0px;\"><div class=\"person-shortcode-image-wrapper imageframe-liftup\"><div class=\"person-image-container dropshadow\" style=\"border:0px solid #f6f6f6;-webkit-box-shadow: 3px 3px 7px rgba(0,0,0,0.3);box-shadow: 3px 3px 7px rgba(0,0,0,0.3);-webkit-border-radius:0px;-moz-border-radius:0px;border-radius:0px;\"><img decoding=\"async\" class=\"person-img img-responsive wp-image-470\" width=\"400\" height=\"600\" src=\"https:\/\/dialinguo.com\/wp-content\/uploads\/2018\/08\/agence-traduction-dialinguo-Celine-Taub.jpg\" alt=\"C\u00e9line\" srcset=\"https:\/\/dialinguo.com\/wp-content\/uploads\/2018\/08\/agence-traduction-dialinguo-Celine-Taub-200x300.jpg 200w, https:\/\/dialinguo.com\/wp-content\/uploads\/2018\/08\/agence-traduction-dialinguo-Celine-Taub.jpg 400w\" sizes=\"(max-width: 800px) 100vw, 400px\" \/><\/div><\/div><div class=\"person-desc\"><div class=\"person-author\"><div class=\"person-author-wrapper\"><span class=\"person-name\">C\u00e9line<\/span><span class=\"person-title\">Dialinguo-Gr\u00fcndungsmitglied<\/span><\/div><div class=\"fusion-social-networks\"><div class=\"fusion-social-networks-wrapper\"><a class=\"fusion-social-network-icon fusion-tooltip fusion-linkedin awb-icon-linkedin\" aria-label=\"fusion-linkedin\" href=\"https:\/\/www.linkedin.com\/in\/c%C3%A9line-taub-58597167\/\" target=\"_blank\" rel=\"noopener noreferrer\" style=\"color:#0077b5;font-size:16px;\" data-placement=\"bottom\" data-title=\"LinkedIn\" title=\"LinkedIn\" data-toggle=\"tooltip\"><\/a><\/div><\/div><\/div><div class=\"person-content fusion-clearfix\">Als reisebegeisterte Weltb\u00fcrgerin wei\u00df C\u00e9line aus ihren mit verschiedensten Kulturen gemachten<br \/>\nErfahrungen zu sch\u00f6pfen, um jeden Text auf seinen Empf\u00e4nger auszurichten.<\/div><\/div><\/div><div class=\"fusion-clearfix\"><\/div><\/div><\/div><\/div><\/div><div class=\"fusion-fullwidth fullwidth-box fusion-builder-row-3 nonhundred-percent-fullwidth non-hundred-percent-height-scrolling\" style=\"--awb-border-radius-top-left:0px;--awb-border-radius-top-right:0px;--awb-border-radius-bottom-right:0px;--awb-border-radius-bottom-left:0px;\" ><div class=\"fusion-builder-row fusion-row\"><div class=\"fusion-layout-column fusion_builder_column fusion-builder-column-4 fusion_builder_column_1_4 1_4 fusion-one-fourth fusion-column-first\" style=\"--awb-bg-size:cover;width:25%;width:calc(25% - ( ( 4% + 4% + 4% ) * 0.25 ) );margin-right: 4%;\"><div class=\"fusion-column-wrapper fusion-flex-column-wrapper-legacy\"><div class=\"fusion-clearfix\"><\/div><\/div><\/div><div class=\"fusion-layout-column fusion_builder_column fusion-builder-column-5 fusion_builder_column_1_4 1_4 fusion-one-fourth\" style=\"--awb-bg-size:cover;width:25%;width:calc(25% - ( ( 4% + 4% + 4% ) * 0.25 ) );margin-right: 4%;\"><div class=\"fusion-column-wrapper fusion-flex-column-wrapper-legacy\"><div class=\"fusion-person person fusion-person-left fusion-person-5 fusion-person-icon-top\" style=\"--awb-pic-style-color:#000000;--awb-pic-borderradius:0px;--awb-margin-top:0px;--awb-margin-right:0px;--awb-margin-bottom:0px;--awb-margin-left:0px;\"><div class=\"person-shortcode-image-wrapper imageframe-liftup\"><div class=\"person-image-container dropshadow\" style=\"border:0px solid #f6f6f6;-webkit-box-shadow: 3px 3px 7px rgba(0,0,0,0.3);box-shadow: 3px 3px 7px rgba(0,0,0,0.3);-webkit-border-radius:0px;-moz-border-radius:0px;border-radius:0px;\"><img decoding=\"async\" class=\"person-img img-responsive wp-image-468\" width=\"400\" height=\"600\" src=\"https:\/\/dialinguo.com\/wp-content\/uploads\/2018\/08\/agence-traduction-dialinguo-Alexandra-pavlovic.jpg\" alt=\"Alexandra\" srcset=\"https:\/\/dialinguo.com\/wp-content\/uploads\/2018\/08\/agence-traduction-dialinguo-Alexandra-pavlovic-200x300.jpg 200w, https:\/\/dialinguo.com\/wp-content\/uploads\/2018\/08\/agence-traduction-dialinguo-Alexandra-pavlovic.jpg 400w\" sizes=\"(max-width: 800px) 100vw, 400px\" \/><\/div><\/div><div class=\"person-desc\"><div class=\"person-author\"><div class=\"person-author-wrapper\"><span class=\"person-name\">Alexandra<\/span><span class=\"person-title\">Fach\u00fcbersetzerin<\/span><\/div><div class=\"fusion-social-networks\"><div class=\"fusion-social-networks-wrapper\"><a class=\"fusion-social-network-icon fusion-tooltip fusion-linkedin awb-icon-linkedin\" aria-label=\"fusion-linkedin\" href=\"https:\/\/www.linkedin.com\/in\/alexandra-pavlovic-500b8a113\/\" target=\"_blank\" rel=\"noopener noreferrer\" style=\"color:#0077b5;font-size:16px;\" data-placement=\"bottom\" data-title=\"LinkedIn\" title=\"LinkedIn\" data-toggle=\"tooltip\"><\/a><\/div><\/div><\/div><div class=\"person-content fusion-clearfix\">Alexandra kann ihre Vorstellungskraft sowohl in ihren Zeichnungen als auch ihren \u00dcbersetzungen<br \/>\nzum Ausdruck bringen. Wo sie Hand anlegt, entstehen aus dem Nichts harmonisch ausgewogene<br \/>\nTexte.<\/div><\/div><\/div><div class=\"fusion-clearfix\"><\/div><\/div><\/div><div class=\"fusion-layout-column fusion_builder_column fusion-builder-column-6 fusion_builder_column_1_4 1_4 fusion-one-fourth\" style=\"--awb-bg-size:cover;width:25%;width:calc(25% - ( ( 4% + 4% + 4% ) * 0.25 ) );margin-right: 4%;\"><div class=\"fusion-column-wrapper fusion-flex-column-wrapper-legacy\"><div class=\"fusion-person person fusion-person-left fusion-person-6 fusion-person-icon-top\" style=\"--awb-pic-style-color:#000000;--awb-pic-borderradius:0px;--awb-margin-top:0px;--awb-margin-right:0px;--awb-margin-bottom:0px;--awb-margin-left:0px;\"><div class=\"person-shortcode-image-wrapper imageframe-liftup\"><div class=\"person-image-container dropshadow\" style=\"border:0px solid #f6f6f6;-webkit-box-shadow: 3px 3px 7px rgba(0,0,0,0.3);box-shadow: 3px 3px 7px rgba(0,0,0,0.3);-webkit-border-radius:0px;-moz-border-radius:0px;border-radius:0px;\"><img decoding=\"async\" class=\"person-img img-responsive wp-image-472\" width=\"400\" height=\"600\" src=\"https:\/\/dialinguo.com\/wp-content\/uploads\/2018\/08\/agence-traduction-dialinguo-Alexandre-Binder.jpg\" alt=\"Alexandre\" srcset=\"https:\/\/dialinguo.com\/wp-content\/uploads\/2018\/08\/agence-traduction-dialinguo-Alexandre-Binder-200x300.jpg 200w, https:\/\/dialinguo.com\/wp-content\/uploads\/2018\/08\/agence-traduction-dialinguo-Alexandre-Binder.jpg 400w\" sizes=\"(max-width: 800px) 100vw, 400px\" \/><\/div><\/div><div class=\"person-desc\"><div class=\"person-author\"><div class=\"person-author-wrapper\"><span class=\"person-name\">Alexandre<\/span><span class=\"person-title\">Fach\u00fcbersetzer<\/span><\/div><div class=\"fusion-social-networks\"><div class=\"fusion-social-networks-wrapper\"><a class=\"fusion-social-network-icon fusion-tooltip fusion-linkedin awb-icon-linkedin\" aria-label=\"fusion-linkedin\" href=\"https:\/\/www.linkedin.com\/in\/alexandre-binder-b0440589\/\" target=\"_blank\" rel=\"noopener noreferrer\" style=\"color:#0077b5;font-size:16px;\" data-placement=\"bottom\" data-title=\"LinkedIn\" title=\"LinkedIn\" data-toggle=\"tooltip\"><\/a><\/div><\/div><\/div><div class=\"person-content fusion-clearfix\">Alexandre nutzt Geschick und Kreativit\u00e4t sowohl beim \u00dcbersetzen als auch bei seiner Leidenschaft<br \/>\nf\u00fcr den Tanz, der er sich zahlreiche Stunden pro Woche hingibt.<\/div><\/div><\/div><div class=\"fusion-clearfix\"><\/div><\/div><\/div><div class=\"fusion-layout-column fusion_builder_column fusion-builder-column-7 fusion_builder_column_1_4 1_4 fusion-one-fourth fusion-column-last\" style=\"--awb-bg-size:cover;width:25%;width:calc(25% - ( ( 4% + 4% + 4% ) * 0.25 ) );\"><div class=\"fusion-column-wrapper fusion-flex-column-wrapper-legacy\"><div class=\"fusion-clearfix\"><\/div><\/div><\/div><\/div><\/div><\/p>\n","protected":false},"excerpt":{"rendered":"","protected":false},"author":1,"featured_media":0,"parent":0,"menu_order":0,"comment_status":"closed","ping_status":"closed","template":"100-width.php","meta":{"_exactmetrics_skip_tracking":false,"_exactmetrics_sitenote_active":false,"_exactmetrics_sitenote_note":"","_exactmetrics_sitenote_category":0,"footnotes":""},"class_list":["post-495","page","type-page","status-publish","hentry"],"yoast_head":"<!-- This site is optimized with the Yoast SEO plugin v24.5 - https:\/\/yoast.com\/wordpress\/plugins\/seo\/ -->\n<title>\u00dcber uns - Dialinguo - Agence de traduction<\/title>\n<meta name=\"robots\" content=\"index, follow, max-snippet:-1, max-image-preview:large, max-video-preview:-1\" \/>\n<link rel=\"canonical\" href=\"https:\/\/dialinguo.com\/de\/im-ubrigen\/\" \/>\n<meta property=\"og:locale\" content=\"de_DE\" \/>\n<meta property=\"og:type\" content=\"article\" \/>\n<meta property=\"og:title\" content=\"\u00dcber uns - Dialinguo - Agence de traduction\" \/>\n<meta property=\"og:url\" content=\"https:\/\/dialinguo.com\/de\/im-ubrigen\/\" \/>\n<meta property=\"og:site_name\" content=\"Dialinguo - Agence de traduction\" \/>\n<meta property=\"article:modified_time\" content=\"2020-10-06T13:03:26+00:00\" \/>\n<meta name=\"twitter:card\" content=\"summary_large_image\" \/>\n<meta name=\"twitter:label1\" content=\"Gesch\u00e4tzte Lesezeit\" \/>\n\t<meta name=\"twitter:data1\" content=\"9\u00a0Minuten\" \/>\n<script type=\"application\/ld+json\" class=\"yoast-schema-graph\">{\"@context\":\"https:\/\/schema.org\",\"@graph\":[{\"@type\":\"WebPage\",\"@id\":\"https:\/\/dialinguo.com\/de\/im-ubrigen\/\",\"url\":\"https:\/\/dialinguo.com\/de\/im-ubrigen\/\",\"name\":\"\u00dcber uns - Dialinguo - Agence de traduction\",\"isPartOf\":{\"@id\":\"https:\/\/dialinguo.com\/#website\"},\"datePublished\":\"2019-05-16T14:23:21+00:00\",\"dateModified\":\"2020-10-06T13:03:26+00:00\",\"breadcrumb\":{\"@id\":\"https:\/\/dialinguo.com\/de\/im-ubrigen\/#breadcrumb\"},\"inLanguage\":\"de\",\"potentialAction\":[{\"@type\":\"ReadAction\",\"target\":[\"https:\/\/dialinguo.com\/de\/im-ubrigen\/\"]}]},{\"@type\":\"BreadcrumbList\",\"@id\":\"https:\/\/dialinguo.com\/de\/im-ubrigen\/#breadcrumb\",\"itemListElement\":[{\"@type\":\"ListItem\",\"position\":1,\"name\":\"Accueil\",\"item\":\"https:\/\/dialinguo.com\/de\/\"},{\"@type\":\"ListItem\",\"position\":2,\"name\":\"\u00dcber uns\"}]},{\"@type\":\"WebSite\",\"@id\":\"https:\/\/dialinguo.com\/#website\",\"url\":\"https:\/\/dialinguo.com\/\",\"name\":\"Dialinguo - Agence de traduction\",\"description\":\"Un m\u00e9tier, une passion : la traduction\",\"potentialAction\":[{\"@type\":\"SearchAction\",\"target\":{\"@type\":\"EntryPoint\",\"urlTemplate\":\"https:\/\/dialinguo.com\/?s={search_term_string}\"},\"query-input\":{\"@type\":\"PropertyValueSpecification\",\"valueRequired\":true,\"valueName\":\"search_term_string\"}}],\"inLanguage\":\"de\"}]}<\/script>\n<!-- \/ Yoast SEO plugin. -->","yoast_head_json":{"title":"\u00dcber uns - Dialinguo - Agence de traduction","robots":{"index":"index","follow":"follow","max-snippet":"max-snippet:-1","max-image-preview":"max-image-preview:large","max-video-preview":"max-video-preview:-1"},"canonical":"https:\/\/dialinguo.com\/de\/im-ubrigen\/","og_locale":"de_DE","og_type":"article","og_title":"\u00dcber uns - Dialinguo - Agence de traduction","og_url":"https:\/\/dialinguo.com\/de\/im-ubrigen\/","og_site_name":"Dialinguo - Agence de traduction","article_modified_time":"2020-10-06T13:03:26+00:00","twitter_card":"summary_large_image","twitter_misc":{"Gesch\u00e4tzte Lesezeit":"9\u00a0Minuten"},"schema":{"@context":"https:\/\/schema.org","@graph":[{"@type":"WebPage","@id":"https:\/\/dialinguo.com\/de\/im-ubrigen\/","url":"https:\/\/dialinguo.com\/de\/im-ubrigen\/","name":"\u00dcber uns - Dialinguo - Agence de traduction","isPartOf":{"@id":"https:\/\/dialinguo.com\/#website"},"datePublished":"2019-05-16T14:23:21+00:00","dateModified":"2020-10-06T13:03:26+00:00","breadcrumb":{"@id":"https:\/\/dialinguo.com\/de\/im-ubrigen\/#breadcrumb"},"inLanguage":"de","potentialAction":[{"@type":"ReadAction","target":["https:\/\/dialinguo.com\/de\/im-ubrigen\/"]}]},{"@type":"BreadcrumbList","@id":"https:\/\/dialinguo.com\/de\/im-ubrigen\/#breadcrumb","itemListElement":[{"@type":"ListItem","position":1,"name":"Accueil","item":"https:\/\/dialinguo.com\/de\/"},{"@type":"ListItem","position":2,"name":"\u00dcber uns"}]},{"@type":"WebSite","@id":"https:\/\/dialinguo.com\/#website","url":"https:\/\/dialinguo.com\/","name":"Dialinguo - Agence de traduction","description":"Un m\u00e9tier, une passion : la traduction","potentialAction":[{"@type":"SearchAction","target":{"@type":"EntryPoint","urlTemplate":"https:\/\/dialinguo.com\/?s={search_term_string}"},"query-input":{"@type":"PropertyValueSpecification","valueRequired":true,"valueName":"search_term_string"}}],"inLanguage":"de"}]}},"_links":{"self":[{"href":"https:\/\/dialinguo.com\/de\/wp-json\/wp\/v2\/pages\/495","targetHints":{"allow":["GET"]}}],"collection":[{"href":"https:\/\/dialinguo.com\/de\/wp-json\/wp\/v2\/pages"}],"about":[{"href":"https:\/\/dialinguo.com\/de\/wp-json\/wp\/v2\/types\/page"}],"author":[{"embeddable":true,"href":"https:\/\/dialinguo.com\/de\/wp-json\/wp\/v2\/users\/1"}],"replies":[{"embeddable":true,"href":"https:\/\/dialinguo.com\/de\/wp-json\/wp\/v2\/comments?post=495"}],"version-history":[{"count":14,"href":"https:\/\/dialinguo.com\/de\/wp-json\/wp\/v2\/pages\/495\/revisions"}],"predecessor-version":[{"id":1215,"href":"https:\/\/dialinguo.com\/de\/wp-json\/wp\/v2\/pages\/495\/revisions\/1215"}],"wp:attachment":[{"href":"https:\/\/dialinguo.com\/de\/wp-json\/wp\/v2\/media?parent=495"}],"curies":[{"name":"wp","href":"https:\/\/api.w.org\/{rel}","templated":true}]}}