{"id":742,"date":"2019-05-20T14:50:34","date_gmt":"2019-05-20T12:50:34","guid":{"rendered":"https:\/\/dialinguo.com\/ubersetzungsburo\/ubersetzung\/"},"modified":"2019-07-08T18:01:29","modified_gmt":"2019-07-08T16:01:29","slug":"ubersetzung","status":"publish","type":"page","link":"https:\/\/dialinguo.com\/de\/ubersetzungsburo\/ubersetzung\/","title":{"rendered":"\u00dcbersetzung"},"content":{"rendered":"<p><div class=\"fusion-fullwidth fullwidth-box fusion-builder-row-1 nonhundred-percent-fullwidth non-hundred-percent-height-scrolling\" style=\"--awb-border-radius-top-left:0px;--awb-border-radius-top-right:0px;--awb-border-radius-bottom-right:0px;--awb-border-radius-bottom-left:0px;\" ><div class=\"fusion-builder-row fusion-row\"><div class=\"fusion-layout-column fusion_builder_column fusion-builder-column-0 fusion_builder_column_4_5 4_5 fusion-four-fifth fusion-column-first\" style=\"--awb-bg-size:cover;width:80%;width:calc(80% - ( ( 4% ) * 0.8 ) );margin-right: 4%;\"><div class=\"fusion-column-wrapper fusion-flex-column-wrapper-legacy\"><div class=\"fusion-text fusion-text-1\"><h2>Die Arbeit des \u00dcbersetzers<\/h2>\n<blockquote>\n<p>Eine \u00dcbersetzung besteht darin, eine Mitteilung in einer anderen Sprache als der urspr\u00fcnglich genutzten wiederzugeben und sich dabei so auszudr\u00fccken, dass der Sinn dieser Mitteilung weitest m\u00f6glich bewahrt wird.<\/p>\n<\/blockquote>\n<p>Meist wird das \u00dcbersetzen als eine eher einfache, von jeder zweisprachigen Person ausf\u00fchrbare Arbeit betrachtet.<\/p>\n<p>In Wirklichkeit erfordert das \u00dcbersetzen h\u00f6chste Sorgfalt und Aufmerksamkeit, da unsere Kunden viele Ihrer Aufgaben nur bei richtiger \u00dcbertragung des Sinns textlicher Inhalte bew\u00e4ltigen k\u00f6nnen. Es gen\u00fcgt nicht, eine Zweitsprache zu sprechen, um seinen Lebensunterhalt als \u00dcbersetzer bestreiten zu k\u00f6nnen. Zwar kann ein jeder in seiner Heimatstadt eine \u00dcbersetzungsagentur er\u00f6ffnen, wohingegen ein Friseur oder B\u00e4cker hierzu eine abgeschlossene Berufsausbildung nachweisen muss. Wir m\u00fcssen deshalb immer wieder erkl\u00e4ren, um was es bei unserer Arbeit geht und welche Qualit\u00e4t von einem abgeschlossenen \u00dcbersetzungsprojekt erwartet wird.<\/p>\n<p>Die \u00dcbersetzung ist eine Dienstleistung, in deren Rahmen dem am st\u00e4rksten f\u00fcr das jeweilige Fachgebiet spezialisierten \u00dcbersetzer ein \u00dcbersetzungsauftrag erteilt wird. In diesem wird:<\/p>\n<ul>\n<li>ein Projekt festgelegt,<\/li>\n<li>das in einer zugestandenen,<\/li>\n<li>Frist und zu einem festgelegten,<\/li>\n<li>Preis zu erledigen ist.<\/li>\n<\/ul>\n<p>Zus\u00e4tzlich zu seinen Sprachkenntnissen muss der gew\u00e4hlte \u00dcbersetzer auch Kompetenzen in dem vom \u00fcbersetzten Text betroffenen Fachgebiet aufweisen.<\/p>\n<h2>Unser Standpunkt bei Dialinguo<\/h2>\n<p>Eine gute \u00dcbersetzung soll sicherstellen, dass eine Mitteilung in der Zielsprache eindeutig verstanden wird. Hierzu muss der \u00dcbersetzer kulturelle, gesch\u00e4ftliche und praktische Aspekte ber\u00fccksichtigen, um genau das richtige Sprachniveau zu finden, das es dem Empf\u00e4nger erlaubt das \u00dcbersetzte in seiner Sprache richtig und sinngem\u00e4\u00df zu verstehen.<\/p>\n<p>Dialinguo hat den Auftrag professionelle \u00dcbersetzungen zu einem nach Textumfang, Spezialisierung des \u00dcbersetzers, Sprache, Thema und Frist festgelegten Preis anzufertigen. Mit Dialinguo finden Sie einen effizienten und zuverl\u00e4ssigen \u00dcbersetzungspartner f\u00fcr zahlreiche mit gro\u00dfem Engagement durchgef\u00fchrte \u00dcbersetzungsprojekte.<\/p>\n<p>Unser \u00dcbersetzerteam verf\u00fcgt auch zur Verwaltung seiner \u00dcbersetzungsauftr\u00e4ge \u00fcber alle n\u00f6tigen Kompetenzen, weshalb unsere Kunden sich hinsichtlich Ablaufs und Ergebnis der Dienstleistung keine Sorgen zu machen brauchen.<\/p>\n<h2>\u00dcbersetzung in die Muttersprache<\/h2>\n<p>Qualit\u00e4tsgerechte \u00dcbersetzungsdienste fordern den Einsatz von \u00dcbersetzern, deren Muttersprache die Zielsprache ist. Nur so kann die ausgelieferte \u00dcbersetzung den vollen Sinn und alle Nuancen des urspr\u00fcnglichen Texts wiedergeben und dem Endbenutzer in voller Klarheit \u00fcbermitteln. Um in diesem Sinne handeln zu k\u00f6nnen, vertraut Dialinguo seinem Team in Frankreich und einem Netz von Partner\u00fcbersetzern.<\/p>\n<p>Unsere Arbeitssprachen sind Englisch, Deutsch und Franz\u00f6sisch. F\u00fcr andere Sprachen greifen wir auf unser Partnernetz zur\u00fcck.<\/p>\n<\/div><div class=\"fusion-image-element in-legacy-container\" style=\"--awb-caption-title-font-family:var(--h2_typography-font-family);--awb-caption-title-font-weight:var(--h2_typography-font-weight);--awb-caption-title-font-style:var(--h2_typography-font-style);--awb-caption-title-size:var(--h2_typography-font-size);--awb-caption-title-transform:var(--h2_typography-text-transform);--awb-caption-title-line-height:var(--h2_typography-line-height);--awb-caption-title-letter-spacing:var(--h2_typography-letter-spacing);\"><span class=\" fusion-imageframe imageframe-none imageframe-1 hover-type-none\" class=\"image-magnify\" class=\"image-scroll\"><img decoding=\"async\" width=\"1900\" height=\"762\" title=\"Dialinguo-team-traduction-expert\" src=\"https:\/\/dialinguo.com\/wp-content\/uploads\/2018\/11\/Dialinguo-team-traduction-expert.jpg\" alt class=\"img-responsive wp-image-480\" srcset=\"https:\/\/dialinguo.com\/wp-content\/uploads\/2018\/11\/Dialinguo-team-traduction-expert-200x80.jpg 200w, https:\/\/dialinguo.com\/wp-content\/uploads\/2018\/11\/Dialinguo-team-traduction-expert-400x160.jpg 400w, https:\/\/dialinguo.com\/wp-content\/uploads\/2018\/11\/Dialinguo-team-traduction-expert-600x241.jpg 600w, https:\/\/dialinguo.com\/wp-content\/uploads\/2018\/11\/Dialinguo-team-traduction-expert-800x321.jpg 800w, https:\/\/dialinguo.com\/wp-content\/uploads\/2018\/11\/Dialinguo-team-traduction-expert-1200x481.jpg 1200w, https:\/\/dialinguo.com\/wp-content\/uploads\/2018\/11\/Dialinguo-team-traduction-expert.jpg 1900w\" sizes=\"(max-width: 800px) 100vw, 1200px\" \/><\/span><\/div><div class=\"fusion-clearfix\"><\/div><\/div><\/div><div class=\"fusion-layout-column fusion_builder_column fusion-builder-column-1 fusion_builder_column_1_5 1_5 fusion-one-fifth fusion-column-last\" style=\"--awb-bg-size:cover;width:20%;width:calc(20% - ( ( 4% ) * 0.2 ) );\"><div class=\"fusion-column-wrapper fusion-flex-column-wrapper-legacy\"><div class=\"fusion-widget-area awb-widget-area-element fusion-widget-area-1 fusion-content-widget-area\" style=\"--awb-title-color:#333333;--awb-padding:0px 0px 0px 0px;\"><style type=\"text\/css\" data-id=\"avada-vertical-menu-widget-2\">#avada-vertical-menu-widget-2 > ul.menu { margin-top: -8px; }<\/style><section id=\"avada-vertical-menu-widget-2\" class=\"widget avada_vertical_menu\"><style>#fusion-vertical-menu-widget-avada-vertical-menu-widget-2-nav ul.menu li a {font-size:14px;}<\/style><nav class=\"fusion-vertical-menu-widget fusion-menu hover left no-border\" id=\"avada-vertical-menu-widget-2-nav\"><ul class=\"menu\"><li><a href=\"https:\/\/dialinguo.com\/domaines-dintervention\/\" title=\"Back to Parent Page\">Domaines d&#8217;intervention<\/a><\/li><\/ul><\/nav><\/section><div class=\"fusion-additional-widget-content\"><\/div><\/div><div class=\"fusion-clearfix\"><\/div><\/div><\/div><\/div><\/div><div class=\"fusion-fullwidth fullwidth-box fusion-builder-row-2 nonhundred-percent-fullwidth non-hundred-percent-height-scrolling\" style=\"--awb-border-radius-top-left:0px;--awb-border-radius-top-right:0px;--awb-border-radius-bottom-right:0px;--awb-border-radius-bottom-left:0px;--awb-padding-top:30px;--awb-padding-bottom:10px;--awb-margin-top:-10px;--awb-margin-bottom:-60px;--awb-background-color:#73b1c0;\" ><div class=\"fusion-builder-row fusion-row\"><div class=\"fusion-layout-column fusion_builder_column fusion-builder-column-2 fusion_builder_column_2_3 2_3 fusion-two-third fusion-column-first\" style=\"--awb-bg-size:cover;width:66.666666666667%;width:calc(66.666666666667% - ( ( 4% ) * 0.66666666666667 ) );margin-right: 4%;\"><div class=\"fusion-column-wrapper fusion-column-has-shadow fusion-flex-column-wrapper-legacy\"><div class=\"fusion-title title fusion-title-1 fusion-sep-none fusion-title-text fusion-title-size-one\"><h1 class=\"title-heading-left\" style=\"margin:0;\"><h2 style=\"color: white; margin-top: 20px;\">Sie haben ein \u00dcbersetzungsprojekt ? Treten Sie noch heute mit uns zu seiner Ausf\u00fchrung inVerbindung.<\/h2><\/h1><\/div><div class=\"fusion-clearfix\"><\/div><\/div><\/div><div class=\"fusion-layout-column fusion_builder_column fusion-builder-column-3 fusion_builder_column_1_3 1_3 fusion-one-third fusion-column-last\" style=\"--awb-bg-size:cover;width:33.333333333333%;width:calc(33.333333333333% - ( ( 4% ) * 0.33333333333333 ) );\"><div class=\"fusion-column-wrapper fusion-flex-column-wrapper-legacy\"><div class=\"fusion-sep-clear\"><\/div><div class=\"fusion-separator fusion-full-width-sep\" style=\"margin-left: auto;margin-right: auto;margin-top:30px;width:100%;\"><\/div><div class=\"fusion-sep-clear\"><\/div><div class=\"fusion-button-wrapper\"><a class=\"fusion-button button-flat fusion-button-default-size button-default fusion-button-default button-1 fusion-button-default-span fusion-button-default-type contact-bouton\" target=\"_self\" href=\"https:\/\/dialinguo.com\/de\/kontakt\/\"><span class=\"fusion-button-text\">kontakt<\/span><\/a><\/div><div class=\"fusion-clearfix\"><\/div><\/div><\/div><\/div><\/div>\n<\/p>\n","protected":false},"excerpt":{"rendered":"","protected":false},"author":1,"featured_media":0,"parent":740,"menu_order":0,"comment_status":"closed","ping_status":"closed","template":"100-width.php","meta":{"_exactmetrics_skip_tracking":false,"_exactmetrics_sitenote_active":false,"_exactmetrics_sitenote_note":"","_exactmetrics_sitenote_category":0,"footnotes":""},"class_list":["post-742","page","type-page","status-publish","hentry"],"yoast_head":"<!-- This site is optimized with the Yoast SEO plugin v24.5 - https:\/\/yoast.com\/wordpress\/plugins\/seo\/ -->\n<title>Traduction avec Dialinguo - Agence de traduction fran\u00e7ais \/ anglais \/ allemand<\/title>\n<meta name=\"description\" content=\"La traduction est un m\u00e9tier qui nous passionne. Contactez l&#039;\u00e9quipe de Dialinguo pour vos projets de traduction au meilleur prix.\" \/>\n<meta name=\"robots\" content=\"index, follow, max-snippet:-1, max-image-preview:large, max-video-preview:-1\" \/>\n<link rel=\"canonical\" href=\"https:\/\/dialinguo.com\/de\/ubersetzungsburo\/ubersetzung\/\" \/>\n<meta property=\"og:locale\" content=\"de_DE\" \/>\n<meta property=\"og:type\" content=\"article\" \/>\n<meta property=\"og:title\" content=\"Traduction avec Dialinguo - Agence de traduction fran\u00e7ais \/ anglais \/ allemand\" \/>\n<meta property=\"og:description\" content=\"La traduction est un m\u00e9tier qui nous passionne. Contactez l&#039;\u00e9quipe de Dialinguo pour vos projets de traduction au meilleur prix.\" \/>\n<meta property=\"og:url\" content=\"https:\/\/dialinguo.com\/de\/ubersetzungsburo\/ubersetzung\/\" \/>\n<meta property=\"og:site_name\" content=\"Dialinguo - Agence de traduction\" \/>\n<meta property=\"article:modified_time\" content=\"2019-07-08T16:01:29+00:00\" \/>\n<meta name=\"twitter:card\" content=\"summary_large_image\" \/>\n<meta name=\"twitter:label1\" content=\"Gesch\u00e4tzte Lesezeit\" \/>\n\t<meta name=\"twitter:data1\" content=\"4\u00a0Minuten\" \/>\n<script type=\"application\/ld+json\" class=\"yoast-schema-graph\">{\"@context\":\"https:\/\/schema.org\",\"@graph\":[{\"@type\":\"WebPage\",\"@id\":\"https:\/\/dialinguo.com\/de\/ubersetzungsburo\/ubersetzung\/\",\"url\":\"https:\/\/dialinguo.com\/de\/ubersetzungsburo\/ubersetzung\/\",\"name\":\"Traduction avec Dialinguo - Agence de traduction fran\u00e7ais \/ anglais \/ allemand\",\"isPartOf\":{\"@id\":\"https:\/\/dialinguo.com\/#website\"},\"datePublished\":\"2019-05-20T12:50:34+00:00\",\"dateModified\":\"2019-07-08T16:01:29+00:00\",\"description\":\"La traduction est un m\u00e9tier qui nous passionne. Contactez l'\u00e9quipe de Dialinguo pour vos projets de traduction au meilleur prix.\",\"breadcrumb\":{\"@id\":\"https:\/\/dialinguo.com\/de\/ubersetzungsburo\/ubersetzung\/#breadcrumb\"},\"inLanguage\":\"de\",\"potentialAction\":[{\"@type\":\"ReadAction\",\"target\":[\"https:\/\/dialinguo.com\/de\/ubersetzungsburo\/ubersetzung\/\"]}]},{\"@type\":\"BreadcrumbList\",\"@id\":\"https:\/\/dialinguo.com\/de\/ubersetzungsburo\/ubersetzung\/#breadcrumb\",\"itemListElement\":[{\"@type\":\"ListItem\",\"position\":1,\"name\":\"Accueil\",\"item\":\"https:\/\/dialinguo.com\/de\/\"},{\"@type\":\"ListItem\",\"position\":2,\"name\":\"\u00dcbersetzungsb\u00fcro\",\"item\":\"https:\/\/dialinguo.com\/de\/ubersetzungsburo\/\"},{\"@type\":\"ListItem\",\"position\":3,\"name\":\"\u00dcbersetzung\"}]},{\"@type\":\"WebSite\",\"@id\":\"https:\/\/dialinguo.com\/#website\",\"url\":\"https:\/\/dialinguo.com\/\",\"name\":\"Dialinguo - Agence de traduction\",\"description\":\"Un m\u00e9tier, une passion : la traduction\",\"potentialAction\":[{\"@type\":\"SearchAction\",\"target\":{\"@type\":\"EntryPoint\",\"urlTemplate\":\"https:\/\/dialinguo.com\/?s={search_term_string}\"},\"query-input\":{\"@type\":\"PropertyValueSpecification\",\"valueRequired\":true,\"valueName\":\"search_term_string\"}}],\"inLanguage\":\"de\"}]}<\/script>\n<!-- \/ Yoast SEO plugin. -->","yoast_head_json":{"title":"Traduction avec Dialinguo - Agence de traduction fran\u00e7ais \/ anglais \/ allemand","description":"La traduction est un m\u00e9tier qui nous passionne. Contactez l'\u00e9quipe de Dialinguo pour vos projets de traduction au meilleur prix.","robots":{"index":"index","follow":"follow","max-snippet":"max-snippet:-1","max-image-preview":"max-image-preview:large","max-video-preview":"max-video-preview:-1"},"canonical":"https:\/\/dialinguo.com\/de\/ubersetzungsburo\/ubersetzung\/","og_locale":"de_DE","og_type":"article","og_title":"Traduction avec Dialinguo - Agence de traduction fran\u00e7ais \/ anglais \/ allemand","og_description":"La traduction est un m\u00e9tier qui nous passionne. Contactez l'\u00e9quipe de Dialinguo pour vos projets de traduction au meilleur prix.","og_url":"https:\/\/dialinguo.com\/de\/ubersetzungsburo\/ubersetzung\/","og_site_name":"Dialinguo - Agence de traduction","article_modified_time":"2019-07-08T16:01:29+00:00","twitter_card":"summary_large_image","twitter_misc":{"Gesch\u00e4tzte Lesezeit":"4\u00a0Minuten"},"schema":{"@context":"https:\/\/schema.org","@graph":[{"@type":"WebPage","@id":"https:\/\/dialinguo.com\/de\/ubersetzungsburo\/ubersetzung\/","url":"https:\/\/dialinguo.com\/de\/ubersetzungsburo\/ubersetzung\/","name":"Traduction avec Dialinguo - Agence de traduction fran\u00e7ais \/ anglais \/ allemand","isPartOf":{"@id":"https:\/\/dialinguo.com\/#website"},"datePublished":"2019-05-20T12:50:34+00:00","dateModified":"2019-07-08T16:01:29+00:00","description":"La traduction est un m\u00e9tier qui nous passionne. Contactez l'\u00e9quipe de Dialinguo pour vos projets de traduction au meilleur prix.","breadcrumb":{"@id":"https:\/\/dialinguo.com\/de\/ubersetzungsburo\/ubersetzung\/#breadcrumb"},"inLanguage":"de","potentialAction":[{"@type":"ReadAction","target":["https:\/\/dialinguo.com\/de\/ubersetzungsburo\/ubersetzung\/"]}]},{"@type":"BreadcrumbList","@id":"https:\/\/dialinguo.com\/de\/ubersetzungsburo\/ubersetzung\/#breadcrumb","itemListElement":[{"@type":"ListItem","position":1,"name":"Accueil","item":"https:\/\/dialinguo.com\/de\/"},{"@type":"ListItem","position":2,"name":"\u00dcbersetzungsb\u00fcro","item":"https:\/\/dialinguo.com\/de\/ubersetzungsburo\/"},{"@type":"ListItem","position":3,"name":"\u00dcbersetzung"}]},{"@type":"WebSite","@id":"https:\/\/dialinguo.com\/#website","url":"https:\/\/dialinguo.com\/","name":"Dialinguo - Agence de traduction","description":"Un m\u00e9tier, une passion : la traduction","potentialAction":[{"@type":"SearchAction","target":{"@type":"EntryPoint","urlTemplate":"https:\/\/dialinguo.com\/?s={search_term_string}"},"query-input":{"@type":"PropertyValueSpecification","valueRequired":true,"valueName":"search_term_string"}}],"inLanguage":"de"}]}},"_links":{"self":[{"href":"https:\/\/dialinguo.com\/de\/wp-json\/wp\/v2\/pages\/742","targetHints":{"allow":["GET"]}}],"collection":[{"href":"https:\/\/dialinguo.com\/de\/wp-json\/wp\/v2\/pages"}],"about":[{"href":"https:\/\/dialinguo.com\/de\/wp-json\/wp\/v2\/types\/page"}],"author":[{"embeddable":true,"href":"https:\/\/dialinguo.com\/de\/wp-json\/wp\/v2\/users\/1"}],"replies":[{"embeddable":true,"href":"https:\/\/dialinguo.com\/de\/wp-json\/wp\/v2\/comments?post=742"}],"version-history":[{"count":22,"href":"https:\/\/dialinguo.com\/de\/wp-json\/wp\/v2\/pages\/742\/revisions"}],"predecessor-version":[{"id":1068,"href":"https:\/\/dialinguo.com\/de\/wp-json\/wp\/v2\/pages\/742\/revisions\/1068"}],"up":[{"embeddable":true,"href":"https:\/\/dialinguo.com\/de\/wp-json\/wp\/v2\/pages\/740"}],"wp:attachment":[{"href":"https:\/\/dialinguo.com\/de\/wp-json\/wp\/v2\/media?parent=742"}],"curies":[{"name":"wp","href":"https:\/\/api.w.org\/{rel}","templated":true}]}}