{"id":748,"date":"2019-05-20T15:05:27","date_gmt":"2019-05-20T13:05:27","guid":{"rendered":"https:\/\/dialinguo.com\/ubersetzungsburo\/revision-korrekturlesen\/"},"modified":"2019-07-08T18:06:00","modified_gmt":"2019-07-08T16:06:00","slug":"revision-korrekturlesen","status":"publish","type":"page","link":"https:\/\/dialinguo.com\/de\/ubersetzungsburo\/revision-korrekturlesen\/","title":{"rendered":"Revision \/ Korrekturlesen"},"content":{"rendered":"<p><div class=\"fusion-fullwidth fullwidth-box fusion-builder-row-1 nonhundred-percent-fullwidth non-hundred-percent-height-scrolling\" style=\"--awb-border-radius-top-left:0px;--awb-border-radius-top-right:0px;--awb-border-radius-bottom-right:0px;--awb-border-radius-bottom-left:0px;\" ><div class=\"fusion-builder-row fusion-row\"><div class=\"fusion-layout-column fusion_builder_column fusion-builder-column-0 fusion_builder_column_4_5 4_5 fusion-four-fifth fusion-column-first\" style=\"--awb-bg-size:cover;width:80%;width:calc(80% - ( ( 4% ) * 0.8 ) );margin-right: 4%;\"><div class=\"fusion-column-wrapper fusion-flex-column-wrapper-legacy\"><div class=\"fusion-text fusion-text-1\"><h2>Unterschied zwischen Revision und Korrekturlesen<\/h2>\n<p>Teil der \u00dcbersetzungsarbeit sind auch die Revision (\u00dcberpr\u00fcfen und \u00dcberarbeiten) und das Korrekturlesen des fertigen Texts. Wir haben bei Dialinguo festgestellt, dass vielen Personen der Unterschied zwischen Revision und Korrekturlesen unklar ist.<\/p>\n<blockquote>\n<p>Zur \u00dcberpr\u00fcfung wird eine \u00dcbersetzung mit dem Ausgangstext verglichen, um sicherzustellen, dass dessen Sinn bewahrt worden ist. Hingegen wird beim Korrekturlesen nur die grammatikalische und orthografische Richtigkeit des \u00fcbersetzten Texts gepr\u00fcft, unter Au\u00dferachtlassung seines Sinns. Zur Sicherung der Qualit\u00e4t der \u00dcbersetzung sind beide Schritte von Bedeutung<\/p>\n<\/blockquote>\n<p>Bei <strong>Dialinguo<\/strong> unterscheiden wir nicht nur zwischen Revision und Korrekturlesen, sondern f\u00fchren diese Schritte auch in der richtigen Reihenfolge durch. Sie k\u00f6nnen nacheinander und von verschiedenen Personen erledigt werden, die nicht \u00fcber gleiche Kompetenzen verf\u00fcgen und auch innerhalb der <strong>\u00dcbersetzungsagentur<\/strong> verschiedene Aufgaben \u00fcbernehmen.<\/p>\n<h2>Revision<\/h2>\n<p>Bei der Revision wird ein Dokument in stilistischer und sprachlicher Hinsicht \u00fcberpr\u00fcft. Im Gegensatz zum Korrekturlesen werden dabei nicht nur Rechtschreibe- und Grammatikfehler korrigiert, sondern der Text wird in seiner Gesamtheit verbessert. Der seinem Nutzer zu vermittelnde Sinn wird dabei ber\u00fccksichtigt, was letztlich der Kern jeglicher \u00dcbersetzungsarbeit ist.<\/p>\n<p>Das Dialinguo-Team bem\u00fcht sich um Umformulierung langer, komplizierter S\u00e4tze, ersetzt umgangssprachliche Ausdr\u00fccke, entfernt Wiederholungen und verbessert schwerf\u00e4llige Formulierungen. In gewissen F\u00e4llen m\u00fcssen Untersuchungen gef\u00fchrt werden, um Abschnitte zwecks besserer Verst\u00e4ndlichkeit erg\u00e4nzen zu k\u00f6nnen.<\/p>\n<p>Der Revisor kann zur optimalen Kl\u00e4rung der zu vermittelnden Ideen den Stil des Ausgangstexts \u00e4ndern, um dem Leser der \u00dcbersetzung ein m\u00f6glichst klares Verst\u00e4ndnis zu vermitteln. Er muss hierbei jedoch unbedingt darauf achten, dass der Sinn des Textes vollst\u00e4ndig \u00fcbertragen wird.<\/p>\n<h2>Korrekturlesen, Achten auf Tippfehler<\/h2>\n<p>Beim Korrekturlesen eines \u00dcbersetzungsprojekts werden Rechtschreibung, Grammatik und Schriftart gepr\u00fcft und korrigiert. Es handelt sich hier um den abschlie\u00dfenden Schritt jeden Projekts vor dessen Abgabe oder Ausdruck. Zur Gew\u00e4hrleistung absoluter Vollst\u00e4ndigkeit sollte der Text von vier Augen \u00fcberpr\u00fcft, das hei\u00dft, nacheinander von zwei \u00dcbersetzern durchgelesen werden.<\/p>\n<p>Beim Korrekturlesen werden folgende Punkte mit besonderer Aufmerksamkeit behandelt:<\/p>\n<ul>\n<li>Rechtschreibung,<\/li>\n<li>Behebung von Grammatikfehlern,<\/li>\n<li>Setzen von Satzzeichen,<\/li>\n<li>einheitlicher Schriftsatz,<\/li>\n<li>Typografie (Anf\u00fchrungszeichen, Apostroph, Bindestriche, Abs\u00e4tze usw.).<\/li>\n<\/ul>\n<p>Der Korrekturleser ist mit allen Einzelheiten der Richtlinien zur Gestaltung von Druckerzeugungen vertraut. Er kennt alle Rechtschreibe- und Grammatikregeln einer Sprache, wei\u00df alle Satzzeichen richtig zu setzen und hat \u00dcbung im Erkennen von Fehlern im Text. Seine Rolle ist f\u00fcr jedes \u00dcbersetzungsprojekt von gro\u00dfer Bedeutung, da leicht erkennbare Fehler die Glaubw\u00fcrdigkeit der \u00dcbersetzungsagentur und letztlich auch die ihres Kunden beeintr\u00e4chtigen.<\/p>\n<p><strong>Dialinguo<\/strong> kann Revision und Korrekturlesen gemeinsam mit der \u00dcbersetzung oder von dieser getrennt anbieten.<\/p>\n<\/div><div class=\"fusion-image-element in-legacy-container\" style=\"--awb-caption-title-font-family:var(--h2_typography-font-family);--awb-caption-title-font-weight:var(--h2_typography-font-weight);--awb-caption-title-font-style:var(--h2_typography-font-style);--awb-caption-title-size:var(--h2_typography-font-size);--awb-caption-title-transform:var(--h2_typography-text-transform);--awb-caption-title-line-height:var(--h2_typography-line-height);--awb-caption-title-letter-spacing:var(--h2_typography-letter-spacing);\"><span class=\" fusion-imageframe imageframe-none imageframe-1 hover-type-none\" class=\"image-magnify\" class=\"image-scroll\"><img decoding=\"async\" width=\"1900\" height=\"762\" title=\"Dialinguo-team-traduction-expert\" src=\"https:\/\/dialinguo.com\/wp-content\/uploads\/2018\/11\/Dialinguo-team-traduction-expert.jpg\" alt class=\"img-responsive wp-image-480\" srcset=\"https:\/\/dialinguo.com\/wp-content\/uploads\/2018\/11\/Dialinguo-team-traduction-expert-200x80.jpg 200w, https:\/\/dialinguo.com\/wp-content\/uploads\/2018\/11\/Dialinguo-team-traduction-expert-400x160.jpg 400w, https:\/\/dialinguo.com\/wp-content\/uploads\/2018\/11\/Dialinguo-team-traduction-expert-600x241.jpg 600w, https:\/\/dialinguo.com\/wp-content\/uploads\/2018\/11\/Dialinguo-team-traduction-expert-800x321.jpg 800w, https:\/\/dialinguo.com\/wp-content\/uploads\/2018\/11\/Dialinguo-team-traduction-expert-1200x481.jpg 1200w, https:\/\/dialinguo.com\/wp-content\/uploads\/2018\/11\/Dialinguo-team-traduction-expert.jpg 1900w\" sizes=\"(max-width: 800px) 100vw, 1200px\" \/><\/span><\/div><div class=\"fusion-clearfix\"><\/div><\/div><\/div><div class=\"fusion-layout-column fusion_builder_column fusion-builder-column-1 fusion_builder_column_1_5 1_5 fusion-one-fifth fusion-column-last\" style=\"--awb-bg-size:cover;width:20%;width:calc(20% - ( ( 4% ) * 0.2 ) );\"><div class=\"fusion-column-wrapper fusion-flex-column-wrapper-legacy\"><div class=\"fusion-widget-area awb-widget-area-element fusion-widget-area-1 fusion-content-widget-area\" style=\"--awb-title-color:#333333;--awb-padding:0px 0px 0px 0px;\"><style type=\"text\/css\" data-id=\"avada-vertical-menu-widget-2\">#avada-vertical-menu-widget-2 > ul.menu { margin-top: -8px; }<\/style><section id=\"avada-vertical-menu-widget-2\" class=\"widget avada_vertical_menu\"><style>#fusion-vertical-menu-widget-avada-vertical-menu-widget-2-nav ul.menu li a {font-size:14px;}<\/style><nav class=\"fusion-vertical-menu-widget fusion-menu hover left no-border\" id=\"avada-vertical-menu-widget-2-nav\"><ul class=\"menu\"><li><a href=\"https:\/\/dialinguo.com\/domaines-dintervention\/\" title=\"Back to Parent Page\">Domaines d&#8217;intervention<\/a><\/li><\/ul><\/nav><\/section><div class=\"fusion-additional-widget-content\"><\/div><\/div><div class=\"fusion-clearfix\"><\/div><\/div><\/div><\/div><\/div><div class=\"fusion-fullwidth fullwidth-box fusion-builder-row-2 nonhundred-percent-fullwidth non-hundred-percent-height-scrolling\" style=\"--awb-border-radius-top-left:0px;--awb-border-radius-top-right:0px;--awb-border-radius-bottom-right:0px;--awb-border-radius-bottom-left:0px;--awb-padding-top:30px;--awb-padding-bottom:10px;--awb-margin-top:-10px;--awb-margin-bottom:-60px;--awb-background-color:#73b1c0;\" ><div class=\"fusion-builder-row fusion-row\"><div class=\"fusion-layout-column fusion_builder_column fusion-builder-column-2 fusion_builder_column_2_3 2_3 fusion-two-third fusion-column-first\" style=\"--awb-bg-size:cover;width:66.666666666667%;width:calc(66.666666666667% - ( ( 4% ) * 0.66666666666667 ) );margin-right: 4%;\"><div class=\"fusion-column-wrapper fusion-column-has-shadow fusion-flex-column-wrapper-legacy\"><div class=\"fusion-title title fusion-title-1 fusion-sep-none fusion-title-text fusion-title-size-one\"><h1 class=\"title-heading-left\" style=\"margin:0;\"><h2 style=\"color: white; margin-top: 20px;\">Sie haben ein \u00dcbersetzungsprojekt ? Treten Sie noch heute mit uns zu seiner Ausf\u00fchrung inVerbindung.<\/h2><\/h1><\/div><div class=\"fusion-clearfix\"><\/div><\/div><\/div><div class=\"fusion-layout-column fusion_builder_column fusion-builder-column-3 fusion_builder_column_1_3 1_3 fusion-one-third fusion-column-last\" style=\"--awb-bg-size:cover;width:33.333333333333%;width:calc(33.333333333333% - ( ( 4% ) * 0.33333333333333 ) );\"><div class=\"fusion-column-wrapper fusion-flex-column-wrapper-legacy\"><div class=\"fusion-sep-clear\"><\/div><div class=\"fusion-separator fusion-full-width-sep\" style=\"margin-left: auto;margin-right: auto;margin-top:30px;width:100%;\"><\/div><div class=\"fusion-sep-clear\"><\/div><div class=\"fusion-button-wrapper\"><a class=\"fusion-button button-flat fusion-button-default-size button-default fusion-button-default button-1 fusion-button-default-span fusion-button-default-type contact-bouton\" target=\"_self\" href=\"https:\/\/dialinguo.com\/de\/kontakt\/\"><span class=\"fusion-button-text\">kontakt<\/span><\/a><\/div><div class=\"fusion-clearfix\"><\/div><\/div><\/div><\/div><\/div>\n<\/p>\n","protected":false},"excerpt":{"rendered":"","protected":false},"author":1,"featured_media":0,"parent":740,"menu_order":0,"comment_status":"closed","ping_status":"closed","template":"100-width.php","meta":{"_exactmetrics_skip_tracking":false,"_exactmetrics_sitenote_active":false,"_exactmetrics_sitenote_note":"","_exactmetrics_sitenote_category":0,"footnotes":""},"class_list":["post-748","page","type-page","status-publish","hentry"],"yoast_head":"<!-- This site is optimized with the Yoast SEO plugin v24.5 - https:\/\/yoast.com\/wordpress\/plugins\/seo\/ -->\n<title>R\u00e9vision et relecture en traduction - Dialinguo - Votre agence de traduction<\/title>\n<meta name=\"description\" content=\"La r\u00e9vision et la relecture en traduction son deux \u00e9tapes importantes - Dialinguo vous accompagne dans votre projet pour un rendu \u00e0 la hauteur !\" \/>\n<meta name=\"robots\" content=\"index, follow, max-snippet:-1, max-image-preview:large, max-video-preview:-1\" \/>\n<link rel=\"canonical\" href=\"https:\/\/dialinguo.com\/de\/ubersetzungsburo\/revision-korrekturlesen\/\" \/>\n<meta property=\"og:locale\" content=\"de_DE\" \/>\n<meta property=\"og:type\" content=\"article\" \/>\n<meta property=\"og:title\" content=\"R\u00e9vision et relecture en traduction - Dialinguo - Votre agence de traduction\" \/>\n<meta property=\"og:description\" content=\"La r\u00e9vision et la relecture en traduction son deux \u00e9tapes importantes - Dialinguo vous accompagne dans votre projet pour un rendu \u00e0 la hauteur !\" \/>\n<meta property=\"og:url\" content=\"https:\/\/dialinguo.com\/de\/ubersetzungsburo\/revision-korrekturlesen\/\" \/>\n<meta property=\"og:site_name\" content=\"Dialinguo - Agence de traduction\" \/>\n<meta property=\"article:modified_time\" content=\"2019-07-08T16:06:00+00:00\" \/>\n<meta name=\"twitter:card\" content=\"summary_large_image\" \/>\n<meta name=\"twitter:label1\" content=\"Gesch\u00e4tzte Lesezeit\" \/>\n\t<meta name=\"twitter:data1\" content=\"4\u00a0Minuten\" \/>\n<script type=\"application\/ld+json\" class=\"yoast-schema-graph\">{\"@context\":\"https:\/\/schema.org\",\"@graph\":[{\"@type\":\"WebPage\",\"@id\":\"https:\/\/dialinguo.com\/de\/ubersetzungsburo\/revision-korrekturlesen\/\",\"url\":\"https:\/\/dialinguo.com\/de\/ubersetzungsburo\/revision-korrekturlesen\/\",\"name\":\"R\u00e9vision et relecture en traduction - Dialinguo - Votre agence de traduction\",\"isPartOf\":{\"@id\":\"https:\/\/dialinguo.com\/#website\"},\"datePublished\":\"2019-05-20T13:05:27+00:00\",\"dateModified\":\"2019-07-08T16:06:00+00:00\",\"description\":\"La r\u00e9vision et la relecture en traduction son deux \u00e9tapes importantes - Dialinguo vous accompagne dans votre projet pour un rendu \u00e0 la hauteur !\",\"breadcrumb\":{\"@id\":\"https:\/\/dialinguo.com\/de\/ubersetzungsburo\/revision-korrekturlesen\/#breadcrumb\"},\"inLanguage\":\"de\",\"potentialAction\":[{\"@type\":\"ReadAction\",\"target\":[\"https:\/\/dialinguo.com\/de\/ubersetzungsburo\/revision-korrekturlesen\/\"]}]},{\"@type\":\"BreadcrumbList\",\"@id\":\"https:\/\/dialinguo.com\/de\/ubersetzungsburo\/revision-korrekturlesen\/#breadcrumb\",\"itemListElement\":[{\"@type\":\"ListItem\",\"position\":1,\"name\":\"Accueil\",\"item\":\"https:\/\/dialinguo.com\/de\/\"},{\"@type\":\"ListItem\",\"position\":2,\"name\":\"\u00dcbersetzungsb\u00fcro\",\"item\":\"https:\/\/dialinguo.com\/de\/ubersetzungsburo\/\"},{\"@type\":\"ListItem\",\"position\":3,\"name\":\"Revision \/ Korrekturlesen\"}]},{\"@type\":\"WebSite\",\"@id\":\"https:\/\/dialinguo.com\/#website\",\"url\":\"https:\/\/dialinguo.com\/\",\"name\":\"Dialinguo - Agence de traduction\",\"description\":\"Un m\u00e9tier, une passion : la traduction\",\"potentialAction\":[{\"@type\":\"SearchAction\",\"target\":{\"@type\":\"EntryPoint\",\"urlTemplate\":\"https:\/\/dialinguo.com\/?s={search_term_string}\"},\"query-input\":{\"@type\":\"PropertyValueSpecification\",\"valueRequired\":true,\"valueName\":\"search_term_string\"}}],\"inLanguage\":\"de\"}]}<\/script>\n<!-- \/ Yoast SEO plugin. -->","yoast_head_json":{"title":"R\u00e9vision et relecture en traduction - Dialinguo - Votre agence de traduction","description":"La r\u00e9vision et la relecture en traduction son deux \u00e9tapes importantes - Dialinguo vous accompagne dans votre projet pour un rendu \u00e0 la hauteur !","robots":{"index":"index","follow":"follow","max-snippet":"max-snippet:-1","max-image-preview":"max-image-preview:large","max-video-preview":"max-video-preview:-1"},"canonical":"https:\/\/dialinguo.com\/de\/ubersetzungsburo\/revision-korrekturlesen\/","og_locale":"de_DE","og_type":"article","og_title":"R\u00e9vision et relecture en traduction - Dialinguo - Votre agence de traduction","og_description":"La r\u00e9vision et la relecture en traduction son deux \u00e9tapes importantes - Dialinguo vous accompagne dans votre projet pour un rendu \u00e0 la hauteur !","og_url":"https:\/\/dialinguo.com\/de\/ubersetzungsburo\/revision-korrekturlesen\/","og_site_name":"Dialinguo - Agence de traduction","article_modified_time":"2019-07-08T16:06:00+00:00","twitter_card":"summary_large_image","twitter_misc":{"Gesch\u00e4tzte Lesezeit":"4\u00a0Minuten"},"schema":{"@context":"https:\/\/schema.org","@graph":[{"@type":"WebPage","@id":"https:\/\/dialinguo.com\/de\/ubersetzungsburo\/revision-korrekturlesen\/","url":"https:\/\/dialinguo.com\/de\/ubersetzungsburo\/revision-korrekturlesen\/","name":"R\u00e9vision et relecture en traduction - Dialinguo - Votre agence de traduction","isPartOf":{"@id":"https:\/\/dialinguo.com\/#website"},"datePublished":"2019-05-20T13:05:27+00:00","dateModified":"2019-07-08T16:06:00+00:00","description":"La r\u00e9vision et la relecture en traduction son deux \u00e9tapes importantes - Dialinguo vous accompagne dans votre projet pour un rendu \u00e0 la hauteur !","breadcrumb":{"@id":"https:\/\/dialinguo.com\/de\/ubersetzungsburo\/revision-korrekturlesen\/#breadcrumb"},"inLanguage":"de","potentialAction":[{"@type":"ReadAction","target":["https:\/\/dialinguo.com\/de\/ubersetzungsburo\/revision-korrekturlesen\/"]}]},{"@type":"BreadcrumbList","@id":"https:\/\/dialinguo.com\/de\/ubersetzungsburo\/revision-korrekturlesen\/#breadcrumb","itemListElement":[{"@type":"ListItem","position":1,"name":"Accueil","item":"https:\/\/dialinguo.com\/de\/"},{"@type":"ListItem","position":2,"name":"\u00dcbersetzungsb\u00fcro","item":"https:\/\/dialinguo.com\/de\/ubersetzungsburo\/"},{"@type":"ListItem","position":3,"name":"Revision \/ Korrekturlesen"}]},{"@type":"WebSite","@id":"https:\/\/dialinguo.com\/#website","url":"https:\/\/dialinguo.com\/","name":"Dialinguo - Agence de traduction","description":"Un m\u00e9tier, une passion : la traduction","potentialAction":[{"@type":"SearchAction","target":{"@type":"EntryPoint","urlTemplate":"https:\/\/dialinguo.com\/?s={search_term_string}"},"query-input":{"@type":"PropertyValueSpecification","valueRequired":true,"valueName":"search_term_string"}}],"inLanguage":"de"}]}},"_links":{"self":[{"href":"https:\/\/dialinguo.com\/de\/wp-json\/wp\/v2\/pages\/748","targetHints":{"allow":["GET"]}}],"collection":[{"href":"https:\/\/dialinguo.com\/de\/wp-json\/wp\/v2\/pages"}],"about":[{"href":"https:\/\/dialinguo.com\/de\/wp-json\/wp\/v2\/types\/page"}],"author":[{"embeddable":true,"href":"https:\/\/dialinguo.com\/de\/wp-json\/wp\/v2\/users\/1"}],"replies":[{"embeddable":true,"href":"https:\/\/dialinguo.com\/de\/wp-json\/wp\/v2\/comments?post=748"}],"version-history":[{"count":15,"href":"https:\/\/dialinguo.com\/de\/wp-json\/wp\/v2\/pages\/748\/revisions"}],"predecessor-version":[{"id":1076,"href":"https:\/\/dialinguo.com\/de\/wp-json\/wp\/v2\/pages\/748\/revisions\/1076"}],"up":[{"embeddable":true,"href":"https:\/\/dialinguo.com\/de\/wp-json\/wp\/v2\/pages\/740"}],"wp:attachment":[{"href":"https:\/\/dialinguo.com\/de\/wp-json\/wp\/v2\/media?parent=748"}],"curies":[{"name":"wp","href":"https:\/\/api.w.org\/{rel}","templated":true}]}}