{"id":760,"date":"2019-05-20T15:33:13","date_gmt":"2019-05-20T13:33:13","guid":{"rendered":"https:\/\/dialinguo.com\/ubersetzungsburo\/dolmetschen\/"},"modified":"2019-07-08T18:14:30","modified_gmt":"2019-07-08T16:14:30","slug":"dolmetschen","status":"publish","type":"page","link":"https:\/\/dialinguo.com\/de\/ubersetzungsburo\/dolmetschen\/","title":{"rendered":"Dolmetschen"},"content":{"rendered":"<p><div class=\"fusion-fullwidth fullwidth-box fusion-builder-row-1 nonhundred-percent-fullwidth non-hundred-percent-height-scrolling\" style=\"--awb-border-radius-top-left:0px;--awb-border-radius-top-right:0px;--awb-border-radius-bottom-right:0px;--awb-border-radius-bottom-left:0px;\" ><div class=\"fusion-builder-row fusion-row\"><div class=\"fusion-layout-column fusion_builder_column fusion-builder-column-0 fusion_builder_column_4_5 4_5 fusion-four-fifth fusion-column-first\" style=\"--awb-bg-size:cover;width:80%;width:calc(80% - ( ( 4% ) * 0.8 ) );margin-right: 4%;\"><div class=\"fusion-column-wrapper fusion-flex-column-wrapper-legacy\"><div class=\"fusion-text fusion-text-1\"><h2>Dolmetscherdienste durch Dialinguo<\/h2>\n<blockquote>\n<p>Beim Dolmetschen wird eine m\u00fcndliche Mitteilung von einer Sprache in eine andere \u00fcbertragen. Es kann als m\u00fcndliche \u00dcbersetzung betrachtet werden.<\/p>\n<\/blockquote>\n<p>Es gibt mehrere Typen des Dolmetschens. Viel Kompetenz und Erfahrung wird zum Simultandolmetschen ben\u00f6tigt, f\u00fcr das insbesondere bei Konferenzen ein hoher Bedarf besteht, und wof\u00fcr die n\u00f6tige Ausr\u00fcstung vorhanden sein muss (Kabinen, Kopfh\u00f6rer und Headsets). Konsekutivdolmetschen wird bei kleinen Teams und Verhandlungsdolmetschen bei Gesch\u00e4ftsverhandlungen angewendet. Beim Fl\u00fcsterdolmetschen fl\u00fcstert der Dolmetscher simultan in das Ohr einer Person.<\/p>\n<p>Das Dolmetschen bleibt von der \u00d6ffentlichkeit meist unbemerkt, wird jedoch besonders von Unternehmen, die Auftr\u00e4ge in oder aus Nachbarl\u00e4ndern \u00fcbernehmen, stark genutzt. Es erlaubt direkte N\u00e4he der sich \u00fcber den Dolmetscher verst\u00e4ndigenden Partner und macht die Kommunikation bei Veranstaltungen, Besuchen und Gesch\u00e4ftsbeziehungen wesentlich angenehmer. Unternehmen, die Erfolge auf ausl\u00e4ndischen M\u00e4rkten suchen,<\/p>\n<ul>\n<li>m\u00fcssen die Gegenpartei verstehen,<\/li>\n<li>m\u00fcssen der Gegenpartei Mitteilungen machen k\u00f6nnen.<\/li>\n<\/ul>\n<p>Das Dolmetschen optimiert und erleichtert Meinungsaustausche, da es die Sprachbarriere verschwinden l\u00e4sst. Die Nutzung dieser Dienstleistung erleichtert das Aushandeln von Partnerschaften und den Abschluss von Vertr\u00e4gen, da Missverst\u00e4ndnisse vermieden werden.<\/p>\n<h2>Konsekutivdolmetschen<\/h2>\n<p>Beim Konsekutivdolmetschen werden den Zuh\u00f6rern eines Vortrags geh\u00f6rte Mitteilungen in einer anderen Sprache wiederholt. Der Dolmetscher h\u00f6rt w\u00e4hrend des Vortrags aufmerksam zu, macht sich Notizen und baut hieraus eine eigene Mitteilung auf, in der er alles Geh\u00f6rte in der anderen Sprache genau wiederholen kann.<br \/>\nDie Zeiten f\u00fcr Vortrag und \u00dcbersetzung sind variabel (2 bis 30 Minuten). In der Praxis kann der Dolmetscher zur Beibehaltung von Rhythmus und Struktur des Vortrags alle 5 bis 10 Minuten das Wort ergreifen.<\/p>\n<h2>Verhandlungsdolmetschen und Fl\u00fcsterdolmetschen<\/h2>\n<h2><img decoding=\"async\" class=\"wp-image-321 alignleft\" src=\"https:\/\/dialinguo.com\/wp-content\/uploads\/2018\/11\/Dialinguo-traduction-interpretariat.jpg\" alt=\"\" width=\"399\" height=\"266\" srcset=\"https:\/\/dialinguo.com\/wp-content\/uploads\/2018\/11\/Dialinguo-traduction-interpretariat-200x133.jpg 200w, https:\/\/dialinguo.com\/wp-content\/uploads\/2018\/11\/Dialinguo-traduction-interpretariat-300x200.jpg 300w, https:\/\/dialinguo.com\/wp-content\/uploads\/2018\/11\/Dialinguo-traduction-interpretariat-400x267.jpg 400w, https:\/\/dialinguo.com\/wp-content\/uploads\/2018\/11\/Dialinguo-traduction-interpretariat.jpg 600w\" sizes=\"(max-width: 399px) 100vw, 399px\" \/><\/h2>\n<p>Verhandlungsdolmetschen ist ein Dolmetschen in n\u00e4chster N\u00e4he und wird meist bei Sitzungen oder Besprechungen eingesetzt. Der Dolmetscher muss sich in diesem Fall im Voraus \u00fcber die Terminologie des Themas der Besprechung informieren, um eingreifen zu k\u00f6nnen. Er nutzt seine F\u00e4higkeiten, um die Kommunikation zwischen verschiedenen Parteien zu erleichtern.<\/p>\n<p>Das Fl\u00fcsterdolmetschen ist eine besondere Form des Verhandlungsdolmetschens, bei welcher der Dolmetscher den wenigen Zuh\u00f6rern die \u00dcbersetzung des Gesagten fl\u00fcsternd \u00fcbermittelt. In solchen F\u00e4llen muss der Dolmetscher seine Sache beherrschen, um Mitteilungen auf nat\u00fcrliche und pr\u00e4zise Weise weitergeben zu k\u00f6nnen.<\/p>\n<h2>Simultandolmetschen<\/h2>\n<p>Bei <strong>Dialinguo<\/strong> bieten wir diese Dienstleistung nicht, k\u00f6nnen Ihnen jedoch hierauf spezialisierte \u00dcbersetzer empfehlen.<\/p>\n<p>Zum Simultandolmetschen werden eine Ausr\u00fcstung zur Ton\u00fcbertragung und eine gewisse Infrastruktur ben\u00f6tigt. Es erfolgt in einer verglasten schallged\u00e4mmten Kabine, in welcher der Dolmetscher die Mitteilungen des Redners in seinem Kopfh\u00f6rer empf\u00e4ngt. Der Dolmetscher spricht die \u00dcbersetzung des Geh\u00f6rten in gleichem Takt, in dem er es aufnimmt, in ein Mikrofon. Man nennt dies Simultandolmetschen, da die Zeit zwischen Aufnahme des Gesagten und dessen \u00dcbersetzung sehr kurz ist (5 bis 10 Sekunden). Die Zuh\u00f6rer erhalten somit die Ausf\u00fchrungen des Redners in der gew\u00fcnschten Sprache in ihrem Kopfh\u00f6rer (mehrere \u00dcbersetzer arbeiten dabei gleichzeitig in ihren jeweiligen Sprachen). Bei wichtigen Reden ist das Simultandolmetschen sehr hilfreich, da die Zuh\u00f6rer die Rede in Echtzeit erfassen und auch auf das Gesagte reagieren k\u00f6nnen.<\/p>\n<\/div><div class=\"fusion-image-element in-legacy-container\" style=\"--awb-caption-title-font-family:var(--h2_typography-font-family);--awb-caption-title-font-weight:var(--h2_typography-font-weight);--awb-caption-title-font-style:var(--h2_typography-font-style);--awb-caption-title-size:var(--h2_typography-font-size);--awb-caption-title-transform:var(--h2_typography-text-transform);--awb-caption-title-line-height:var(--h2_typography-line-height);--awb-caption-title-letter-spacing:var(--h2_typography-letter-spacing);\"><span class=\" fusion-imageframe imageframe-none imageframe-1 hover-type-none\" class=\"image-magnify\" class=\"image-scroll\"><img decoding=\"async\" width=\"1900\" height=\"762\" title=\"Dialinguo-team-traduction-expert\" src=\"https:\/\/dialinguo.com\/wp-content\/uploads\/2018\/11\/Dialinguo-team-traduction-expert.jpg\" alt class=\"img-responsive wp-image-480\" srcset=\"https:\/\/dialinguo.com\/wp-content\/uploads\/2018\/11\/Dialinguo-team-traduction-expert-200x80.jpg 200w, https:\/\/dialinguo.com\/wp-content\/uploads\/2018\/11\/Dialinguo-team-traduction-expert-400x160.jpg 400w, https:\/\/dialinguo.com\/wp-content\/uploads\/2018\/11\/Dialinguo-team-traduction-expert-600x241.jpg 600w, https:\/\/dialinguo.com\/wp-content\/uploads\/2018\/11\/Dialinguo-team-traduction-expert-800x321.jpg 800w, https:\/\/dialinguo.com\/wp-content\/uploads\/2018\/11\/Dialinguo-team-traduction-expert-1200x481.jpg 1200w, https:\/\/dialinguo.com\/wp-content\/uploads\/2018\/11\/Dialinguo-team-traduction-expert.jpg 1900w\" sizes=\"(max-width: 800px) 100vw, 1200px\" \/><\/span><\/div><div class=\"fusion-clearfix\"><\/div><\/div><\/div><div class=\"fusion-layout-column fusion_builder_column fusion-builder-column-1 fusion_builder_column_1_5 1_5 fusion-one-fifth fusion-column-last\" style=\"--awb-bg-size:cover;width:20%;width:calc(20% - ( ( 4% ) * 0.2 ) );\"><div class=\"fusion-column-wrapper fusion-flex-column-wrapper-legacy\"><div class=\"fusion-widget-area awb-widget-area-element fusion-widget-area-1 fusion-content-widget-area\" style=\"--awb-title-color:#333333;--awb-padding:0px 0px 0px 0px;\"><style type=\"text\/css\" data-id=\"avada-vertical-menu-widget-2\">#avada-vertical-menu-widget-2 > ul.menu { margin-top: -8px; }<\/style><section id=\"avada-vertical-menu-widget-2\" class=\"widget avada_vertical_menu\"><style>#fusion-vertical-menu-widget-avada-vertical-menu-widget-2-nav ul.menu li a {font-size:14px;}<\/style><nav class=\"fusion-vertical-menu-widget fusion-menu hover left no-border\" id=\"avada-vertical-menu-widget-2-nav\"><ul class=\"menu\"><li><a href=\"https:\/\/dialinguo.com\/domaines-dintervention\/\" title=\"Back to Parent Page\">Domaines d&#8217;intervention<\/a><\/li><\/ul><\/nav><\/section><div class=\"fusion-additional-widget-content\"><\/div><\/div><div class=\"fusion-clearfix\"><\/div><\/div><\/div><\/div><\/div><div class=\"fusion-fullwidth fullwidth-box fusion-builder-row-2 nonhundred-percent-fullwidth non-hundred-percent-height-scrolling\" style=\"--awb-border-radius-top-left:0px;--awb-border-radius-top-right:0px;--awb-border-radius-bottom-right:0px;--awb-border-radius-bottom-left:0px;--awb-padding-top:30px;--awb-padding-bottom:10px;--awb-margin-top:-10px;--awb-margin-bottom:-60px;--awb-background-color:#73b1c0;\" ><div class=\"fusion-builder-row fusion-row\"><div class=\"fusion-layout-column fusion_builder_column fusion-builder-column-2 fusion_builder_column_2_3 2_3 fusion-two-third fusion-column-first\" style=\"--awb-bg-size:cover;width:66.666666666667%;width:calc(66.666666666667% - ( ( 4% ) * 0.66666666666667 ) );margin-right: 4%;\"><div class=\"fusion-column-wrapper fusion-column-has-shadow fusion-flex-column-wrapper-legacy\"><div class=\"fusion-title title fusion-title-1 fusion-sep-none fusion-title-text fusion-title-size-one\"><h1 class=\"title-heading-left\" style=\"margin:0;\"><h2 style=\"color: white; margin-top: 20px;\">Sie haben ein \u00dcbersetzungsprojekt ? Treten Sie noch heute mit uns zu seiner Ausf\u00fchrung inVerbindung.<\/h2><\/h1><\/div><div class=\"fusion-clearfix\"><\/div><\/div><\/div><div class=\"fusion-layout-column fusion_builder_column fusion-builder-column-3 fusion_builder_column_1_3 1_3 fusion-one-third fusion-column-last\" style=\"--awb-bg-size:cover;width:33.333333333333%;width:calc(33.333333333333% - ( ( 4% ) * 0.33333333333333 ) );\"><div class=\"fusion-column-wrapper fusion-flex-column-wrapper-legacy\"><div class=\"fusion-sep-clear\"><\/div><div class=\"fusion-separator fusion-full-width-sep\" style=\"margin-left: auto;margin-right: auto;margin-top:30px;width:100%;\"><\/div><div class=\"fusion-sep-clear\"><\/div><div class=\"fusion-button-wrapper\"><a class=\"fusion-button button-flat fusion-button-default-size button-default fusion-button-default button-1 fusion-button-default-span fusion-button-default-type contact-bouton\" target=\"_self\" href=\"https:\/\/dialinguo.com\/de\/kontakt\/\"><span class=\"fusion-button-text\">kontakt<\/span><\/a><\/div><div class=\"fusion-clearfix\"><\/div><\/div><\/div><\/div><\/div>\n<\/p>\n","protected":false},"excerpt":{"rendered":"","protected":false},"author":1,"featured_media":0,"parent":740,"menu_order":0,"comment_status":"closed","ping_status":"closed","template":"100-width.php","meta":{"_exactmetrics_skip_tracking":false,"_exactmetrics_sitenote_active":false,"_exactmetrics_sitenote_note":"","_exactmetrics_sitenote_category":0,"footnotes":""},"class_list":["post-760","page","type-page","status-publish","hentry"],"yoast_head":"<!-- This site is optimized with the Yoast SEO plugin v24.5 - https:\/\/yoast.com\/wordpress\/plugins\/seo\/ -->\n<title>L&#039;interpr\u00e9tariat chez Dialinguo - contactez notre agence de traduction<\/title>\n<meta name=\"description\" content=\"L&#039;interpr\u00e9tariat est une partie importante de notre m\u00e9tier de traducteur. Nous intervenons sur de nombreux projets diff\u00e9rents, parlons-en.\" \/>\n<meta name=\"robots\" content=\"index, follow, max-snippet:-1, max-image-preview:large, max-video-preview:-1\" \/>\n<link rel=\"canonical\" href=\"https:\/\/dialinguo.com\/de\/ubersetzungsburo\/dolmetschen\/\" \/>\n<meta property=\"og:locale\" content=\"de_DE\" \/>\n<meta property=\"og:type\" content=\"article\" \/>\n<meta property=\"og:title\" content=\"L&#039;interpr\u00e9tariat chez Dialinguo - contactez notre agence de traduction\" \/>\n<meta property=\"og:description\" content=\"L&#039;interpr\u00e9tariat est une partie importante de notre m\u00e9tier de traducteur. Nous intervenons sur de nombreux projets diff\u00e9rents, parlons-en.\" \/>\n<meta property=\"og:url\" content=\"https:\/\/dialinguo.com\/de\/ubersetzungsburo\/dolmetschen\/\" \/>\n<meta property=\"og:site_name\" content=\"Dialinguo - Agence de traduction\" \/>\n<meta property=\"article:modified_time\" content=\"2019-07-08T16:14:30+00:00\" \/>\n<meta property=\"og:image\" content=\"https:\/\/dialinguo.com\/wp-content\/uploads\/2018\/11\/Dialinguo-traduction-interpretariat.jpg\" \/>\n<meta name=\"twitter:card\" content=\"summary_large_image\" \/>\n<meta name=\"twitter:label1\" content=\"Gesch\u00e4tzte Lesezeit\" \/>\n\t<meta name=\"twitter:data1\" content=\"4\u00a0Minuten\" \/>\n<script type=\"application\/ld+json\" class=\"yoast-schema-graph\">{\"@context\":\"https:\/\/schema.org\",\"@graph\":[{\"@type\":\"WebPage\",\"@id\":\"https:\/\/dialinguo.com\/de\/ubersetzungsburo\/dolmetschen\/\",\"url\":\"https:\/\/dialinguo.com\/de\/ubersetzungsburo\/dolmetschen\/\",\"name\":\"L'interpr\u00e9tariat chez Dialinguo - contactez notre agence de traduction\",\"isPartOf\":{\"@id\":\"https:\/\/dialinguo.com\/#website\"},\"primaryImageOfPage\":{\"@id\":\"https:\/\/dialinguo.com\/de\/ubersetzungsburo\/dolmetschen\/#primaryimage\"},\"image\":{\"@id\":\"https:\/\/dialinguo.com\/de\/ubersetzungsburo\/dolmetschen\/#primaryimage\"},\"thumbnailUrl\":\"https:\/\/dialinguo.com\/wp-content\/uploads\/2018\/11\/Dialinguo-traduction-interpretariat.jpg\",\"datePublished\":\"2019-05-20T13:33:13+00:00\",\"dateModified\":\"2019-07-08T16:14:30+00:00\",\"description\":\"L'interpr\u00e9tariat est une partie importante de notre m\u00e9tier de traducteur. Nous intervenons sur de nombreux projets diff\u00e9rents, parlons-en.\",\"breadcrumb\":{\"@id\":\"https:\/\/dialinguo.com\/de\/ubersetzungsburo\/dolmetschen\/#breadcrumb\"},\"inLanguage\":\"de\",\"potentialAction\":[{\"@type\":\"ReadAction\",\"target\":[\"https:\/\/dialinguo.com\/de\/ubersetzungsburo\/dolmetschen\/\"]}]},{\"@type\":\"ImageObject\",\"inLanguage\":\"de\",\"@id\":\"https:\/\/dialinguo.com\/de\/ubersetzungsburo\/dolmetschen\/#primaryimage\",\"url\":\"https:\/\/dialinguo.com\/wp-content\/uploads\/2018\/11\/Dialinguo-traduction-interpretariat.jpg\",\"contentUrl\":\"https:\/\/dialinguo.com\/wp-content\/uploads\/2018\/11\/Dialinguo-traduction-interpretariat.jpg\"},{\"@type\":\"BreadcrumbList\",\"@id\":\"https:\/\/dialinguo.com\/de\/ubersetzungsburo\/dolmetschen\/#breadcrumb\",\"itemListElement\":[{\"@type\":\"ListItem\",\"position\":1,\"name\":\"Accueil\",\"item\":\"https:\/\/dialinguo.com\/de\/\"},{\"@type\":\"ListItem\",\"position\":2,\"name\":\"\u00dcbersetzungsb\u00fcro\",\"item\":\"https:\/\/dialinguo.com\/de\/ubersetzungsburo\/\"},{\"@type\":\"ListItem\",\"position\":3,\"name\":\"Dolmetschen\"}]},{\"@type\":\"WebSite\",\"@id\":\"https:\/\/dialinguo.com\/#website\",\"url\":\"https:\/\/dialinguo.com\/\",\"name\":\"Dialinguo - Agence de traduction\",\"description\":\"Un m\u00e9tier, une passion : la traduction\",\"potentialAction\":[{\"@type\":\"SearchAction\",\"target\":{\"@type\":\"EntryPoint\",\"urlTemplate\":\"https:\/\/dialinguo.com\/?s={search_term_string}\"},\"query-input\":{\"@type\":\"PropertyValueSpecification\",\"valueRequired\":true,\"valueName\":\"search_term_string\"}}],\"inLanguage\":\"de\"}]}<\/script>\n<!-- \/ Yoast SEO plugin. -->","yoast_head_json":{"title":"L'interpr\u00e9tariat chez Dialinguo - contactez notre agence de traduction","description":"L'interpr\u00e9tariat est une partie importante de notre m\u00e9tier de traducteur. Nous intervenons sur de nombreux projets diff\u00e9rents, parlons-en.","robots":{"index":"index","follow":"follow","max-snippet":"max-snippet:-1","max-image-preview":"max-image-preview:large","max-video-preview":"max-video-preview:-1"},"canonical":"https:\/\/dialinguo.com\/de\/ubersetzungsburo\/dolmetschen\/","og_locale":"de_DE","og_type":"article","og_title":"L'interpr\u00e9tariat chez Dialinguo - contactez notre agence de traduction","og_description":"L'interpr\u00e9tariat est une partie importante de notre m\u00e9tier de traducteur. Nous intervenons sur de nombreux projets diff\u00e9rents, parlons-en.","og_url":"https:\/\/dialinguo.com\/de\/ubersetzungsburo\/dolmetschen\/","og_site_name":"Dialinguo - Agence de traduction","article_modified_time":"2019-07-08T16:14:30+00:00","og_image":[{"url":"https:\/\/dialinguo.com\/wp-content\/uploads\/2018\/11\/Dialinguo-traduction-interpretariat.jpg","type":"","width":"","height":""}],"twitter_card":"summary_large_image","twitter_misc":{"Gesch\u00e4tzte Lesezeit":"4\u00a0Minuten"},"schema":{"@context":"https:\/\/schema.org","@graph":[{"@type":"WebPage","@id":"https:\/\/dialinguo.com\/de\/ubersetzungsburo\/dolmetschen\/","url":"https:\/\/dialinguo.com\/de\/ubersetzungsburo\/dolmetschen\/","name":"L'interpr\u00e9tariat chez Dialinguo - contactez notre agence de traduction","isPartOf":{"@id":"https:\/\/dialinguo.com\/#website"},"primaryImageOfPage":{"@id":"https:\/\/dialinguo.com\/de\/ubersetzungsburo\/dolmetschen\/#primaryimage"},"image":{"@id":"https:\/\/dialinguo.com\/de\/ubersetzungsburo\/dolmetschen\/#primaryimage"},"thumbnailUrl":"https:\/\/dialinguo.com\/wp-content\/uploads\/2018\/11\/Dialinguo-traduction-interpretariat.jpg","datePublished":"2019-05-20T13:33:13+00:00","dateModified":"2019-07-08T16:14:30+00:00","description":"L'interpr\u00e9tariat est une partie importante de notre m\u00e9tier de traducteur. Nous intervenons sur de nombreux projets diff\u00e9rents, parlons-en.","breadcrumb":{"@id":"https:\/\/dialinguo.com\/de\/ubersetzungsburo\/dolmetschen\/#breadcrumb"},"inLanguage":"de","potentialAction":[{"@type":"ReadAction","target":["https:\/\/dialinguo.com\/de\/ubersetzungsburo\/dolmetschen\/"]}]},{"@type":"ImageObject","inLanguage":"de","@id":"https:\/\/dialinguo.com\/de\/ubersetzungsburo\/dolmetschen\/#primaryimage","url":"https:\/\/dialinguo.com\/wp-content\/uploads\/2018\/11\/Dialinguo-traduction-interpretariat.jpg","contentUrl":"https:\/\/dialinguo.com\/wp-content\/uploads\/2018\/11\/Dialinguo-traduction-interpretariat.jpg"},{"@type":"BreadcrumbList","@id":"https:\/\/dialinguo.com\/de\/ubersetzungsburo\/dolmetschen\/#breadcrumb","itemListElement":[{"@type":"ListItem","position":1,"name":"Accueil","item":"https:\/\/dialinguo.com\/de\/"},{"@type":"ListItem","position":2,"name":"\u00dcbersetzungsb\u00fcro","item":"https:\/\/dialinguo.com\/de\/ubersetzungsburo\/"},{"@type":"ListItem","position":3,"name":"Dolmetschen"}]},{"@type":"WebSite","@id":"https:\/\/dialinguo.com\/#website","url":"https:\/\/dialinguo.com\/","name":"Dialinguo - Agence de traduction","description":"Un m\u00e9tier, une passion : la traduction","potentialAction":[{"@type":"SearchAction","target":{"@type":"EntryPoint","urlTemplate":"https:\/\/dialinguo.com\/?s={search_term_string}"},"query-input":{"@type":"PropertyValueSpecification","valueRequired":true,"valueName":"search_term_string"}}],"inLanguage":"de"}]}},"_links":{"self":[{"href":"https:\/\/dialinguo.com\/de\/wp-json\/wp\/v2\/pages\/760","targetHints":{"allow":["GET"]}}],"collection":[{"href":"https:\/\/dialinguo.com\/de\/wp-json\/wp\/v2\/pages"}],"about":[{"href":"https:\/\/dialinguo.com\/de\/wp-json\/wp\/v2\/types\/page"}],"author":[{"embeddable":true,"href":"https:\/\/dialinguo.com\/de\/wp-json\/wp\/v2\/users\/1"}],"replies":[{"embeddable":true,"href":"https:\/\/dialinguo.com\/de\/wp-json\/wp\/v2\/comments?post=760"}],"version-history":[{"count":44,"href":"https:\/\/dialinguo.com\/de\/wp-json\/wp\/v2\/pages\/760\/revisions"}],"predecessor-version":[{"id":1088,"href":"https:\/\/dialinguo.com\/de\/wp-json\/wp\/v2\/pages\/760\/revisions\/1088"}],"up":[{"embeddable":true,"href":"https:\/\/dialinguo.com\/de\/wp-json\/wp\/v2\/pages\/740"}],"wp:attachment":[{"href":"https:\/\/dialinguo.com\/de\/wp-json\/wp\/v2\/media?parent=760"}],"curies":[{"name":"wp","href":"https:\/\/api.w.org\/{rel}","templated":true}]}}