{"id":793,"date":"2019-05-20T16:03:14","date_gmt":"2019-05-20T14:03:14","guid":{"rendered":"https:\/\/dialinguo.com\/mechanik-und-technik\/"},"modified":"2019-07-08T18:16:58","modified_gmt":"2019-07-08T16:16:58","slug":"mechanik-und-technik","status":"publish","type":"page","link":"https:\/\/dialinguo.com\/de\/spezialisierungsbereiche\/mechanik-und-technik\/","title":{"rendered":"Mechanik und Technik"},"content":{"rendered":"<p><div class=\"fusion-fullwidth fullwidth-box fusion-builder-row-1 nonhundred-percent-fullwidth non-hundred-percent-height-scrolling\" style=\"--awb-border-radius-top-left:0px;--awb-border-radius-top-right:0px;--awb-border-radius-bottom-right:0px;--awb-border-radius-bottom-left:0px;\" ><div class=\"fusion-builder-row fusion-row\"><div class=\"fusion-layout-column fusion_builder_column fusion-builder-column-0 fusion_builder_column_4_5 4_5 fusion-four-fifth fusion-column-first\" style=\"--awb-bg-size:cover;width:80%;width:calc(80% - ( ( 4% ) * 0.8 ) );margin-right: 4%;\"><div class=\"fusion-column-wrapper fusion-flex-column-wrapper-legacy\"><div class=\"fusion-text fusion-text-1\"><blockquote>\n<p>Eine fachgerechte \u00dcbersetzung der technischen Dokumentation eines Produkts kann dessen Vertrieb im Ausland sicherstellen.<\/p>\n<\/blockquote>\n<p>Die technische \u00dcbersetzung betrifft verschiedenste Fachgebiete. Ausschlaggebend f\u00fcr die erfolgreiche Durchf\u00fchrung ist die Wahl des richtigen \u00dcbersetzers. Dialinguo kann Sie hierzu in zahlreichen Sprachkombinationen unterst\u00fctzen. Innerhalb unserer \u00dcbersetzungsagentur sind wir auf unterschiedlichsten Gebieten t\u00e4tig, insbesondere f\u00fcr den Automobilsektor und Luft- und Raumfahrt, wobei wir Inhalte folgender Art bearbeiten:<\/p>\n<ul>\n<li>Schulungsunterlagen,<\/li>\n<li>Miteilungen zu einem neuen Fahrzeugtyp,<\/li>\n<li>Logb\u00fccher von Fahrzeugen,<\/li>\n<li>technische Daten von Vorrichtungen (Werkzeugen, Maschinen, Robotern usw.),<\/li>\n<li>Ausbildung von Teams an Simulatoren,<\/li>\n<li>On-Board-Applikationen,<\/li>\n<li>Kunden-Feedback-Terminals,<br \/>\nusw.<\/li>\n<\/ul>\n<h2>Technische \u00dcbersetzung, Pr\u00e4zision ist gefragt<\/h2>\n<p>Wie auch in zahlreichen anderen Gebieten, steht bei der technischen \u00dcbersetzung Pr\u00e4zision an erster Stelle. Beim \u00dcbersetzen von Datenbl\u00e4ttern, technischen Beschreibungen, Handb\u00fcchern, Gebrauchsanleitungen und Sicherheitsdatenbl\u00e4ttern muss sich der \u00dcbersetzer an die Stelle des Endbenutzers versetzen k\u00f6nnen, der erwartet, dass jedes Wort richtig gesetzt ist. Wir verf\u00fcgen \u00fcber das technische Know-how zur richtigen Anfertigung pr\u00e4ziser technischer \u00dcbersetzungen und gew\u00e4hrleisten, dass die von uns \u00fcbersetzten Dokumente leicht verst\u00e4ndlich sind und dass in ihnen alles unter Anwendung der geeigneten Fachbegriffe ausgedr\u00fcckt ist.<\/p>\n<p>Wir k\u00f6nnen Ihnen hunderte von Kundenreferenzen vorweisen, sind jedoch bez\u00fcglich des Inhalts der uns anvertrauten Auftr\u00e4ge zu gr\u00f6\u00dfter Geheimhaltung verpflichtet. So k\u00f6nnen wir zum Beispiel nichts \u00fcber das Logbuch eines noch nicht auf dem Markt eingef\u00fchrten Fahrzeugs mitteilen.<\/p>\n<p>Die Zusammensetzung unseres \u00dcbersetzerteams erm\u00f6glicht es uns zahlreiche Projekte selbst abzuwickeln. Um jedoch alle Segmente technischer \u00dcbersetzung in den meisten Sprachkombinationen abdecken zu k\u00f6nnen, st\u00fctzen wir uns auf unser Netz technischer \u00dcbersetzer.<\/p>\n<\/div><div class=\"fusion-image-element in-legacy-container\" style=\"--awb-caption-title-font-family:var(--h2_typography-font-family);--awb-caption-title-font-weight:var(--h2_typography-font-weight);--awb-caption-title-font-style:var(--h2_typography-font-style);--awb-caption-title-size:var(--h2_typography-font-size);--awb-caption-title-transform:var(--h2_typography-text-transform);--awb-caption-title-line-height:var(--h2_typography-line-height);--awb-caption-title-letter-spacing:var(--h2_typography-letter-spacing);\"><span class=\" fusion-imageframe imageframe-none imageframe-1 hover-type-none\" class=\"image-magnify\" class=\"image-scroll\"><img decoding=\"async\" width=\"1900\" height=\"762\" title=\"Dialinguo-team-traduction-expert\" src=\"https:\/\/dialinguo.com\/wp-content\/uploads\/2018\/11\/Dialinguo-team-traduction-expert.jpg\" alt class=\"img-responsive wp-image-480\" srcset=\"https:\/\/dialinguo.com\/wp-content\/uploads\/2018\/11\/Dialinguo-team-traduction-expert-200x80.jpg 200w, https:\/\/dialinguo.com\/wp-content\/uploads\/2018\/11\/Dialinguo-team-traduction-expert-400x160.jpg 400w, https:\/\/dialinguo.com\/wp-content\/uploads\/2018\/11\/Dialinguo-team-traduction-expert-600x241.jpg 600w, https:\/\/dialinguo.com\/wp-content\/uploads\/2018\/11\/Dialinguo-team-traduction-expert-800x321.jpg 800w, https:\/\/dialinguo.com\/wp-content\/uploads\/2018\/11\/Dialinguo-team-traduction-expert-1200x481.jpg 1200w, https:\/\/dialinguo.com\/wp-content\/uploads\/2018\/11\/Dialinguo-team-traduction-expert.jpg 1900w\" sizes=\"(max-width: 800px) 100vw, 1200px\" \/><\/span><\/div><div class=\"fusion-clearfix\"><\/div><\/div><\/div><div class=\"fusion-layout-column fusion_builder_column fusion-builder-column-1 fusion_builder_column_1_5 1_5 fusion-one-fifth fusion-column-last\" style=\"--awb-bg-size:cover;width:20%;width:calc(20% - ( ( 4% ) * 0.2 ) );\"><div class=\"fusion-column-wrapper fusion-flex-column-wrapper-legacy\"><div class=\"fusion-widget-area awb-widget-area-element fusion-widget-area-1 fusion-content-widget-area\" style=\"--awb-title-color:#333333;--awb-padding:0px 0px 0px 0px;\"><style type=\"text\/css\" data-id=\"avada-vertical-menu-widget-2\">#avada-vertical-menu-widget-2 > ul.menu { margin-top: -8px; }<\/style><section id=\"avada-vertical-menu-widget-2\" class=\"widget avada_vertical_menu\"><style>#fusion-vertical-menu-widget-avada-vertical-menu-widget-2-nav ul.menu li a {font-size:14px;}<\/style><nav class=\"fusion-vertical-menu-widget fusion-menu hover left no-border\" id=\"avada-vertical-menu-widget-2-nav\"><ul class=\"menu\"><li><a href=\"https:\/\/dialinguo.com\/domaines-dintervention\/\" title=\"Back to Parent Page\">Domaines d&#8217;intervention<\/a><\/li><\/ul><\/nav><\/section><div class=\"fusion-additional-widget-content\"><\/div><\/div><div class=\"fusion-clearfix\"><\/div><\/div><\/div><\/div><\/div><div class=\"fusion-fullwidth fullwidth-box fusion-builder-row-2 nonhundred-percent-fullwidth non-hundred-percent-height-scrolling\" style=\"--awb-border-radius-top-left:0px;--awb-border-radius-top-right:0px;--awb-border-radius-bottom-right:0px;--awb-border-radius-bottom-left:0px;--awb-padding-top:30px;--awb-padding-bottom:10px;--awb-margin-top:-10px;--awb-margin-bottom:-60px;--awb-background-color:#73b1c0;\" ><div class=\"fusion-builder-row fusion-row\"><div class=\"fusion-layout-column fusion_builder_column fusion-builder-column-2 fusion_builder_column_2_3 2_3 fusion-two-third fusion-column-first\" style=\"--awb-bg-size:cover;width:66.666666666667%;width:calc(66.666666666667% - ( ( 4% ) * 0.66666666666667 ) );margin-right: 4%;\"><div class=\"fusion-column-wrapper fusion-column-has-shadow fusion-flex-column-wrapper-legacy\"><div class=\"fusion-title title fusion-title-1 fusion-sep-none fusion-title-text fusion-title-size-one\"><h1 class=\"title-heading-left\" style=\"margin:0;\"><h2 style=\"color: white; margin-top: 20px;\">Sie haben ein \u00dcbersetzungsprojekt ? Treten Sie noch heute mit uns zu seiner Ausf\u00fchrung inVerbindung.<\/h2><\/h1><\/div><div class=\"fusion-clearfix\"><\/div><\/div><\/div><div class=\"fusion-layout-column fusion_builder_column fusion-builder-column-3 fusion_builder_column_1_3 1_3 fusion-one-third fusion-column-last\" style=\"--awb-bg-size:cover;width:33.333333333333%;width:calc(33.333333333333% - ( ( 4% ) * 0.33333333333333 ) );\"><div class=\"fusion-column-wrapper fusion-flex-column-wrapper-legacy\"><div class=\"fusion-sep-clear\"><\/div><div class=\"fusion-separator fusion-full-width-sep\" style=\"margin-left: auto;margin-right: auto;margin-top:30px;width:100%;\"><\/div><div class=\"fusion-sep-clear\"><\/div><div class=\"fusion-button-wrapper\"><a class=\"fusion-button button-flat fusion-button-default-size button-default fusion-button-default button-1 fusion-button-default-span fusion-button-default-type contact-bouton\" target=\"_self\" href=\"https:\/\/dialinguo.com\/de\/kontakt\/\"><span class=\"fusion-button-text\">kontakt<\/span><\/a><\/div><div class=\"fusion-clearfix\"><\/div><\/div><\/div><\/div><\/div>\n<\/p>\n","protected":false},"excerpt":{"rendered":"","protected":false},"author":1,"featured_media":0,"parent":845,"menu_order":0,"comment_status":"closed","ping_status":"closed","template":"100-width.php","meta":{"_exactmetrics_skip_tracking":false,"_exactmetrics_sitenote_active":false,"_exactmetrics_sitenote_note":"","_exactmetrics_sitenote_category":0,"footnotes":""},"class_list":["post-793","page","type-page","status-publish","hentry"],"yoast_head":"<!-- This site is optimized with the Yoast SEO plugin v24.5 - https:\/\/yoast.com\/wordpress\/plugins\/seo\/ -->\n<title>Traduction technique - Dialinguo vous accompagne dans votre projet de traduction<\/title>\n<meta name=\"description\" content=\"Agence de traduction, Dialinguo r\u00e9pond \u00e0 de nombreux projets de traduction dont la traduction technique. Discutons de votre projet d\u00e8s maintenant !\" \/>\n<meta name=\"robots\" content=\"index, follow, max-snippet:-1, max-image-preview:large, max-video-preview:-1\" \/>\n<link rel=\"canonical\" href=\"https:\/\/dialinguo.com\/de\/spezialisierungsbereiche\/mechanik-und-technik\/\" \/>\n<meta property=\"og:locale\" content=\"de_DE\" \/>\n<meta property=\"og:type\" content=\"article\" \/>\n<meta property=\"og:title\" content=\"Traduction technique - Dialinguo vous accompagne dans votre projet de traduction\" \/>\n<meta property=\"og:description\" content=\"Agence de traduction, Dialinguo r\u00e9pond \u00e0 de nombreux projets de traduction dont la traduction technique. Discutons de votre projet d\u00e8s maintenant !\" \/>\n<meta property=\"og:url\" content=\"https:\/\/dialinguo.com\/de\/spezialisierungsbereiche\/mechanik-und-technik\/\" \/>\n<meta property=\"og:site_name\" content=\"Dialinguo - Agence de traduction\" \/>\n<meta property=\"article:modified_time\" content=\"2019-07-08T16:16:58+00:00\" \/>\n<meta name=\"twitter:card\" content=\"summary_large_image\" \/>\n<meta name=\"twitter:label1\" content=\"Gesch\u00e4tzte Lesezeit\" \/>\n\t<meta name=\"twitter:data1\" content=\"3\u00a0Minuten\" \/>\n<script type=\"application\/ld+json\" class=\"yoast-schema-graph\">{\"@context\":\"https:\/\/schema.org\",\"@graph\":[{\"@type\":\"WebPage\",\"@id\":\"https:\/\/dialinguo.com\/de\/spezialisierungsbereiche\/mechanik-und-technik\/\",\"url\":\"https:\/\/dialinguo.com\/de\/spezialisierungsbereiche\/mechanik-und-technik\/\",\"name\":\"Traduction technique - Dialinguo vous accompagne dans votre projet de traduction\",\"isPartOf\":{\"@id\":\"https:\/\/dialinguo.com\/#website\"},\"datePublished\":\"2019-05-20T14:03:14+00:00\",\"dateModified\":\"2019-07-08T16:16:58+00:00\",\"description\":\"Agence de traduction, Dialinguo r\u00e9pond \u00e0 de nombreux projets de traduction dont la traduction technique. Discutons de votre projet d\u00e8s maintenant !\",\"breadcrumb\":{\"@id\":\"https:\/\/dialinguo.com\/de\/spezialisierungsbereiche\/mechanik-und-technik\/#breadcrumb\"},\"inLanguage\":\"de\",\"potentialAction\":[{\"@type\":\"ReadAction\",\"target\":[\"https:\/\/dialinguo.com\/de\/spezialisierungsbereiche\/mechanik-und-technik\/\"]}]},{\"@type\":\"BreadcrumbList\",\"@id\":\"https:\/\/dialinguo.com\/de\/spezialisierungsbereiche\/mechanik-und-technik\/#breadcrumb\",\"itemListElement\":[{\"@type\":\"ListItem\",\"position\":1,\"name\":\"Accueil\",\"item\":\"https:\/\/dialinguo.com\/de\/\"},{\"@type\":\"ListItem\",\"position\":2,\"name\":\"Spezialisierungsbereiche\",\"item\":\"https:\/\/dialinguo.com\/de\/spezialisierungsbereiche\/\"},{\"@type\":\"ListItem\",\"position\":3,\"name\":\"Mechanik und Technik\"}]},{\"@type\":\"WebSite\",\"@id\":\"https:\/\/dialinguo.com\/#website\",\"url\":\"https:\/\/dialinguo.com\/\",\"name\":\"Dialinguo - Agence de traduction\",\"description\":\"Un m\u00e9tier, une passion : la traduction\",\"potentialAction\":[{\"@type\":\"SearchAction\",\"target\":{\"@type\":\"EntryPoint\",\"urlTemplate\":\"https:\/\/dialinguo.com\/?s={search_term_string}\"},\"query-input\":{\"@type\":\"PropertyValueSpecification\",\"valueRequired\":true,\"valueName\":\"search_term_string\"}}],\"inLanguage\":\"de\"}]}<\/script>\n<!-- \/ Yoast SEO plugin. -->","yoast_head_json":{"title":"Traduction technique - Dialinguo vous accompagne dans votre projet de traduction","description":"Agence de traduction, Dialinguo r\u00e9pond \u00e0 de nombreux projets de traduction dont la traduction technique. Discutons de votre projet d\u00e8s maintenant !","robots":{"index":"index","follow":"follow","max-snippet":"max-snippet:-1","max-image-preview":"max-image-preview:large","max-video-preview":"max-video-preview:-1"},"canonical":"https:\/\/dialinguo.com\/de\/spezialisierungsbereiche\/mechanik-und-technik\/","og_locale":"de_DE","og_type":"article","og_title":"Traduction technique - Dialinguo vous accompagne dans votre projet de traduction","og_description":"Agence de traduction, Dialinguo r\u00e9pond \u00e0 de nombreux projets de traduction dont la traduction technique. Discutons de votre projet d\u00e8s maintenant !","og_url":"https:\/\/dialinguo.com\/de\/spezialisierungsbereiche\/mechanik-und-technik\/","og_site_name":"Dialinguo - Agence de traduction","article_modified_time":"2019-07-08T16:16:58+00:00","twitter_card":"summary_large_image","twitter_misc":{"Gesch\u00e4tzte Lesezeit":"3\u00a0Minuten"},"schema":{"@context":"https:\/\/schema.org","@graph":[{"@type":"WebPage","@id":"https:\/\/dialinguo.com\/de\/spezialisierungsbereiche\/mechanik-und-technik\/","url":"https:\/\/dialinguo.com\/de\/spezialisierungsbereiche\/mechanik-und-technik\/","name":"Traduction technique - Dialinguo vous accompagne dans votre projet de traduction","isPartOf":{"@id":"https:\/\/dialinguo.com\/#website"},"datePublished":"2019-05-20T14:03:14+00:00","dateModified":"2019-07-08T16:16:58+00:00","description":"Agence de traduction, Dialinguo r\u00e9pond \u00e0 de nombreux projets de traduction dont la traduction technique. Discutons de votre projet d\u00e8s maintenant !","breadcrumb":{"@id":"https:\/\/dialinguo.com\/de\/spezialisierungsbereiche\/mechanik-und-technik\/#breadcrumb"},"inLanguage":"de","potentialAction":[{"@type":"ReadAction","target":["https:\/\/dialinguo.com\/de\/spezialisierungsbereiche\/mechanik-und-technik\/"]}]},{"@type":"BreadcrumbList","@id":"https:\/\/dialinguo.com\/de\/spezialisierungsbereiche\/mechanik-und-technik\/#breadcrumb","itemListElement":[{"@type":"ListItem","position":1,"name":"Accueil","item":"https:\/\/dialinguo.com\/de\/"},{"@type":"ListItem","position":2,"name":"Spezialisierungsbereiche","item":"https:\/\/dialinguo.com\/de\/spezialisierungsbereiche\/"},{"@type":"ListItem","position":3,"name":"Mechanik und Technik"}]},{"@type":"WebSite","@id":"https:\/\/dialinguo.com\/#website","url":"https:\/\/dialinguo.com\/","name":"Dialinguo - Agence de traduction","description":"Un m\u00e9tier, une passion : la traduction","potentialAction":[{"@type":"SearchAction","target":{"@type":"EntryPoint","urlTemplate":"https:\/\/dialinguo.com\/?s={search_term_string}"},"query-input":{"@type":"PropertyValueSpecification","valueRequired":true,"valueName":"search_term_string"}}],"inLanguage":"de"}]}},"_links":{"self":[{"href":"https:\/\/dialinguo.com\/de\/wp-json\/wp\/v2\/pages\/793","targetHints":{"allow":["GET"]}}],"collection":[{"href":"https:\/\/dialinguo.com\/de\/wp-json\/wp\/v2\/pages"}],"about":[{"href":"https:\/\/dialinguo.com\/de\/wp-json\/wp\/v2\/types\/page"}],"author":[{"embeddable":true,"href":"https:\/\/dialinguo.com\/de\/wp-json\/wp\/v2\/users\/1"}],"replies":[{"embeddable":true,"href":"https:\/\/dialinguo.com\/de\/wp-json\/wp\/v2\/comments?post=793"}],"version-history":[{"count":14,"href":"https:\/\/dialinguo.com\/de\/wp-json\/wp\/v2\/pages\/793\/revisions"}],"predecessor-version":[{"id":1090,"href":"https:\/\/dialinguo.com\/de\/wp-json\/wp\/v2\/pages\/793\/revisions\/1090"}],"up":[{"embeddable":true,"href":"https:\/\/dialinguo.com\/de\/wp-json\/wp\/v2\/pages\/845"}],"wp:attachment":[{"href":"https:\/\/dialinguo.com\/de\/wp-json\/wp\/v2\/media?parent=793"}],"curies":[{"name":"wp","href":"https:\/\/api.w.org\/{rel}","templated":true}]}}