{"id":799,"date":"2019-05-20T16:15:56","date_gmt":"2019-05-20T14:15:56","guid":{"rendered":"https:\/\/dialinguo.com\/biomedizin-und-gesundheit\/"},"modified":"2019-05-21T11:06:53","modified_gmt":"2019-05-21T09:06:53","slug":"biomedizin-und-gesundheit","status":"publish","type":"page","link":"https:\/\/dialinguo.com\/de\/spezialisierungsbereiche\/biomedizin-und-gesundheit\/","title":{"rendered":"Biomedizin und Gesundheit"},"content":{"rendered":"<p><div class=\"fusion-fullwidth fullwidth-box fusion-builder-row-1 nonhundred-percent-fullwidth non-hundred-percent-height-scrolling\" style=\"--awb-border-radius-top-left:0px;--awb-border-radius-top-right:0px;--awb-border-radius-bottom-right:0px;--awb-border-radius-bottom-left:0px;\" ><div class=\"fusion-builder-row fusion-row\"><div class=\"fusion-layout-column fusion_builder_column fusion-builder-column-0 fusion_builder_column_4_5 4_5 fusion-four-fifth fusion-column-first\" style=\"--awb-bg-size:cover;width:80%;width:calc(80% - ( ( 4% ) * 0.8 ) );margin-right: 4%;\"><div class=\"fusion-column-wrapper fusion-flex-column-wrapper-legacy\"><div class=\"fusion-text fusion-text-1\"><h2>\u00dcbersetzungen im Bereich Medizin und Gesundheit<\/h2>\n<p>Der Medizinsektor umfasst zahlreiche Fachgebiete. Unz\u00e4hlige \u00dcbersetzungsprojekte betreffen<br \/>\nmedizinische und pharmazeutische Themen. Die st\u00e4ndige Weiterentwicklung von Methoden und<br \/>\neine zunehmende Internationalisierung sorgen daf\u00fcr, dass der Strom erstellter Dokumentationen<br \/>\nnicht abrei\u00dft. Zu deren \u00dcbersetzung m\u00fcssen \u00dcbersetzer verf\u00fcgbar sein mit Fachkenntnissen auf<br \/>\nGebieten wie:<\/p>\n<ul>\n<li>medizinische Ger\u00e4te,<\/li>\n<li>Biopharmazie,<\/li>\n<li>Biotechnologie,<\/li>\n<li>Biotherapien,<\/li>\n<li>Gesundheitserziehung,<\/li>\n<li>kosmetische Medizin,<\/li>\n<li>Onkologie,<\/li>\n<li>chirurgische Verfahren,<\/li>\n<li>Prothesen,<\/li>\n<li>medizinische Forschung,<\/li>\n<li>Kindergesundheit,<\/li>\n<li>\u00f6ffentliche Gesundheit,<\/li>\n<li>Zahnpflege,<\/li>\n<li>Schlafst\u00f6rungen<br \/>\nusw.<\/li>\n<\/ul>\n<h2>Dialinguo und die medizinische \u00dcbersetzung<\/h2>\n<p>Wir verf\u00fcgen bei Dialinguo \u00fcber erfahrene \u00dcbersetzer auf medizinischem Gebiet und k\u00f6nnen Ihnen<br \/>\nsomit f\u00fcr die meisten Sprachen fachgerechte Dienstleistungen bieten. Dokumente zur Medizintechnik oder zur medizinischen Forschung, Vertriebsvertr\u00e4ge, Patente oder<br \/>\narzneimittelrechtliche Zulassungen k\u00f6nnen von uns schnell und zu bestem Preis-Leistungsverh\u00e4ltnis \u00fcbersetzt werden.<\/p>\n<p>Wir \u00fcbersetzen sehr unterschiedliche Dokumente des Medizinsektors, alle jedoch mit gleicher<br \/>\nGr\u00fcndlichkeit und Sorgfalt. Da solche \u00dcbersetzungen meist die menschliche Gesundheit betreffen, ist<br \/>\nes sehr wichtig, dass der urspr\u00fcngliche Text sinngerecht in allen Einzelheiten wiedergegeben wird.<br \/>\nNachstehend einige Beispiele von unserem \u00dcbersetzerteam \u00fcbernommener Auftr\u00e4ge:<\/p>\n<ul>\n<li>\u00dcbersetzung eines Katalogs von Laborausr\u00fcstungen,<\/li>\n<li>\u00dcbersetzung von Packungsbeilagen von Arzneimitteln,<\/li>\n<li>Untersuchungsprotokolle oder Berichte (zum Beispiel f\u00fcr eine NRO),<\/li>\n<li>Schriftwechsel zwischen zwei Fach\u00e4rzten,<\/li>\n<li>\u00dcberf\u00fchrung komplizierter Unterlagen in verst\u00e4ndliche Form,<\/li>\n<li>Handb\u00fccher f\u00fcr Wartung und Behebung von St\u00f6rungen,<\/li>\n<li>Patente, arzneimittelrechtliche Zulassungen, Analysen, Untersuchungsberichte.<\/li>\n<\/ul>\n<\/div><div class=\"fusion-image-element in-legacy-container\" style=\"--awb-caption-title-font-family:var(--h2_typography-font-family);--awb-caption-title-font-weight:var(--h2_typography-font-weight);--awb-caption-title-font-style:var(--h2_typography-font-style);--awb-caption-title-size:var(--h2_typography-font-size);--awb-caption-title-transform:var(--h2_typography-text-transform);--awb-caption-title-line-height:var(--h2_typography-line-height);--awb-caption-title-letter-spacing:var(--h2_typography-letter-spacing);\"><span class=\" fusion-imageframe imageframe-none imageframe-1 hover-type-none\" class=\"image-magnify\" class=\"image-scroll\"><img decoding=\"async\" width=\"1900\" height=\"762\" title=\"Dialinguo-team-traduction-expert\" src=\"https:\/\/dialinguo.com\/wp-content\/uploads\/2018\/11\/Dialinguo-team-traduction-expert.jpg\" alt class=\"img-responsive wp-image-480\" srcset=\"https:\/\/dialinguo.com\/wp-content\/uploads\/2018\/11\/Dialinguo-team-traduction-expert-200x80.jpg 200w, https:\/\/dialinguo.com\/wp-content\/uploads\/2018\/11\/Dialinguo-team-traduction-expert-400x160.jpg 400w, https:\/\/dialinguo.com\/wp-content\/uploads\/2018\/11\/Dialinguo-team-traduction-expert-600x241.jpg 600w, https:\/\/dialinguo.com\/wp-content\/uploads\/2018\/11\/Dialinguo-team-traduction-expert-800x321.jpg 800w, https:\/\/dialinguo.com\/wp-content\/uploads\/2018\/11\/Dialinguo-team-traduction-expert-1200x481.jpg 1200w, https:\/\/dialinguo.com\/wp-content\/uploads\/2018\/11\/Dialinguo-team-traduction-expert.jpg 1900w\" sizes=\"(max-width: 800px) 100vw, 1200px\" \/><\/span><\/div><div class=\"fusion-clearfix\"><\/div><\/div><\/div><div class=\"fusion-layout-column fusion_builder_column fusion-builder-column-1 fusion_builder_column_1_5 1_5 fusion-one-fifth fusion-column-last\" style=\"--awb-bg-size:cover;width:20%;width:calc(20% - ( ( 4% ) * 0.2 ) );\"><div class=\"fusion-column-wrapper fusion-flex-column-wrapper-legacy\"><div class=\"fusion-widget-area awb-widget-area-element fusion-widget-area-1 fusion-content-widget-area\" style=\"--awb-title-color:#333333;--awb-padding:0px 0px 0px 0px;\"><style type=\"text\/css\" data-id=\"avada-vertical-menu-widget-2\">#avada-vertical-menu-widget-2 > ul.menu { margin-top: -8px; }<\/style><section id=\"avada-vertical-menu-widget-2\" class=\"widget avada_vertical_menu\"><style>#fusion-vertical-menu-widget-avada-vertical-menu-widget-2-nav ul.menu li a {font-size:14px;}<\/style><nav class=\"fusion-vertical-menu-widget fusion-menu hover left no-border\" id=\"avada-vertical-menu-widget-2-nav\"><ul class=\"menu\"><li><a href=\"https:\/\/dialinguo.com\/domaines-dintervention\/\" title=\"Back to Parent Page\">Domaines d&#8217;intervention<\/a><\/li><\/ul><\/nav><\/section><div class=\"fusion-additional-widget-content\"><\/div><\/div><div class=\"fusion-clearfix\"><\/div><\/div><\/div><\/div><\/div><div class=\"fusion-fullwidth fullwidth-box fusion-builder-row-2 nonhundred-percent-fullwidth non-hundred-percent-height-scrolling\" style=\"--awb-border-radius-top-left:0px;--awb-border-radius-top-right:0px;--awb-border-radius-bottom-right:0px;--awb-border-radius-bottom-left:0px;--awb-padding-top:30px;--awb-padding-bottom:10px;--awb-margin-top:-10px;--awb-margin-bottom:-60px;--awb-background-color:#73b1c0;\" ><div class=\"fusion-builder-row fusion-row\"><div class=\"fusion-layout-column fusion_builder_column fusion-builder-column-2 fusion_builder_column_2_3 2_3 fusion-two-third fusion-column-first\" style=\"--awb-bg-size:cover;width:66.666666666667%;width:calc(66.666666666667% - ( ( 4% ) * 0.66666666666667 ) );margin-right: 4%;\"><div class=\"fusion-column-wrapper fusion-column-has-shadow fusion-flex-column-wrapper-legacy\"><div class=\"fusion-title title fusion-title-1 fusion-sep-none fusion-title-text fusion-title-size-one\"><h1 class=\"title-heading-left\" style=\"margin:0;\"><h2 style=\"color: white; margin-top: 20px;\">Sie haben ein \u00dcbersetzungsprojekt ? Treten Sie noch heute mit uns zu seiner Ausf\u00fchrung inVerbindung.<\/h2><\/h1><\/div><div class=\"fusion-clearfix\"><\/div><\/div><\/div><div class=\"fusion-layout-column fusion_builder_column fusion-builder-column-3 fusion_builder_column_1_3 1_3 fusion-one-third fusion-column-last\" style=\"--awb-bg-size:cover;width:33.333333333333%;width:calc(33.333333333333% - ( ( 4% ) * 0.33333333333333 ) );\"><div class=\"fusion-column-wrapper fusion-flex-column-wrapper-legacy\"><div class=\"fusion-sep-clear\"><\/div><div class=\"fusion-separator fusion-full-width-sep\" style=\"margin-left: auto;margin-right: auto;margin-top:30px;width:100%;\"><\/div><div class=\"fusion-sep-clear\"><\/div><div class=\"fusion-button-wrapper\"><a class=\"fusion-button button-flat fusion-button-default-size button-default fusion-button-default button-1 fusion-button-default-span fusion-button-default-type contact-bouton\" target=\"_self\" href=\"https:\/\/dialinguo.com\/de\/kontakt\/\"><span class=\"fusion-button-text\">kontakt<\/span><\/a><\/div><div class=\"fusion-clearfix\"><\/div><\/div><\/div><\/div><\/div>\n<\/p>\n","protected":false},"excerpt":{"rendered":"","protected":false},"author":1,"featured_media":0,"parent":845,"menu_order":0,"comment_status":"closed","ping_status":"closed","template":"100-width.php","meta":{"_exactmetrics_skip_tracking":false,"_exactmetrics_sitenote_active":false,"_exactmetrics_sitenote_note":"","_exactmetrics_sitenote_category":0,"footnotes":""},"class_list":["post-799","page","type-page","status-publish","hentry"],"yoast_head":"<!-- This site is optimized with the Yoast SEO plugin v24.5 - https:\/\/yoast.com\/wordpress\/plugins\/seo\/ -->\n<title>Traduction m\u00e9dicale et sant\u00e9 - Dialinguo vous accompagne<\/title>\n<meta name=\"description\" content=\"La traduction m\u00e9dicale est en plein essor. Notre agence de traduction met a votre service plusieurs traducteurs exp\u00e9riment\u00e9s pour r\u00e9aliser votre projet.\" \/>\n<meta name=\"robots\" content=\"index, follow, max-snippet:-1, max-image-preview:large, max-video-preview:-1\" \/>\n<link rel=\"canonical\" href=\"https:\/\/dialinguo.com\/de\/spezialisierungsbereiche\/biomedizin-und-gesundheit\/\" \/>\n<meta property=\"og:locale\" content=\"de_DE\" \/>\n<meta property=\"og:type\" content=\"article\" \/>\n<meta property=\"og:title\" content=\"Traduction m\u00e9dicale et sant\u00e9 - Dialinguo vous accompagne\" \/>\n<meta property=\"og:description\" content=\"La traduction m\u00e9dicale est en plein essor. Notre agence de traduction met a votre service plusieurs traducteurs exp\u00e9riment\u00e9s pour r\u00e9aliser votre projet.\" \/>\n<meta property=\"og:url\" content=\"https:\/\/dialinguo.com\/de\/spezialisierungsbereiche\/biomedizin-und-gesundheit\/\" \/>\n<meta property=\"og:site_name\" content=\"Dialinguo - Agence de traduction\" \/>\n<meta property=\"article:modified_time\" content=\"2019-05-21T09:06:53+00:00\" \/>\n<meta name=\"twitter:card\" content=\"summary_large_image\" \/>\n<meta name=\"twitter:label1\" content=\"Gesch\u00e4tzte Lesezeit\" \/>\n\t<meta name=\"twitter:data1\" content=\"3\u00a0Minuten\" \/>\n<script type=\"application\/ld+json\" class=\"yoast-schema-graph\">{\"@context\":\"https:\/\/schema.org\",\"@graph\":[{\"@type\":\"WebPage\",\"@id\":\"https:\/\/dialinguo.com\/de\/spezialisierungsbereiche\/biomedizin-und-gesundheit\/\",\"url\":\"https:\/\/dialinguo.com\/de\/spezialisierungsbereiche\/biomedizin-und-gesundheit\/\",\"name\":\"Traduction m\u00e9dicale et sant\u00e9 - Dialinguo vous accompagne\",\"isPartOf\":{\"@id\":\"https:\/\/dialinguo.com\/#website\"},\"datePublished\":\"2019-05-20T14:15:56+00:00\",\"dateModified\":\"2019-05-21T09:06:53+00:00\",\"description\":\"La traduction m\u00e9dicale est en plein essor. Notre agence de traduction met a votre service plusieurs traducteurs exp\u00e9riment\u00e9s pour r\u00e9aliser votre projet.\",\"breadcrumb\":{\"@id\":\"https:\/\/dialinguo.com\/de\/spezialisierungsbereiche\/biomedizin-und-gesundheit\/#breadcrumb\"},\"inLanguage\":\"de\",\"potentialAction\":[{\"@type\":\"ReadAction\",\"target\":[\"https:\/\/dialinguo.com\/de\/spezialisierungsbereiche\/biomedizin-und-gesundheit\/\"]}]},{\"@type\":\"BreadcrumbList\",\"@id\":\"https:\/\/dialinguo.com\/de\/spezialisierungsbereiche\/biomedizin-und-gesundheit\/#breadcrumb\",\"itemListElement\":[{\"@type\":\"ListItem\",\"position\":1,\"name\":\"Accueil\",\"item\":\"https:\/\/dialinguo.com\/de\/\"},{\"@type\":\"ListItem\",\"position\":2,\"name\":\"Spezialisierungsbereiche\",\"item\":\"https:\/\/dialinguo.com\/de\/spezialisierungsbereiche\/\"},{\"@type\":\"ListItem\",\"position\":3,\"name\":\"Biomedizin und Gesundheit\"}]},{\"@type\":\"WebSite\",\"@id\":\"https:\/\/dialinguo.com\/#website\",\"url\":\"https:\/\/dialinguo.com\/\",\"name\":\"Dialinguo - Agence de traduction\",\"description\":\"Un m\u00e9tier, une passion : la traduction\",\"potentialAction\":[{\"@type\":\"SearchAction\",\"target\":{\"@type\":\"EntryPoint\",\"urlTemplate\":\"https:\/\/dialinguo.com\/?s={search_term_string}\"},\"query-input\":{\"@type\":\"PropertyValueSpecification\",\"valueRequired\":true,\"valueName\":\"search_term_string\"}}],\"inLanguage\":\"de\"}]}<\/script>\n<!-- \/ Yoast SEO plugin. -->","yoast_head_json":{"title":"Traduction m\u00e9dicale et sant\u00e9 - Dialinguo vous accompagne","description":"La traduction m\u00e9dicale est en plein essor. Notre agence de traduction met a votre service plusieurs traducteurs exp\u00e9riment\u00e9s pour r\u00e9aliser votre projet.","robots":{"index":"index","follow":"follow","max-snippet":"max-snippet:-1","max-image-preview":"max-image-preview:large","max-video-preview":"max-video-preview:-1"},"canonical":"https:\/\/dialinguo.com\/de\/spezialisierungsbereiche\/biomedizin-und-gesundheit\/","og_locale":"de_DE","og_type":"article","og_title":"Traduction m\u00e9dicale et sant\u00e9 - Dialinguo vous accompagne","og_description":"La traduction m\u00e9dicale est en plein essor. Notre agence de traduction met a votre service plusieurs traducteurs exp\u00e9riment\u00e9s pour r\u00e9aliser votre projet.","og_url":"https:\/\/dialinguo.com\/de\/spezialisierungsbereiche\/biomedizin-und-gesundheit\/","og_site_name":"Dialinguo - Agence de traduction","article_modified_time":"2019-05-21T09:06:53+00:00","twitter_card":"summary_large_image","twitter_misc":{"Gesch\u00e4tzte Lesezeit":"3\u00a0Minuten"},"schema":{"@context":"https:\/\/schema.org","@graph":[{"@type":"WebPage","@id":"https:\/\/dialinguo.com\/de\/spezialisierungsbereiche\/biomedizin-und-gesundheit\/","url":"https:\/\/dialinguo.com\/de\/spezialisierungsbereiche\/biomedizin-und-gesundheit\/","name":"Traduction m\u00e9dicale et sant\u00e9 - Dialinguo vous accompagne","isPartOf":{"@id":"https:\/\/dialinguo.com\/#website"},"datePublished":"2019-05-20T14:15:56+00:00","dateModified":"2019-05-21T09:06:53+00:00","description":"La traduction m\u00e9dicale est en plein essor. Notre agence de traduction met a votre service plusieurs traducteurs exp\u00e9riment\u00e9s pour r\u00e9aliser votre projet.","breadcrumb":{"@id":"https:\/\/dialinguo.com\/de\/spezialisierungsbereiche\/biomedizin-und-gesundheit\/#breadcrumb"},"inLanguage":"de","potentialAction":[{"@type":"ReadAction","target":["https:\/\/dialinguo.com\/de\/spezialisierungsbereiche\/biomedizin-und-gesundheit\/"]}]},{"@type":"BreadcrumbList","@id":"https:\/\/dialinguo.com\/de\/spezialisierungsbereiche\/biomedizin-und-gesundheit\/#breadcrumb","itemListElement":[{"@type":"ListItem","position":1,"name":"Accueil","item":"https:\/\/dialinguo.com\/de\/"},{"@type":"ListItem","position":2,"name":"Spezialisierungsbereiche","item":"https:\/\/dialinguo.com\/de\/spezialisierungsbereiche\/"},{"@type":"ListItem","position":3,"name":"Biomedizin und Gesundheit"}]},{"@type":"WebSite","@id":"https:\/\/dialinguo.com\/#website","url":"https:\/\/dialinguo.com\/","name":"Dialinguo - Agence de traduction","description":"Un m\u00e9tier, une passion : la traduction","potentialAction":[{"@type":"SearchAction","target":{"@type":"EntryPoint","urlTemplate":"https:\/\/dialinguo.com\/?s={search_term_string}"},"query-input":{"@type":"PropertyValueSpecification","valueRequired":true,"valueName":"search_term_string"}}],"inLanguage":"de"}]}},"_links":{"self":[{"href":"https:\/\/dialinguo.com\/de\/wp-json\/wp\/v2\/pages\/799","targetHints":{"allow":["GET"]}}],"collection":[{"href":"https:\/\/dialinguo.com\/de\/wp-json\/wp\/v2\/pages"}],"about":[{"href":"https:\/\/dialinguo.com\/de\/wp-json\/wp\/v2\/types\/page"}],"author":[{"embeddable":true,"href":"https:\/\/dialinguo.com\/de\/wp-json\/wp\/v2\/users\/1"}],"replies":[{"embeddable":true,"href":"https:\/\/dialinguo.com\/de\/wp-json\/wp\/v2\/comments?post=799"}],"version-history":[{"count":6,"href":"https:\/\/dialinguo.com\/de\/wp-json\/wp\/v2\/pages\/799\/revisions"}],"predecessor-version":[{"id":939,"href":"https:\/\/dialinguo.com\/de\/wp-json\/wp\/v2\/pages\/799\/revisions\/939"}],"up":[{"embeddable":true,"href":"https:\/\/dialinguo.com\/de\/wp-json\/wp\/v2\/pages\/845"}],"wp:attachment":[{"href":"https:\/\/dialinguo.com\/de\/wp-json\/wp\/v2\/media?parent=799"}],"curies":[{"name":"wp","href":"https:\/\/api.w.org\/{rel}","templated":true}]}}