{"id":805,"date":"2019-05-20T16:27:48","date_gmt":"2019-05-20T14:27:48","guid":{"rendered":"https:\/\/dialinguo.com\/elektronik-und-informatik\/"},"modified":"2019-05-21T10:58:43","modified_gmt":"2019-05-21T08:58:43","slug":"elektronik-und-informatik","status":"publish","type":"page","link":"https:\/\/dialinguo.com\/de\/spezialisierungsbereiche\/elektronik-und-informatik\/","title":{"rendered":"Elektronik und Informatik"},"content":{"rendered":"<p><div class=\"fusion-fullwidth fullwidth-box fusion-builder-row-1 nonhundred-percent-fullwidth non-hundred-percent-height-scrolling\" style=\"--awb-border-radius-top-left:0px;--awb-border-radius-top-right:0px;--awb-border-radius-bottom-right:0px;--awb-border-radius-bottom-left:0px;\" ><div class=\"fusion-builder-row fusion-row\"><div class=\"fusion-layout-column fusion_builder_column fusion-builder-column-0 fusion_builder_column_4_5 4_5 fusion-four-fifth fusion-column-first\" style=\"--awb-bg-size:cover;width:80%;width:calc(80% - ( ( 4% ) * 0.8 ) );margin-right: 4%;\"><div class=\"fusion-column-wrapper fusion-flex-column-wrapper-legacy\"><div class=\"fusion-text fusion-text-1\"><h2>\u00dcbersetzung in den Fachbereichen Elektrotechnik und IT-Lokalisierung<\/h2>\n<h3>Informatik-\u00dcbersetzungen durch Dialinguo<\/h3>\n<p>Ein wichtiger Anteil der Aktivit\u00e4ten von Dialinguo betrifft \u00dcbersetzungen zu Themen der<br \/>\nDatenverarbeitung. Betroffen sind Dokumente folgender Art:<\/p>\n<ul>\n<li>Verfahren und bew\u00e4hrten Praktiken,<\/li>\n<li>papierlose Vertr\u00e4ge,<\/li>\n<li>Softwareschnittstellen,<\/li>\n<li>Videospiele,<\/li>\n<li>E-Learning und Online-Schulungsprogramme,<\/li>\n<li>IT-Lastenhefte,<\/li>\n<li>Webseiten, Kundenkontakt und Verwaltung,<br \/>\nusw.<\/li>\n<\/ul>\n<p>\u00dcbersetzungsprojekte auf dem Gebiet der Informatik sind wegen der unterschiedlichen Themen sehr<br \/>\ninteressant. Jedoch bleibt ihre Durchf\u00fchrung erfahrenen \u00dcbersetzern vorbehalten. Der Anteil<br \/>\nspezieller EDV-Terminologie ist in solchen \u00dcbersetzungen sehr hoch, weshalb eine gute<br \/>\nProjektverwaltung einzuplanen ist. Im Ablauf solcher Projekte kommt es bei Dialinguo zu zahllosen<br \/>\nDiskussionen und R\u00fcckfragen.<\/p>\n<p>&nbsp;<\/p>\n<h3>\u00dcbersetzung eines Videospiels<\/h3>\n<p>Wir haben innerhalb unserer \u00dcbersetzungsagentur zahlreiche Informatik-Projekte erfolgreich<br \/>\nabgeschlossen. Auf Anregung unserer Mitarbeiterin Laura w\u00fcrden wir bei Dialinguo gerne eine auf<br \/>\nVideospiele spezialisierte Abteilung einrichten. Wir teilen deshalb an dieser Stelle allen Entwicklern<br \/>\nvon Videospielen und Serious Games mit, dass wir bereit sind ihnen hierf\u00fcr einen engagierten,<br \/>\nangepassten \u00dcbersetzungsdienst zu bieten.<\/p>\n<h2>Lokalisierung oder \u00dcbersetzung von Software<\/h2>\n<p>Unter Lokalisierung einer Software versteht man eine auf solche Weise angefertigte \u00dcbersetzung einer Benutzerschnittstelle, dass diese in der Zielsprache in benutzerfreundlicher Version verf\u00fcgbar ist. Sofwarefirmen lokalisieren ihre Produkte, um sie den W\u00fcnschen der von ihrer Marketingstrategie angesprochenen Zielgruppe anzupassen. Zus\u00e4tzlich zur \u00dcbersetzung besorgt der \u00dcbersetzer hierbei eine Anpassung der Software an die Kultur des Landes, f\u00fcr das sie bestimmt ist.<\/p>\n<p>Um ein solches Projekt zufriedenstellend durchzuf\u00fchren, sind die Art der Benutzer der Software und deren Erfahrungen in Kenntnis zu bringen. Wird zum Beispiel ein Kundenkreis von Ingenieursniveau angesprochen, so bem\u00fcht sich der \u00dcbersetzer darum pr\u00e4zise Fachausdr\u00fccke zu verwenden, was aber im \u00dcbersetzungsverlauf zahlreiche R\u00fcckfragen des \u00dcbersetzungsteams bei seinem Auftraggeber<br \/>\nerfordert.<\/p>\n<p>Die \u00dcbersetzung von Software-Schnittstellen kann auch zu weiteren erg\u00e4nzenden, ebenso wichtigen \u00dcbersetzungsarbeiten f\u00fchren, welche Mitteilungen zum Einsatz der Software betreffen. Tooltips, Tutorials und andere Anleitungen sind zur richtigen Verwendung einer Applikation n\u00f6tig und m\u00fcssen mit besonderer Sorgfalt \u00fcbersetzt werden.<\/p>\n<p>F\u00fcr solche Auftr\u00e4ge verweist <strong>Dialinguo<\/strong> auf:<\/p>\n<ul>\n<li>seine Kenntnisse der Fachbegriffe der Datenverarbeitung,<\/li>\n<li>seine Kenntnis der Ausgangssprache,<\/li>\n<li>seine Beherrschung zahlreicher Software-Tools,<\/li>\n<li>seine Anpassungsf\u00e4higkeiten an neue Software.<\/li>\n<\/ul>\n<p>*Zum Abschluss des Projekts \u00fcberpr\u00fcft Dialinguo seine Arbeiten unter Einsatz leistungsstarker<br \/>\nQualit\u00e4tssicherungstools, wobei die \u00dcbersetzung mittels einer Reihe von Tests best\u00e4tigt werden<br \/>\nmuss.<\/p>\n<p>&nbsp;<\/p>\n<h2>Elektrotechnik, zu beherrschende Terminologie<\/h2>\n<p>\u00dcbersetzungen auf dem Gebiet der Elektrotechnik betreffen spezielle Einrichtungen und Ger\u00e4te,<br \/>\nwozu sich der \u00dcbersetzer mit einer besonderen Terminologie anfreunden muss. Wir nutzen bei<br \/>\nDialinguo die Tatsache schon zahlreiche sehr unterschiedliche Projekte dieser Art \u00fcbernommen zu<br \/>\nhaben. Sie k\u00f6nnen sich darauf verlassen, dass in unseren \u00dcbersetzungen alle Elektrobauteile,<br \/>\nspezielle Vorrichtungen, in Anleitungen oder St\u00fccklisten enthaltene Elemente usw. genau so benannt<br \/>\nsind, wie sie auch von den Benutzern der \u00fcbersetzen Dokumente im Einsatz bezeichnet werden.<\/p>\n<\/div><div class=\"fusion-image-element in-legacy-container\" style=\"--awb-caption-title-font-family:var(--h2_typography-font-family);--awb-caption-title-font-weight:var(--h2_typography-font-weight);--awb-caption-title-font-style:var(--h2_typography-font-style);--awb-caption-title-size:var(--h2_typography-font-size);--awb-caption-title-transform:var(--h2_typography-text-transform);--awb-caption-title-line-height:var(--h2_typography-line-height);--awb-caption-title-letter-spacing:var(--h2_typography-letter-spacing);\"><span class=\" fusion-imageframe imageframe-none imageframe-1 hover-type-none\" class=\"image-magnify\" class=\"image-scroll\"><img decoding=\"async\" width=\"1900\" height=\"762\" title=\"Dialinguo-team-traduction-expert\" src=\"https:\/\/dialinguo.com\/wp-content\/uploads\/2018\/11\/Dialinguo-team-traduction-expert.jpg\" alt class=\"img-responsive wp-image-480\" srcset=\"https:\/\/dialinguo.com\/wp-content\/uploads\/2018\/11\/Dialinguo-team-traduction-expert-200x80.jpg 200w, https:\/\/dialinguo.com\/wp-content\/uploads\/2018\/11\/Dialinguo-team-traduction-expert-400x160.jpg 400w, https:\/\/dialinguo.com\/wp-content\/uploads\/2018\/11\/Dialinguo-team-traduction-expert-600x241.jpg 600w, https:\/\/dialinguo.com\/wp-content\/uploads\/2018\/11\/Dialinguo-team-traduction-expert-800x321.jpg 800w, https:\/\/dialinguo.com\/wp-content\/uploads\/2018\/11\/Dialinguo-team-traduction-expert-1200x481.jpg 1200w, https:\/\/dialinguo.com\/wp-content\/uploads\/2018\/11\/Dialinguo-team-traduction-expert.jpg 1900w\" sizes=\"(max-width: 800px) 100vw, 1200px\" \/><\/span><\/div><div class=\"fusion-clearfix\"><\/div><\/div><\/div><div class=\"fusion-layout-column fusion_builder_column fusion-builder-column-1 fusion_builder_column_1_5 1_5 fusion-one-fifth fusion-column-last\" style=\"--awb-bg-size:cover;width:20%;width:calc(20% - ( ( 4% ) * 0.2 ) );\"><div class=\"fusion-column-wrapper fusion-flex-column-wrapper-legacy\"><div class=\"fusion-widget-area awb-widget-area-element fusion-widget-area-1 fusion-content-widget-area\" style=\"--awb-title-color:#333333;--awb-padding:0px 0px 0px 0px;\"><style type=\"text\/css\" data-id=\"avada-vertical-menu-widget-2\">#avada-vertical-menu-widget-2 > ul.menu { margin-top: -8px; }<\/style><section id=\"avada-vertical-menu-widget-2\" class=\"widget avada_vertical_menu\"><style>#fusion-vertical-menu-widget-avada-vertical-menu-widget-2-nav ul.menu li a {font-size:14px;}<\/style><nav class=\"fusion-vertical-menu-widget fusion-menu hover left no-border\" id=\"avada-vertical-menu-widget-2-nav\"><ul class=\"menu\"><li><a href=\"https:\/\/dialinguo.com\/domaines-dintervention\/\" title=\"Back to Parent Page\">Domaines d&#8217;intervention<\/a><\/li><\/ul><\/nav><\/section><div class=\"fusion-additional-widget-content\"><\/div><\/div><div class=\"fusion-clearfix\"><\/div><\/div><\/div><\/div><\/div><div class=\"fusion-fullwidth fullwidth-box fusion-builder-row-2 nonhundred-percent-fullwidth non-hundred-percent-height-scrolling\" style=\"--awb-border-radius-top-left:0px;--awb-border-radius-top-right:0px;--awb-border-radius-bottom-right:0px;--awb-border-radius-bottom-left:0px;--awb-padding-top:30px;--awb-padding-bottom:10px;--awb-margin-top:-10px;--awb-margin-bottom:-60px;--awb-background-color:#73b1c0;\" ><div class=\"fusion-builder-row fusion-row\"><div class=\"fusion-layout-column fusion_builder_column fusion-builder-column-2 fusion_builder_column_2_3 2_3 fusion-two-third fusion-column-first\" style=\"--awb-bg-size:cover;width:66.666666666667%;width:calc(66.666666666667% - ( ( 4% ) * 0.66666666666667 ) );margin-right: 4%;\"><div class=\"fusion-column-wrapper fusion-column-has-shadow fusion-flex-column-wrapper-legacy\"><div class=\"fusion-title title fusion-title-1 fusion-sep-none fusion-title-text fusion-title-size-one\"><h1 class=\"title-heading-left\" style=\"margin:0;\"><h2 style=\"color: white; margin-top: 20px;\">Sie haben ein \u00dcbersetzungsprojekt? Treten Sie noch heute mit uns zu seiner Ausf\u00fchrung inVerbindung.<\/h2><\/h1><\/div><div class=\"fusion-clearfix\"><\/div><\/div><\/div><div class=\"fusion-layout-column fusion_builder_column fusion-builder-column-3 fusion_builder_column_1_3 1_3 fusion-one-third fusion-column-last\" style=\"--awb-bg-size:cover;width:33.333333333333%;width:calc(33.333333333333% - ( ( 4% ) * 0.33333333333333 ) );\"><div class=\"fusion-column-wrapper fusion-flex-column-wrapper-legacy\"><div class=\"fusion-sep-clear\"><\/div><div class=\"fusion-separator fusion-full-width-sep\" style=\"margin-left: auto;margin-right: auto;margin-top:30px;width:100%;\"><\/div><div class=\"fusion-sep-clear\"><\/div><div class=\"fusion-button-wrapper\"><a class=\"fusion-button button-flat fusion-button-default-size button-default fusion-button-default button-1 fusion-button-default-span fusion-button-default-type contact-bouton\" target=\"_self\" href=\"https:\/\/dialinguo.com\/de\/kontakt\/\"><span class=\"fusion-button-text\">kontakt<\/span><\/a><\/div><div class=\"fusion-clearfix\"><\/div><\/div><\/div><\/div><\/div><\/p>\n","protected":false},"excerpt":{"rendered":"","protected":false},"author":1,"featured_media":0,"parent":845,"menu_order":0,"comment_status":"closed","ping_status":"closed","template":"100-width.php","meta":{"_exactmetrics_skip_tracking":false,"_exactmetrics_sitenote_active":false,"_exactmetrics_sitenote_note":"","_exactmetrics_sitenote_category":0,"footnotes":""},"class_list":["post-805","page","type-page","status-publish","hentry"],"yoast_head":"<!-- This site is optimized with the Yoast SEO plugin v24.5 - https:\/\/yoast.com\/wordpress\/plugins\/seo\/ -->\n<title>Traduction informatique - Localisation - Traduction IT avec Dialinguo<\/title>\n<meta name=\"description\" content=\"La traduction informatique et electrotechnique est un enjeu important pour les entreprises du secteur. Confiez-nous votre projet d\u00e8s maintenant !\" \/>\n<meta name=\"robots\" content=\"index, follow, max-snippet:-1, max-image-preview:large, max-video-preview:-1\" \/>\n<link rel=\"canonical\" href=\"https:\/\/dialinguo.com\/de\/spezialisierungsbereiche\/elektronik-und-informatik\/\" \/>\n<meta property=\"og:locale\" content=\"de_DE\" \/>\n<meta property=\"og:type\" content=\"article\" \/>\n<meta property=\"og:title\" content=\"Traduction informatique - Localisation - Traduction IT avec Dialinguo\" \/>\n<meta property=\"og:description\" content=\"La traduction informatique et electrotechnique est un enjeu important pour les entreprises du secteur. Confiez-nous votre projet d\u00e8s maintenant !\" \/>\n<meta property=\"og:url\" content=\"https:\/\/dialinguo.com\/de\/spezialisierungsbereiche\/elektronik-und-informatik\/\" \/>\n<meta property=\"og:site_name\" content=\"Dialinguo - Agence de traduction\" \/>\n<meta property=\"article:modified_time\" content=\"2019-05-21T08:58:43+00:00\" \/>\n<meta name=\"twitter:card\" content=\"summary_large_image\" \/>\n<meta name=\"twitter:label1\" content=\"Gesch\u00e4tzte Lesezeit\" \/>\n\t<meta name=\"twitter:data1\" content=\"6\u00a0Minuten\" \/>\n<script type=\"application\/ld+json\" class=\"yoast-schema-graph\">{\"@context\":\"https:\/\/schema.org\",\"@graph\":[{\"@type\":\"WebPage\",\"@id\":\"https:\/\/dialinguo.com\/de\/spezialisierungsbereiche\/elektronik-und-informatik\/\",\"url\":\"https:\/\/dialinguo.com\/de\/spezialisierungsbereiche\/elektronik-und-informatik\/\",\"name\":\"Traduction informatique - Localisation - Traduction IT avec Dialinguo\",\"isPartOf\":{\"@id\":\"https:\/\/dialinguo.com\/#website\"},\"datePublished\":\"2019-05-20T14:27:48+00:00\",\"dateModified\":\"2019-05-21T08:58:43+00:00\",\"description\":\"La traduction informatique et electrotechnique est un enjeu important pour les entreprises du secteur. Confiez-nous votre projet d\u00e8s maintenant !\",\"breadcrumb\":{\"@id\":\"https:\/\/dialinguo.com\/de\/spezialisierungsbereiche\/elektronik-und-informatik\/#breadcrumb\"},\"inLanguage\":\"de\",\"potentialAction\":[{\"@type\":\"ReadAction\",\"target\":[\"https:\/\/dialinguo.com\/de\/spezialisierungsbereiche\/elektronik-und-informatik\/\"]}]},{\"@type\":\"BreadcrumbList\",\"@id\":\"https:\/\/dialinguo.com\/de\/spezialisierungsbereiche\/elektronik-und-informatik\/#breadcrumb\",\"itemListElement\":[{\"@type\":\"ListItem\",\"position\":1,\"name\":\"Accueil\",\"item\":\"https:\/\/dialinguo.com\/de\/\"},{\"@type\":\"ListItem\",\"position\":2,\"name\":\"Spezialisierungsbereiche\",\"item\":\"https:\/\/dialinguo.com\/de\/spezialisierungsbereiche\/\"},{\"@type\":\"ListItem\",\"position\":3,\"name\":\"Elektronik und Informatik\"}]},{\"@type\":\"WebSite\",\"@id\":\"https:\/\/dialinguo.com\/#website\",\"url\":\"https:\/\/dialinguo.com\/\",\"name\":\"Dialinguo - Agence de traduction\",\"description\":\"Un m\u00e9tier, une passion : la traduction\",\"potentialAction\":[{\"@type\":\"SearchAction\",\"target\":{\"@type\":\"EntryPoint\",\"urlTemplate\":\"https:\/\/dialinguo.com\/?s={search_term_string}\"},\"query-input\":{\"@type\":\"PropertyValueSpecification\",\"valueRequired\":true,\"valueName\":\"search_term_string\"}}],\"inLanguage\":\"de\"}]}<\/script>\n<!-- \/ Yoast SEO plugin. -->","yoast_head_json":{"title":"Traduction informatique - Localisation - Traduction IT avec Dialinguo","description":"La traduction informatique et electrotechnique est un enjeu important pour les entreprises du secteur. Confiez-nous votre projet d\u00e8s maintenant !","robots":{"index":"index","follow":"follow","max-snippet":"max-snippet:-1","max-image-preview":"max-image-preview:large","max-video-preview":"max-video-preview:-1"},"canonical":"https:\/\/dialinguo.com\/de\/spezialisierungsbereiche\/elektronik-und-informatik\/","og_locale":"de_DE","og_type":"article","og_title":"Traduction informatique - Localisation - Traduction IT avec Dialinguo","og_description":"La traduction informatique et electrotechnique est un enjeu important pour les entreprises du secteur. Confiez-nous votre projet d\u00e8s maintenant !","og_url":"https:\/\/dialinguo.com\/de\/spezialisierungsbereiche\/elektronik-und-informatik\/","og_site_name":"Dialinguo - Agence de traduction","article_modified_time":"2019-05-21T08:58:43+00:00","twitter_card":"summary_large_image","twitter_misc":{"Gesch\u00e4tzte Lesezeit":"6\u00a0Minuten"},"schema":{"@context":"https:\/\/schema.org","@graph":[{"@type":"WebPage","@id":"https:\/\/dialinguo.com\/de\/spezialisierungsbereiche\/elektronik-und-informatik\/","url":"https:\/\/dialinguo.com\/de\/spezialisierungsbereiche\/elektronik-und-informatik\/","name":"Traduction informatique - Localisation - Traduction IT avec Dialinguo","isPartOf":{"@id":"https:\/\/dialinguo.com\/#website"},"datePublished":"2019-05-20T14:27:48+00:00","dateModified":"2019-05-21T08:58:43+00:00","description":"La traduction informatique et electrotechnique est un enjeu important pour les entreprises du secteur. Confiez-nous votre projet d\u00e8s maintenant !","breadcrumb":{"@id":"https:\/\/dialinguo.com\/de\/spezialisierungsbereiche\/elektronik-und-informatik\/#breadcrumb"},"inLanguage":"de","potentialAction":[{"@type":"ReadAction","target":["https:\/\/dialinguo.com\/de\/spezialisierungsbereiche\/elektronik-und-informatik\/"]}]},{"@type":"BreadcrumbList","@id":"https:\/\/dialinguo.com\/de\/spezialisierungsbereiche\/elektronik-und-informatik\/#breadcrumb","itemListElement":[{"@type":"ListItem","position":1,"name":"Accueil","item":"https:\/\/dialinguo.com\/de\/"},{"@type":"ListItem","position":2,"name":"Spezialisierungsbereiche","item":"https:\/\/dialinguo.com\/de\/spezialisierungsbereiche\/"},{"@type":"ListItem","position":3,"name":"Elektronik und Informatik"}]},{"@type":"WebSite","@id":"https:\/\/dialinguo.com\/#website","url":"https:\/\/dialinguo.com\/","name":"Dialinguo - Agence de traduction","description":"Un m\u00e9tier, une passion : la traduction","potentialAction":[{"@type":"SearchAction","target":{"@type":"EntryPoint","urlTemplate":"https:\/\/dialinguo.com\/?s={search_term_string}"},"query-input":{"@type":"PropertyValueSpecification","valueRequired":true,"valueName":"search_term_string"}}],"inLanguage":"de"}]}},"_links":{"self":[{"href":"https:\/\/dialinguo.com\/de\/wp-json\/wp\/v2\/pages\/805","targetHints":{"allow":["GET"]}}],"collection":[{"href":"https:\/\/dialinguo.com\/de\/wp-json\/wp\/v2\/pages"}],"about":[{"href":"https:\/\/dialinguo.com\/de\/wp-json\/wp\/v2\/types\/page"}],"author":[{"embeddable":true,"href":"https:\/\/dialinguo.com\/de\/wp-json\/wp\/v2\/users\/1"}],"replies":[{"embeddable":true,"href":"https:\/\/dialinguo.com\/de\/wp-json\/wp\/v2\/comments?post=805"}],"version-history":[{"count":7,"href":"https:\/\/dialinguo.com\/de\/wp-json\/wp\/v2\/pages\/805\/revisions"}],"predecessor-version":[{"id":936,"href":"https:\/\/dialinguo.com\/de\/wp-json\/wp\/v2\/pages\/805\/revisions\/936"}],"up":[{"embeddable":true,"href":"https:\/\/dialinguo.com\/de\/wp-json\/wp\/v2\/pages\/845"}],"wp:attachment":[{"href":"https:\/\/dialinguo.com\/de\/wp-json\/wp\/v2\/media?parent=805"}],"curies":[{"name":"wp","href":"https:\/\/api.w.org\/{rel}","templated":true}]}}