{"id":811,"date":"2019-05-20T16:34:44","date_gmt":"2019-05-20T14:34:44","guid":{"rendered":"https:\/\/dialinguo.com\/recht-und-verwaltung\/"},"modified":"2019-05-21T11:13:31","modified_gmt":"2019-05-21T09:13:31","slug":"recht-und-verwaltung","status":"publish","type":"page","link":"https:\/\/dialinguo.com\/de\/spezialisierungsbereiche\/recht-und-verwaltung\/","title":{"rendered":"Recht und Verwaltung"},"content":{"rendered":"<p><div class=\"fusion-fullwidth fullwidth-box fusion-builder-row-1 nonhundred-percent-fullwidth non-hundred-percent-height-scrolling\" style=\"--awb-border-radius-top-left:0px;--awb-border-radius-top-right:0px;--awb-border-radius-bottom-right:0px;--awb-border-radius-bottom-left:0px;\" ><div class=\"fusion-builder-row fusion-row\"><div class=\"fusion-layout-column fusion_builder_column fusion-builder-column-0 fusion_builder_column_4_5 4_5 fusion-four-fifth fusion-column-first\" style=\"--awb-bg-size:cover;width:80%;width:calc(80% - ( ( 4% ) * 0.8 ) );margin-right: 4%;\"><div class=\"fusion-column-wrapper fusion-flex-column-wrapper-legacy\"><div class=\"fusion-text fusion-text-1\"><h2>Juristische \u00dcbersetzungen in mehrere Sprachen<\/h2>\n<p>In den Bereichen des Rechts und der Verwaltung kommt der \u00dcbersetzung eine wichtige Rolle zu. Die Rechtsprechung ist ein \u00e4u\u00dferst diversifiziertes Gebiet und erfordert Spezialisierungen. Gleiches gilt f\u00fcr den juristischen \u00dcbersetzer, der sowohl die Sprache als auch die Schwierigkeiten richtiger Wiedergabe des Sinns meistern muss.<\/p>\n<p>Wie unterstreichen bei Dialinguo unsere Erfahrungen auf diesem Gebiet, welche unseren<br \/>\nGesch\u00e4ftsverkehr erleichtern und uns die \u00dcbersetzung sehr verschiedenartiger Dokumente<br \/>\nerm\u00f6glichen, wie:<\/p>\n<ul>\n<li>Satzungen von Unternehmen,<\/li>\n<li>Gesch\u00e4ftsvertr\u00e4ge,<\/li>\n<li>Gutachten,<\/li>\n<li>Urteile,<\/li>\n<li>Versicherungsvertr\u00e4ge,<\/li>\n<li>Protokolle von Generalversammlungen,<\/li>\n<li>verschiedene mit dem Betrieb eines Unternehmens einhergehende Rechtsakte,<\/li>\n<li>Mitteilungen an die Presse,<\/li>\n<li>Jahresberichte<br \/>\nusw.<\/li>\n<\/ul>\n<p>Die Ausf\u00fchrung juristischer \u00dcbersetzungen kann Kontakte zu Anw\u00e4lten, Rechtsexperten und<br \/>\nleitendem Verwaltungspersonal mit sich bringen. \u00dcbersetzungen zu rechtlichen und administrativen<br \/>\nThemen erfordern Terminologierecherchen und Studien zum vergleichenden Recht, um rechtliche<br \/>\nPrinzipien eines Landes in der Sprache eines anderen ausdr\u00fccken zu k\u00f6nnen.<\/p>\n<h2>Gew\u00e4hrleistung hohen Qualit\u00e4tsniveaus der \u00dcbersetzungen<\/h2>\n<p>Das Dialinguo-Team nennt mehrere Qualit\u00e4tskriterien:<\/p>\n<ul>\n<li>Kenntnisse des Rechts und der Rechtsterminologie,<\/li>\n<li>Beherrschung der Ausgangssprache,<\/li>\n<li>gutes schriftliches Ausdrucksverm\u00f6gen,<\/li>\n<li>Vertraulichkeit.<\/li>\n<\/ul>\n<p>Hinsichtlich des letzteren Punkts sichert Dialinguo die Geheimhaltung des Inhalts der ihm<br \/>\nanvertrauten Projekte, indem es gleich zu Beginn jeder Zusammenarbeit eine Verpflichtung<br \/>\nunterzeichnet.<\/p>\n<p>Die \u00dcbersetzer des Dialinguo-Netzes arbeiten auf Grundlage folgender Prinzipien:<\/p>\n<ul>\n<li>Es werden nur Arbeiten akzeptiert, deren Ausf\u00fchrungsqualit\u00e4t der \u00dcbersetzer selbst gew\u00e4hrleisten kann,<\/li>\n<li>und die \u00dcbersetzung erfolgt immer in die Muttersprache des \u00dcbersetzers.<\/li>\n<\/ul>\n<\/div><div class=\"fusion-image-element in-legacy-container\" style=\"--awb-caption-title-font-family:var(--h2_typography-font-family);--awb-caption-title-font-weight:var(--h2_typography-font-weight);--awb-caption-title-font-style:var(--h2_typography-font-style);--awb-caption-title-size:var(--h2_typography-font-size);--awb-caption-title-transform:var(--h2_typography-text-transform);--awb-caption-title-line-height:var(--h2_typography-line-height);--awb-caption-title-letter-spacing:var(--h2_typography-letter-spacing);\"><span class=\" fusion-imageframe imageframe-none imageframe-1 hover-type-none\" class=\"image-magnify\" class=\"image-scroll\"><img decoding=\"async\" width=\"1900\" height=\"762\" title=\"Dialinguo-team-traduction-expert\" src=\"https:\/\/dialinguo.com\/wp-content\/uploads\/2018\/11\/Dialinguo-team-traduction-expert.jpg\" alt class=\"img-responsive wp-image-480\" srcset=\"https:\/\/dialinguo.com\/wp-content\/uploads\/2018\/11\/Dialinguo-team-traduction-expert-200x80.jpg 200w, https:\/\/dialinguo.com\/wp-content\/uploads\/2018\/11\/Dialinguo-team-traduction-expert-400x160.jpg 400w, https:\/\/dialinguo.com\/wp-content\/uploads\/2018\/11\/Dialinguo-team-traduction-expert-600x241.jpg 600w, https:\/\/dialinguo.com\/wp-content\/uploads\/2018\/11\/Dialinguo-team-traduction-expert-800x321.jpg 800w, https:\/\/dialinguo.com\/wp-content\/uploads\/2018\/11\/Dialinguo-team-traduction-expert-1200x481.jpg 1200w, https:\/\/dialinguo.com\/wp-content\/uploads\/2018\/11\/Dialinguo-team-traduction-expert.jpg 1900w\" sizes=\"(max-width: 800px) 100vw, 1200px\" \/><\/span><\/div><div class=\"fusion-clearfix\"><\/div><\/div><\/div><div class=\"fusion-layout-column fusion_builder_column fusion-builder-column-1 fusion_builder_column_1_5 1_5 fusion-one-fifth fusion-column-last\" style=\"--awb-bg-size:cover;width:20%;width:calc(20% - ( ( 4% ) * 0.2 ) );\"><div class=\"fusion-column-wrapper fusion-flex-column-wrapper-legacy\"><div class=\"fusion-widget-area awb-widget-area-element fusion-widget-area-1 fusion-content-widget-area\" style=\"--awb-title-color:#333333;--awb-padding:0px 0px 0px 0px;\"><style type=\"text\/css\" data-id=\"avada-vertical-menu-widget-2\">#avada-vertical-menu-widget-2 > ul.menu { margin-top: -8px; }<\/style><section id=\"avada-vertical-menu-widget-2\" class=\"widget avada_vertical_menu\"><style>#fusion-vertical-menu-widget-avada-vertical-menu-widget-2-nav ul.menu li a {font-size:14px;}<\/style><nav class=\"fusion-vertical-menu-widget fusion-menu hover left no-border\" id=\"avada-vertical-menu-widget-2-nav\"><ul class=\"menu\"><li><a href=\"https:\/\/dialinguo.com\/domaines-dintervention\/\" title=\"Back to Parent Page\">Domaines d&#8217;intervention<\/a><\/li><\/ul><\/nav><\/section><div class=\"fusion-additional-widget-content\"><\/div><\/div><div class=\"fusion-clearfix\"><\/div><\/div><\/div><\/div><\/div><div class=\"fusion-fullwidth fullwidth-box fusion-builder-row-2 nonhundred-percent-fullwidth non-hundred-percent-height-scrolling\" style=\"--awb-border-radius-top-left:0px;--awb-border-radius-top-right:0px;--awb-border-radius-bottom-right:0px;--awb-border-radius-bottom-left:0px;--awb-padding-top:30px;--awb-padding-bottom:10px;--awb-margin-top:-10px;--awb-margin-bottom:-60px;--awb-background-color:#73b1c0;\" ><div class=\"fusion-builder-row fusion-row\"><div class=\"fusion-layout-column fusion_builder_column fusion-builder-column-2 fusion_builder_column_2_3 2_3 fusion-two-third fusion-column-first\" style=\"--awb-bg-size:cover;width:66.666666666667%;width:calc(66.666666666667% - ( ( 4% ) * 0.66666666666667 ) );margin-right: 4%;\"><div class=\"fusion-column-wrapper fusion-column-has-shadow fusion-flex-column-wrapper-legacy\"><div class=\"fusion-title title fusion-title-1 fusion-sep-none fusion-title-text fusion-title-size-one\"><h1 class=\"title-heading-left\" style=\"margin:0;\"><h2 style=\"color: white; margin-top: 20px;\">Sie haben ein \u00dcbersetzungsprojekt ? Treten Sie noch heute mit uns zu seiner Ausf\u00fchrung inVerbindung.<\/h2><\/h1><\/div><div class=\"fusion-clearfix\"><\/div><\/div><\/div><div class=\"fusion-layout-column fusion_builder_column fusion-builder-column-3 fusion_builder_column_1_3 1_3 fusion-one-third fusion-column-last\" style=\"--awb-bg-size:cover;width:33.333333333333%;width:calc(33.333333333333% - ( ( 4% ) * 0.33333333333333 ) );\"><div class=\"fusion-column-wrapper fusion-flex-column-wrapper-legacy\"><div class=\"fusion-sep-clear\"><\/div><div class=\"fusion-separator fusion-full-width-sep\" style=\"margin-left: auto;margin-right: auto;margin-top:30px;width:100%;\"><\/div><div class=\"fusion-sep-clear\"><\/div><div class=\"fusion-button-wrapper\"><a class=\"fusion-button button-flat fusion-button-default-size button-default fusion-button-default button-1 fusion-button-default-span fusion-button-default-type contact-bouton\" target=\"_self\" href=\"https:\/\/dialinguo.com\/de\/kontakt\/\"><span class=\"fusion-button-text\">kontakt<\/span><\/a><\/div><div class=\"fusion-clearfix\"><\/div><\/div><\/div><\/div><\/div>\n<\/p>\n","protected":false},"excerpt":{"rendered":"","protected":false},"author":1,"featured_media":0,"parent":845,"menu_order":0,"comment_status":"closed","ping_status":"closed","template":"100-width.php","meta":{"_exactmetrics_skip_tracking":false,"_exactmetrics_sitenote_active":false,"_exactmetrics_sitenote_note":"","_exactmetrics_sitenote_category":0,"footnotes":""},"class_list":["post-811","page","type-page","status-publish","hentry"],"yoast_head":"<!-- This site is optimized with the Yoast SEO plugin v24.5 - https:\/\/yoast.com\/wordpress\/plugins\/seo\/ -->\n<title>Traduction juridique et administradive - Pensez Dialinguo !<\/title>\n<meta name=\"description\" content=\"La traduction juridique est notre m\u00e9tier. Confiez-nous vos projets pour un travail rapide et soign\u00e9. Demandez Dialinguo !\" \/>\n<meta name=\"robots\" content=\"index, follow, max-snippet:-1, max-image-preview:large, max-video-preview:-1\" \/>\n<link rel=\"canonical\" href=\"https:\/\/dialinguo.com\/de\/spezialisierungsbereiche\/recht-und-verwaltung\/\" \/>\n<meta property=\"og:locale\" content=\"de_DE\" \/>\n<meta property=\"og:type\" content=\"article\" \/>\n<meta property=\"og:title\" content=\"Traduction juridique et administradive - Pensez Dialinguo !\" \/>\n<meta property=\"og:description\" content=\"La traduction juridique est notre m\u00e9tier. Confiez-nous vos projets pour un travail rapide et soign\u00e9. Demandez Dialinguo !\" \/>\n<meta property=\"og:url\" content=\"https:\/\/dialinguo.com\/de\/spezialisierungsbereiche\/recht-und-verwaltung\/\" \/>\n<meta property=\"og:site_name\" content=\"Dialinguo - Agence de traduction\" \/>\n<meta property=\"article:modified_time\" content=\"2019-05-21T09:13:31+00:00\" \/>\n<meta name=\"twitter:card\" content=\"summary_large_image\" \/>\n<meta name=\"twitter:label1\" content=\"Gesch\u00e4tzte Lesezeit\" \/>\n\t<meta name=\"twitter:data1\" content=\"3\u00a0Minuten\" \/>\n<script type=\"application\/ld+json\" class=\"yoast-schema-graph\">{\"@context\":\"https:\/\/schema.org\",\"@graph\":[{\"@type\":\"WebPage\",\"@id\":\"https:\/\/dialinguo.com\/de\/spezialisierungsbereiche\/recht-und-verwaltung\/\",\"url\":\"https:\/\/dialinguo.com\/de\/spezialisierungsbereiche\/recht-und-verwaltung\/\",\"name\":\"Traduction juridique et administradive - Pensez Dialinguo !\",\"isPartOf\":{\"@id\":\"https:\/\/dialinguo.com\/#website\"},\"datePublished\":\"2019-05-20T14:34:44+00:00\",\"dateModified\":\"2019-05-21T09:13:31+00:00\",\"description\":\"La traduction juridique est notre m\u00e9tier. Confiez-nous vos projets pour un travail rapide et soign\u00e9. Demandez Dialinguo !\",\"breadcrumb\":{\"@id\":\"https:\/\/dialinguo.com\/de\/spezialisierungsbereiche\/recht-und-verwaltung\/#breadcrumb\"},\"inLanguage\":\"de\",\"potentialAction\":[{\"@type\":\"ReadAction\",\"target\":[\"https:\/\/dialinguo.com\/de\/spezialisierungsbereiche\/recht-und-verwaltung\/\"]}]},{\"@type\":\"BreadcrumbList\",\"@id\":\"https:\/\/dialinguo.com\/de\/spezialisierungsbereiche\/recht-und-verwaltung\/#breadcrumb\",\"itemListElement\":[{\"@type\":\"ListItem\",\"position\":1,\"name\":\"Accueil\",\"item\":\"https:\/\/dialinguo.com\/de\/\"},{\"@type\":\"ListItem\",\"position\":2,\"name\":\"Spezialisierungsbereiche\",\"item\":\"https:\/\/dialinguo.com\/de\/spezialisierungsbereiche\/\"},{\"@type\":\"ListItem\",\"position\":3,\"name\":\"Recht und Verwaltung\"}]},{\"@type\":\"WebSite\",\"@id\":\"https:\/\/dialinguo.com\/#website\",\"url\":\"https:\/\/dialinguo.com\/\",\"name\":\"Dialinguo - Agence de traduction\",\"description\":\"Un m\u00e9tier, une passion : la traduction\",\"potentialAction\":[{\"@type\":\"SearchAction\",\"target\":{\"@type\":\"EntryPoint\",\"urlTemplate\":\"https:\/\/dialinguo.com\/?s={search_term_string}\"},\"query-input\":{\"@type\":\"PropertyValueSpecification\",\"valueRequired\":true,\"valueName\":\"search_term_string\"}}],\"inLanguage\":\"de\"}]}<\/script>\n<!-- \/ Yoast SEO plugin. -->","yoast_head_json":{"title":"Traduction juridique et administradive - Pensez Dialinguo !","description":"La traduction juridique est notre m\u00e9tier. Confiez-nous vos projets pour un travail rapide et soign\u00e9. Demandez Dialinguo !","robots":{"index":"index","follow":"follow","max-snippet":"max-snippet:-1","max-image-preview":"max-image-preview:large","max-video-preview":"max-video-preview:-1"},"canonical":"https:\/\/dialinguo.com\/de\/spezialisierungsbereiche\/recht-und-verwaltung\/","og_locale":"de_DE","og_type":"article","og_title":"Traduction juridique et administradive - Pensez Dialinguo !","og_description":"La traduction juridique est notre m\u00e9tier. Confiez-nous vos projets pour un travail rapide et soign\u00e9. Demandez Dialinguo !","og_url":"https:\/\/dialinguo.com\/de\/spezialisierungsbereiche\/recht-und-verwaltung\/","og_site_name":"Dialinguo - Agence de traduction","article_modified_time":"2019-05-21T09:13:31+00:00","twitter_card":"summary_large_image","twitter_misc":{"Gesch\u00e4tzte Lesezeit":"3\u00a0Minuten"},"schema":{"@context":"https:\/\/schema.org","@graph":[{"@type":"WebPage","@id":"https:\/\/dialinguo.com\/de\/spezialisierungsbereiche\/recht-und-verwaltung\/","url":"https:\/\/dialinguo.com\/de\/spezialisierungsbereiche\/recht-und-verwaltung\/","name":"Traduction juridique et administradive - Pensez Dialinguo !","isPartOf":{"@id":"https:\/\/dialinguo.com\/#website"},"datePublished":"2019-05-20T14:34:44+00:00","dateModified":"2019-05-21T09:13:31+00:00","description":"La traduction juridique est notre m\u00e9tier. Confiez-nous vos projets pour un travail rapide et soign\u00e9. Demandez Dialinguo !","breadcrumb":{"@id":"https:\/\/dialinguo.com\/de\/spezialisierungsbereiche\/recht-und-verwaltung\/#breadcrumb"},"inLanguage":"de","potentialAction":[{"@type":"ReadAction","target":["https:\/\/dialinguo.com\/de\/spezialisierungsbereiche\/recht-und-verwaltung\/"]}]},{"@type":"BreadcrumbList","@id":"https:\/\/dialinguo.com\/de\/spezialisierungsbereiche\/recht-und-verwaltung\/#breadcrumb","itemListElement":[{"@type":"ListItem","position":1,"name":"Accueil","item":"https:\/\/dialinguo.com\/de\/"},{"@type":"ListItem","position":2,"name":"Spezialisierungsbereiche","item":"https:\/\/dialinguo.com\/de\/spezialisierungsbereiche\/"},{"@type":"ListItem","position":3,"name":"Recht und Verwaltung"}]},{"@type":"WebSite","@id":"https:\/\/dialinguo.com\/#website","url":"https:\/\/dialinguo.com\/","name":"Dialinguo - Agence de traduction","description":"Un m\u00e9tier, une passion : la traduction","potentialAction":[{"@type":"SearchAction","target":{"@type":"EntryPoint","urlTemplate":"https:\/\/dialinguo.com\/?s={search_term_string}"},"query-input":{"@type":"PropertyValueSpecification","valueRequired":true,"valueName":"search_term_string"}}],"inLanguage":"de"}]}},"_links":{"self":[{"href":"https:\/\/dialinguo.com\/de\/wp-json\/wp\/v2\/pages\/811","targetHints":{"allow":["GET"]}}],"collection":[{"href":"https:\/\/dialinguo.com\/de\/wp-json\/wp\/v2\/pages"}],"about":[{"href":"https:\/\/dialinguo.com\/de\/wp-json\/wp\/v2\/types\/page"}],"author":[{"embeddable":true,"href":"https:\/\/dialinguo.com\/de\/wp-json\/wp\/v2\/users\/1"}],"replies":[{"embeddable":true,"href":"https:\/\/dialinguo.com\/de\/wp-json\/wp\/v2\/comments?post=811"}],"version-history":[{"count":6,"href":"https:\/\/dialinguo.com\/de\/wp-json\/wp\/v2\/pages\/811\/revisions"}],"predecessor-version":[{"id":944,"href":"https:\/\/dialinguo.com\/de\/wp-json\/wp\/v2\/pages\/811\/revisions\/944"}],"up":[{"embeddable":true,"href":"https:\/\/dialinguo.com\/de\/wp-json\/wp\/v2\/pages\/845"}],"wp:attachment":[{"href":"https:\/\/dialinguo.com\/de\/wp-json\/wp\/v2\/media?parent=811"}],"curies":[{"name":"wp","href":"https:\/\/api.w.org\/{rel}","templated":true}]}}