{"id":817,"date":"2019-05-20T16:56:47","date_gmt":"2019-05-20T14:56:47","guid":{"rendered":"https:\/\/dialinguo.com\/marketing-und-kommunikation\/"},"modified":"2019-05-21T11:14:44","modified_gmt":"2019-05-21T09:14:44","slug":"marketing-und-kommunikation","status":"publish","type":"page","link":"https:\/\/dialinguo.com\/de\/spezialisierungsbereiche\/marketing-und-kommunikation\/","title":{"rendered":"Marketing und Kommunikation"},"content":{"rendered":"<p><div class=\"fusion-fullwidth fullwidth-box fusion-builder-row-1 nonhundred-percent-fullwidth non-hundred-percent-height-scrolling\" style=\"--awb-border-radius-top-left:0px;--awb-border-radius-top-right:0px;--awb-border-radius-bottom-right:0px;--awb-border-radius-bottom-left:0px;\" ><div class=\"fusion-builder-row fusion-row\"><div class=\"fusion-layout-column fusion_builder_column fusion-builder-column-0 fusion_builder_column_4_5 4_5 fusion-four-fifth fusion-column-first\" style=\"--awb-bg-size:cover;width:80%;width:calc(80% - ( ( 4% ) * 0.8 ) );margin-right: 4%;\"><div class=\"fusion-column-wrapper fusion-flex-column-wrapper-legacy\"><div class=\"fusion-text fusion-text-1\"><h2>Die \u00dcbersetzung im Dienste Ihrer Gesch\u00e4ftsentwicklung<\/h2>\n<p>\u00dcbersetzungen in den Bereichen Marketing und Vertrieb unterscheiden sich stark von solchen rein<br \/>\ntechnischer Art. Indessen nimmt die Nachfrage nach solchen \u00dcbersetzungen st\u00e4ndig zu,<br \/>\ninsbesondere von solchen Unternehmen, die ins Ausland expandieren wollen. In der Region Grand Est und insbesondere im Elsass sind Gesch\u00e4ftsbeziehungen zu deutschen oder Schweizer Unternehmen zahlreich, was mit einem zunehmenden \u00dcbersetzungsbedarf einhergeht. F\u00fcr erfolgreiche Gesch\u00e4ftsabschl\u00fcsse sind Bem\u00fchungen um bessere Verst\u00e4ndigung mit der Gegenpartei praktisch immer von Nutzen.<\/p>\n<p>\u00dcbersetzungen auf diesen Gebieten erfordern Vorbereitungen, um in der Zielsprache die passenden<br \/>\nFormulierungen und Ausdrucksweisen finden zu k\u00f6nnen.<\/p>\n<h3><img decoding=\"async\" class=\" wp-image-349 alignleft\" src=\"https:\/\/dialinguo.com\/wp-content\/uploads\/2018\/11\/Dialinguo-traduction-pro.jpg\" alt=\"\" width=\"464\" height=\"309\" srcset=\"https:\/\/dialinguo.com\/wp-content\/uploads\/2018\/11\/Dialinguo-traduction-pro-200x133.jpg 200w, https:\/\/dialinguo.com\/wp-content\/uploads\/2018\/11\/Dialinguo-traduction-pro-300x200.jpg 300w, https:\/\/dialinguo.com\/wp-content\/uploads\/2018\/11\/Dialinguo-traduction-pro-400x267.jpg 400w, https:\/\/dialinguo.com\/wp-content\/uploads\/2018\/11\/Dialinguo-traduction-pro.jpg 600w\" sizes=\"(max-width: 464px) 100vw, 464px\" \/>Vertriebs- und Marketing\u00fcbersetzungen, auf das Casting kommt es an<\/h3>\n<p>Bei \u00dcbersetzungen zu kommerziellen Themen sollte dem \u00dcbersetzer zumindest die Vertriebs- und<br \/>\nMarketingpolitik des auftraggebenden Unternehmens bekannt sein. Deshalb bem\u00fchen wir uns gleich<br \/>\nbeim Projektbeginn darum, in Erfahrung zu bringen, welche Ziele mit der uns anvertrauten<br \/>\n\u00dcbersetzung erreicht werden sollen. Wir k\u00f6nnen \u00dcbersetzungen verschiedenster Informationstr\u00e4ger,<br \/>\nwie Brosch\u00fcren, Plakate, Mailings, Newsletter, Internetseiten usw. \u00fcbernehmen.<\/p>\n<p>Als \u00dcbersetzungsagentur m\u00fcssen wir sicherstellen, das das Profil des \u00dcbersetzers zur Art des zu \u00fcbersetzenden Dokuments passt. Dieses Casting zur Auswahl der richtigen Person bestimmt dann auch die Qualit\u00e4t der \u00dcbersetzung.<\/p>\n<p>&nbsp;<\/p>\n<h3>Eine professionelle \u00dcbersetzung erkennt man sofort<\/h3>\n<p>Es ist sicher unwahrscheinlich, dass jemand das Rechnungswesen seines Betriebs selbst besorgt, nur<br \/>\nweil er gut rechnen kann. Auf dem Gebiet der \u00dcbersetzung glauben gewissen Unternehmen jedoch ihre Dokumente selbst \u00fcbersetzen zu k\u00f6nnen. Die Neigung hierzu ist um so st\u00e4rker, da fast immer eine Person guten Willens verf\u00fcgbar ist, die ein gewisses Niveau in der Zielsprache aufweist. Auch glaubt man hierdurch Geld zu sparen. \u00dcbersetzt man Dokumente selbst oder mit Hilfe nicht qualifizierten Personals (Sekret\u00e4rin, Sprachlehrer, Erasmus-Stipendiat, Freundin, die ein Jahr in England verbracht hat \u2026), so ist das Ergebnis in den meisten F\u00e4llen zweifelhaft und meist muss alles von Anfang an neu vorgenommen werden.<br \/>\nZu den sofort sichtbaren Elementen geh\u00f6rt die Wortwahl. Schon bei der Aufnahme einer Arbeit muss<br \/>\nsich der \u00dcbersetzer f\u00fcr die richtige Ausdrucksweise entscheiden, welche auch von den durch den<br \/>\n\u00fcbersetzten Text angesprochenen Personen abh\u00e4ngt. Im Gegensatz zum Franz\u00f6sischen mit seiner<br \/>\nmeist pr\u00e4skriptiven und direkten Ausdrucksweise, bieten andere Sprachen, insbesondere das<br \/>\nEnglische, eine Vielzahl Werbetexte auflockernder Redewendungen.<\/p>\n<h2><img decoding=\"async\" class=\" wp-image-344 alignleft\" src=\"https:\/\/dialinguo.com\/wp-content\/uploads\/2018\/11\/Dialinguo-Traduction-professionnelle-alsace.jpg\" alt=\"\" width=\"321\" height=\"214\" srcset=\"https:\/\/dialinguo.com\/wp-content\/uploads\/2018\/11\/Dialinguo-Traduction-professionnelle-alsace-200x133.jpg 200w, https:\/\/dialinguo.com\/wp-content\/uploads\/2018\/11\/Dialinguo-Traduction-professionnelle-alsace-300x200.jpg 300w, https:\/\/dialinguo.com\/wp-content\/uploads\/2018\/11\/Dialinguo-Traduction-professionnelle-alsace-400x267.jpg 400w, https:\/\/dialinguo.com\/wp-content\/uploads\/2018\/11\/Dialinguo-Traduction-professionnelle-alsace.jpg 600w\" sizes=\"(max-width: 321px) 100vw, 321px\" \/>\u00dcbersetzung Ihrer Webseite<\/h2>\n<p>Eine gute \u00dcbersetzung Ihrer Webseite macht deren Inhalt einem weit gr\u00f6\u00dferen, das Internet nutzenden Publikum verst\u00e4ndlich. Zus\u00e4tzlich zur besseren Vermittlung des Inhalts steigert eine \u00dcbersetzung auch die Sichtbarkeit der Webseite im Internet, da sie dazu beitragen kann deren Referenzierung in Suchmaschinen zu verbessern. Wie Ihnen sicher bekannt ist, ordnet Google Webseiten in der Rangfolge der Suchergebnisse nach der Stichhaltigkeit gewisser Schl\u00fcsselw\u00f6rter ein, weshalb eine \u00dcbersetzung sich durch Lieferung zus\u00e4tzlicher Unterscheidungsmerkmale auf die Suchmaschinenoptimierung vorteilhaft auswirken sollte.<\/p>\n<h3>Optimieren Sie Ihre Online-Pr\u00e4senz<\/h3>\n<p>Mit einer \u00dcbersetzung ihrer Webseite treffen Sie eine strategische Wahl. Dialinguo kann Sie bei einem solchen Projekt gemeinsam mit Ihrer Webagentur unterst\u00fctzen oder auch alles allein f\u00fcr Sie erledigen. Da wir bereits mit mehrerer Webagenturen zusammenarbeiten, k\u00f6nnen wir ihnen eine derselben empfehlen. Mit einer vielsprachigen Webseite verschaffen Sie neuen Personenkreisen Zugang zu Informationen \u00fcber Ihr Unternehmen. Sowohl auf reinen Showcase-Seiten als auch im E-Commerce verschafft Ihnen eine \u00dcbersetzung Vorteile.<\/p>\n<p>Sie k\u00f6nnen somit als Unternehmen unter Einsatz geringer Investitionen ihre Ausstrahlung<br \/>\nverbessern, was sich bei Erwerb einer Auslandskundschaft auch als rentabel erweisen sollte.<br \/>\nSelbstverst\u00e4ndlich muss das \u00dcbersetzungsergebnis in allen Sprachen von gleicher Qualit\u00e4t sein. Hier<br \/>\neinige Empfehlungen, denen Sie vor Beginn einer \u00dcbersetzung Ihrer Internetseite Folge leisten<br \/>\nsollten:<\/p>\n<ul>\n<li>Legen Sie die Webseite in ihrer Ausgangssprache fest.<\/li>\n<li>W\u00e4hlen Sie einen \u00dcbersetzer mit Web-Kenntnissen.<\/li>\n<li>Stellen Sie sicher, dass sich der Inhalt Ihrer Webseite f\u00fcr Vielsprachigkeit und \u00dcbersetzung eignet.<\/li>\n<li>Sie sollten gesch\u00e4ftliche Interessen im Ausland haben.<\/li>\n<li>Lassen Sie auch alle Ihre anderen Werbetr\u00e4ger \u00fcbersetzen.<\/li>\n<\/ul>\n<h3>Beachten Sie die praktischen Aspekte der \u00dcbersetzung.<\/h3>\n<p>Zur Verwaltung von Webseiten verwendete Content-Management-Systeme (CMS) empfehlen Auftragnehmer, welche die Durchf\u00fchrung und Online-Stellung von \u00dcbersetzungen \u00fcbernehmen. Wir<br \/>\nstellen dies fest und sagen hierzu, dass es zur Optimierung der Kosten einer \u00dcbersetzung besser ist eine Extraktion des Textinhalts vorzunehmen, so dass der \u00dcbersetzer die Arbeit in seiner eigenen Arbeitsumgebung mit seinen \u00fcblichen \u00dcbersetzungstools durchf\u00fchren kann. Nach Best\u00e4tigung aller<br \/>\n\u00fcbersetzten Texte wird es Ihrem Webmaster keine Probleme bereiten, den neuen Inhalt auf der Webseite zu integrieren.<\/p>\n<p>Als Beispiel nennen wird die folgenden beiden Webseiten, die wir k\u00fcrzlich ins Englische und ins Deutsche \u00fcbersetzt haben:<\/p>\n<p>Internetseite von <a href=\"https:\/\/transhit.fr\/\" target=\"_blank\" rel=\"noopener noreferrer\">trans&#8217;hit International<\/a><br \/>\nInternetseite von <a href=\"https:\/\/3finnovation.com\/\" target=\"_blank\" rel=\"noopener noreferrer\">3F Innovation<\/a><\/p>\n<\/div><div class=\"fusion-image-element in-legacy-container\" style=\"--awb-caption-title-font-family:var(--h2_typography-font-family);--awb-caption-title-font-weight:var(--h2_typography-font-weight);--awb-caption-title-font-style:var(--h2_typography-font-style);--awb-caption-title-size:var(--h2_typography-font-size);--awb-caption-title-transform:var(--h2_typography-text-transform);--awb-caption-title-line-height:var(--h2_typography-line-height);--awb-caption-title-letter-spacing:var(--h2_typography-letter-spacing);\"><span class=\" fusion-imageframe imageframe-none imageframe-1 hover-type-none\" class=\"image-magnify\" class=\"image-scroll\"><img decoding=\"async\" width=\"1900\" height=\"762\" title=\"Dialinguo-team-traduction-expert\" src=\"https:\/\/dialinguo.com\/wp-content\/uploads\/2018\/11\/Dialinguo-team-traduction-expert.jpg\" alt class=\"img-responsive wp-image-480\" srcset=\"https:\/\/dialinguo.com\/wp-content\/uploads\/2018\/11\/Dialinguo-team-traduction-expert-200x80.jpg 200w, https:\/\/dialinguo.com\/wp-content\/uploads\/2018\/11\/Dialinguo-team-traduction-expert-400x160.jpg 400w, https:\/\/dialinguo.com\/wp-content\/uploads\/2018\/11\/Dialinguo-team-traduction-expert-600x241.jpg 600w, https:\/\/dialinguo.com\/wp-content\/uploads\/2018\/11\/Dialinguo-team-traduction-expert-800x321.jpg 800w, https:\/\/dialinguo.com\/wp-content\/uploads\/2018\/11\/Dialinguo-team-traduction-expert-1200x481.jpg 1200w, https:\/\/dialinguo.com\/wp-content\/uploads\/2018\/11\/Dialinguo-team-traduction-expert.jpg 1900w\" sizes=\"(max-width: 800px) 100vw, 1200px\" \/><\/span><\/div><div class=\"fusion-clearfix\"><\/div><\/div><\/div><div class=\"fusion-layout-column fusion_builder_column fusion-builder-column-1 fusion_builder_column_1_5 1_5 fusion-one-fifth fusion-column-last\" style=\"--awb-bg-size:cover;width:20%;width:calc(20% - ( ( 4% ) * 0.2 ) );\"><div class=\"fusion-column-wrapper fusion-flex-column-wrapper-legacy\"><div class=\"fusion-widget-area awb-widget-area-element fusion-widget-area-1 fusion-content-widget-area\" style=\"--awb-title-color:#333333;--awb-padding:0px 0px 0px 0px;\"><style type=\"text\/css\" data-id=\"avada-vertical-menu-widget-2\">#avada-vertical-menu-widget-2 > ul.menu { margin-top: -8px; }<\/style><section id=\"avada-vertical-menu-widget-2\" class=\"widget avada_vertical_menu\"><style>#fusion-vertical-menu-widget-avada-vertical-menu-widget-2-nav ul.menu li a {font-size:14px;}<\/style><nav class=\"fusion-vertical-menu-widget fusion-menu hover left no-border\" id=\"avada-vertical-menu-widget-2-nav\"><ul class=\"menu\"><li><a href=\"https:\/\/dialinguo.com\/domaines-dintervention\/\" title=\"Back to Parent Page\">Domaines d&#8217;intervention<\/a><\/li><\/ul><\/nav><\/section><div class=\"fusion-additional-widget-content\"><\/div><\/div><div class=\"fusion-clearfix\"><\/div><\/div><\/div><\/div><\/div><div class=\"fusion-fullwidth fullwidth-box fusion-builder-row-2 nonhundred-percent-fullwidth non-hundred-percent-height-scrolling\" style=\"--awb-border-radius-top-left:0px;--awb-border-radius-top-right:0px;--awb-border-radius-bottom-right:0px;--awb-border-radius-bottom-left:0px;--awb-padding-top:30px;--awb-padding-bottom:10px;--awb-margin-top:-10px;--awb-margin-bottom:-60px;--awb-background-color:#73b1c0;\" ><div class=\"fusion-builder-row fusion-row\"><div class=\"fusion-layout-column fusion_builder_column fusion-builder-column-2 fusion_builder_column_2_3 2_3 fusion-two-third fusion-column-first\" style=\"--awb-bg-size:cover;width:66.666666666667%;width:calc(66.666666666667% - ( ( 4% ) * 0.66666666666667 ) );margin-right: 4%;\"><div class=\"fusion-column-wrapper fusion-column-has-shadow fusion-flex-column-wrapper-legacy\"><div class=\"fusion-title title fusion-title-1 fusion-sep-none fusion-title-text fusion-title-size-one\"><h1 class=\"title-heading-left\" style=\"margin:0;\"><h2 style=\"color: white; margin-top: 20px;\">Sie haben ein \u00dcbersetzungsprojekt ? Treten Sie noch heute mit uns zu seiner Ausf\u00fchrung inVerbindung.<\/h2><\/h1><\/div><div class=\"fusion-clearfix\"><\/div><\/div><\/div><div class=\"fusion-layout-column fusion_builder_column fusion-builder-column-3 fusion_builder_column_1_3 1_3 fusion-one-third fusion-column-last\" style=\"--awb-bg-size:cover;width:33.333333333333%;width:calc(33.333333333333% - ( ( 4% ) * 0.33333333333333 ) );\"><div class=\"fusion-column-wrapper fusion-flex-column-wrapper-legacy\"><div class=\"fusion-sep-clear\"><\/div><div class=\"fusion-separator fusion-full-width-sep\" style=\"margin-left: auto;margin-right: auto;margin-top:30px;width:100%;\"><\/div><div class=\"fusion-sep-clear\"><\/div><div class=\"fusion-button-wrapper\"><a class=\"fusion-button button-flat fusion-button-default-size button-default fusion-button-default button-1 fusion-button-default-span fusion-button-default-type contact-bouton\" target=\"_self\" href=\"https:\/\/dialinguo.com\/de\/kontakt\/\"><span class=\"fusion-button-text\">kontakt<\/span><\/a><\/div><div class=\"fusion-clearfix\"><\/div><\/div><\/div><\/div><\/div>\n<\/p>\n","protected":false},"excerpt":{"rendered":"","protected":false},"author":1,"featured_media":0,"parent":845,"menu_order":0,"comment_status":"closed","ping_status":"closed","template":"100-width.php","meta":{"_exactmetrics_skip_tracking":false,"_exactmetrics_sitenote_active":false,"_exactmetrics_sitenote_note":"","_exactmetrics_sitenote_category":0,"footnotes":""},"class_list":["post-817","page","type-page","status-publish","hentry"],"yoast_head":"<!-- This site is optimized with the Yoast SEO plugin v24.5 - https:\/\/yoast.com\/wordpress\/plugins\/seo\/ -->\n<title>Traduction marketing et commerciale - Demandez Dialinguo !<\/title>\n<meta name=\"description\" content=\"Traduction marketing et commerciale, Dialinguo prend en charge votre projet de traduction en un temps reccord et au meilleur rapport qualit\u00e9 prix.\" \/>\n<meta name=\"robots\" content=\"index, follow, max-snippet:-1, max-image-preview:large, max-video-preview:-1\" \/>\n<link rel=\"canonical\" href=\"https:\/\/dialinguo.com\/de\/spezialisierungsbereiche\/marketing-und-kommunikation\/\" \/>\n<meta property=\"og:locale\" content=\"de_DE\" \/>\n<meta property=\"og:type\" content=\"article\" \/>\n<meta property=\"og:title\" content=\"Traduction marketing et commerciale - Demandez Dialinguo !\" \/>\n<meta property=\"og:description\" content=\"Traduction marketing et commerciale, Dialinguo prend en charge votre projet de traduction en un temps reccord et au meilleur rapport qualit\u00e9 prix.\" \/>\n<meta property=\"og:url\" content=\"https:\/\/dialinguo.com\/de\/spezialisierungsbereiche\/marketing-und-kommunikation\/\" \/>\n<meta property=\"og:site_name\" content=\"Dialinguo - Agence de traduction\" \/>\n<meta property=\"article:modified_time\" content=\"2019-05-21T09:14:44+00:00\" \/>\n<meta property=\"og:image\" content=\"https:\/\/dialinguo.com\/wp-content\/uploads\/2018\/11\/Dialinguo-traduction-pro.jpg\" \/>\n<meta name=\"twitter:card\" content=\"summary_large_image\" \/>\n<meta name=\"twitter:label1\" content=\"Gesch\u00e4tzte Lesezeit\" \/>\n\t<meta name=\"twitter:data1\" content=\"6\u00a0Minuten\" \/>\n<script type=\"application\/ld+json\" class=\"yoast-schema-graph\">{\"@context\":\"https:\/\/schema.org\",\"@graph\":[{\"@type\":\"WebPage\",\"@id\":\"https:\/\/dialinguo.com\/de\/spezialisierungsbereiche\/marketing-und-kommunikation\/\",\"url\":\"https:\/\/dialinguo.com\/de\/spezialisierungsbereiche\/marketing-und-kommunikation\/\",\"name\":\"Traduction marketing et commerciale - Demandez Dialinguo !\",\"isPartOf\":{\"@id\":\"https:\/\/dialinguo.com\/#website\"},\"primaryImageOfPage\":{\"@id\":\"https:\/\/dialinguo.com\/de\/spezialisierungsbereiche\/marketing-und-kommunikation\/#primaryimage\"},\"image\":{\"@id\":\"https:\/\/dialinguo.com\/de\/spezialisierungsbereiche\/marketing-und-kommunikation\/#primaryimage\"},\"thumbnailUrl\":\"https:\/\/dialinguo.com\/wp-content\/uploads\/2018\/11\/Dialinguo-traduction-pro.jpg\",\"datePublished\":\"2019-05-20T14:56:47+00:00\",\"dateModified\":\"2019-05-21T09:14:44+00:00\",\"description\":\"Traduction marketing et commerciale, Dialinguo prend en charge votre projet de traduction en un temps reccord et au meilleur rapport qualit\u00e9 prix.\",\"breadcrumb\":{\"@id\":\"https:\/\/dialinguo.com\/de\/spezialisierungsbereiche\/marketing-und-kommunikation\/#breadcrumb\"},\"inLanguage\":\"de\",\"potentialAction\":[{\"@type\":\"ReadAction\",\"target\":[\"https:\/\/dialinguo.com\/de\/spezialisierungsbereiche\/marketing-und-kommunikation\/\"]}]},{\"@type\":\"ImageObject\",\"inLanguage\":\"de\",\"@id\":\"https:\/\/dialinguo.com\/de\/spezialisierungsbereiche\/marketing-und-kommunikation\/#primaryimage\",\"url\":\"https:\/\/dialinguo.com\/wp-content\/uploads\/2018\/11\/Dialinguo-traduction-pro.jpg\",\"contentUrl\":\"https:\/\/dialinguo.com\/wp-content\/uploads\/2018\/11\/Dialinguo-traduction-pro.jpg\"},{\"@type\":\"BreadcrumbList\",\"@id\":\"https:\/\/dialinguo.com\/de\/spezialisierungsbereiche\/marketing-und-kommunikation\/#breadcrumb\",\"itemListElement\":[{\"@type\":\"ListItem\",\"position\":1,\"name\":\"Accueil\",\"item\":\"https:\/\/dialinguo.com\/de\/\"},{\"@type\":\"ListItem\",\"position\":2,\"name\":\"Spezialisierungsbereiche\",\"item\":\"https:\/\/dialinguo.com\/de\/spezialisierungsbereiche\/\"},{\"@type\":\"ListItem\",\"position\":3,\"name\":\"Marketing und Kommunikation\"}]},{\"@type\":\"WebSite\",\"@id\":\"https:\/\/dialinguo.com\/#website\",\"url\":\"https:\/\/dialinguo.com\/\",\"name\":\"Dialinguo - Agence de traduction\",\"description\":\"Un m\u00e9tier, une passion : la traduction\",\"potentialAction\":[{\"@type\":\"SearchAction\",\"target\":{\"@type\":\"EntryPoint\",\"urlTemplate\":\"https:\/\/dialinguo.com\/?s={search_term_string}\"},\"query-input\":{\"@type\":\"PropertyValueSpecification\",\"valueRequired\":true,\"valueName\":\"search_term_string\"}}],\"inLanguage\":\"de\"}]}<\/script>\n<!-- \/ Yoast SEO plugin. -->","yoast_head_json":{"title":"Traduction marketing et commerciale - Demandez Dialinguo !","description":"Traduction marketing et commerciale, Dialinguo prend en charge votre projet de traduction en un temps reccord et au meilleur rapport qualit\u00e9 prix.","robots":{"index":"index","follow":"follow","max-snippet":"max-snippet:-1","max-image-preview":"max-image-preview:large","max-video-preview":"max-video-preview:-1"},"canonical":"https:\/\/dialinguo.com\/de\/spezialisierungsbereiche\/marketing-und-kommunikation\/","og_locale":"de_DE","og_type":"article","og_title":"Traduction marketing et commerciale - Demandez Dialinguo !","og_description":"Traduction marketing et commerciale, Dialinguo prend en charge votre projet de traduction en un temps reccord et au meilleur rapport qualit\u00e9 prix.","og_url":"https:\/\/dialinguo.com\/de\/spezialisierungsbereiche\/marketing-und-kommunikation\/","og_site_name":"Dialinguo - Agence de traduction","article_modified_time":"2019-05-21T09:14:44+00:00","og_image":[{"url":"https:\/\/dialinguo.com\/wp-content\/uploads\/2018\/11\/Dialinguo-traduction-pro.jpg","type":"","width":"","height":""}],"twitter_card":"summary_large_image","twitter_misc":{"Gesch\u00e4tzte Lesezeit":"6\u00a0Minuten"},"schema":{"@context":"https:\/\/schema.org","@graph":[{"@type":"WebPage","@id":"https:\/\/dialinguo.com\/de\/spezialisierungsbereiche\/marketing-und-kommunikation\/","url":"https:\/\/dialinguo.com\/de\/spezialisierungsbereiche\/marketing-und-kommunikation\/","name":"Traduction marketing et commerciale - Demandez Dialinguo !","isPartOf":{"@id":"https:\/\/dialinguo.com\/#website"},"primaryImageOfPage":{"@id":"https:\/\/dialinguo.com\/de\/spezialisierungsbereiche\/marketing-und-kommunikation\/#primaryimage"},"image":{"@id":"https:\/\/dialinguo.com\/de\/spezialisierungsbereiche\/marketing-und-kommunikation\/#primaryimage"},"thumbnailUrl":"https:\/\/dialinguo.com\/wp-content\/uploads\/2018\/11\/Dialinguo-traduction-pro.jpg","datePublished":"2019-05-20T14:56:47+00:00","dateModified":"2019-05-21T09:14:44+00:00","description":"Traduction marketing et commerciale, Dialinguo prend en charge votre projet de traduction en un temps reccord et au meilleur rapport qualit\u00e9 prix.","breadcrumb":{"@id":"https:\/\/dialinguo.com\/de\/spezialisierungsbereiche\/marketing-und-kommunikation\/#breadcrumb"},"inLanguage":"de","potentialAction":[{"@type":"ReadAction","target":["https:\/\/dialinguo.com\/de\/spezialisierungsbereiche\/marketing-und-kommunikation\/"]}]},{"@type":"ImageObject","inLanguage":"de","@id":"https:\/\/dialinguo.com\/de\/spezialisierungsbereiche\/marketing-und-kommunikation\/#primaryimage","url":"https:\/\/dialinguo.com\/wp-content\/uploads\/2018\/11\/Dialinguo-traduction-pro.jpg","contentUrl":"https:\/\/dialinguo.com\/wp-content\/uploads\/2018\/11\/Dialinguo-traduction-pro.jpg"},{"@type":"BreadcrumbList","@id":"https:\/\/dialinguo.com\/de\/spezialisierungsbereiche\/marketing-und-kommunikation\/#breadcrumb","itemListElement":[{"@type":"ListItem","position":1,"name":"Accueil","item":"https:\/\/dialinguo.com\/de\/"},{"@type":"ListItem","position":2,"name":"Spezialisierungsbereiche","item":"https:\/\/dialinguo.com\/de\/spezialisierungsbereiche\/"},{"@type":"ListItem","position":3,"name":"Marketing und Kommunikation"}]},{"@type":"WebSite","@id":"https:\/\/dialinguo.com\/#website","url":"https:\/\/dialinguo.com\/","name":"Dialinguo - Agence de traduction","description":"Un m\u00e9tier, une passion : la traduction","potentialAction":[{"@type":"SearchAction","target":{"@type":"EntryPoint","urlTemplate":"https:\/\/dialinguo.com\/?s={search_term_string}"},"query-input":{"@type":"PropertyValueSpecification","valueRequired":true,"valueName":"search_term_string"}}],"inLanguage":"de"}]}},"_links":{"self":[{"href":"https:\/\/dialinguo.com\/de\/wp-json\/wp\/v2\/pages\/817","targetHints":{"allow":["GET"]}}],"collection":[{"href":"https:\/\/dialinguo.com\/de\/wp-json\/wp\/v2\/pages"}],"about":[{"href":"https:\/\/dialinguo.com\/de\/wp-json\/wp\/v2\/types\/page"}],"author":[{"embeddable":true,"href":"https:\/\/dialinguo.com\/de\/wp-json\/wp\/v2\/users\/1"}],"replies":[{"embeddable":true,"href":"https:\/\/dialinguo.com\/de\/wp-json\/wp\/v2\/comments?post=817"}],"version-history":[{"count":6,"href":"https:\/\/dialinguo.com\/de\/wp-json\/wp\/v2\/pages\/817\/revisions"}],"predecessor-version":[{"id":945,"href":"https:\/\/dialinguo.com\/de\/wp-json\/wp\/v2\/pages\/817\/revisions\/945"}],"up":[{"embeddable":true,"href":"https:\/\/dialinguo.com\/de\/wp-json\/wp\/v2\/pages\/845"}],"wp:attachment":[{"href":"https:\/\/dialinguo.com\/de\/wp-json\/wp\/v2\/media?parent=817"}],"curies":[{"name":"wp","href":"https:\/\/api.w.org\/{rel}","templated":true}]}}