{"id":519,"date":"2019-05-17T11:30:28","date_gmt":"2019-05-17T09:30:28","guid":{"rendered":"https:\/\/dialinguo.com\/interpreting\/"},"modified":"2019-05-20T11:32:53","modified_gmt":"2019-05-20T09:32:53","slug":"interpreting","status":"publish","type":"page","link":"https:\/\/dialinguo.com\/en\/translation-office\/interpreting\/","title":{"rendered":"Interpreting"},"content":{"rendered":"<p><div class=\"fusion-fullwidth fullwidth-box fusion-builder-row-1 nonhundred-percent-fullwidth non-hundred-percent-height-scrolling\" style=\"--awb-border-radius-top-left:0px;--awb-border-radius-top-right:0px;--awb-border-radius-bottom-right:0px;--awb-border-radius-bottom-left:0px;\" ><div class=\"fusion-builder-row fusion-row\"><div class=\"fusion-layout-column fusion_builder_column fusion-builder-column-0 fusion_builder_column_4_5 4_5 fusion-four-fifth fusion-column-first\" style=\"--awb-bg-size:cover;width:80%;width:calc(80% - ( ( 4% ) * 0.8 ) );margin-right: 4%;\"><div class=\"fusion-column-wrapper fusion-flex-column-wrapper-legacy\"><div class=\"fusion-text fusion-text-1\"><h2>Your interpreting service with Dialinguo<\/h2>\n<blockquote>\n<p>Interpreting means transferring a verbal message from one language into another. It may perhaps be<br \/>\nlikened to spoken translation.<\/p>\n<\/blockquote>\n<p>There are several types of interpreting. <strong>Simultaneous interpreting<\/strong> draws on considerable skill and<br \/>\nexperience. Much in demand at conferences, it requires equipment (booth, headphones and<br \/>\nearphones). <strong>Consecutive interpreting<\/strong> is required for small teams whereas <strong>liaison interpreting<\/strong> is used<br \/>\nduring commercial negotiations. Finally, <strong>whispered<\/strong> interpreting is a form of interpreting where the interpreter literally simultaneously whispers the interpretation into the client&#8217;s ear.<\/p>\n<p>It receives little publicity, but interpreting is widely used by companies working with neighbouring<br \/>\ncountries. This <strong>interpreting service<\/strong> enables our clients to work directly with their customers and is<br \/>\nvery useful for events, visits and <strong>business relationships.<\/strong> Companies wanting to advance into <strong>foreign<\/strong><br \/>\n<strong>markets<\/strong> find:<\/p>\n<ul>\n<li>they need to understand each other,<\/li>\n<li>they need to communicate with each other.<\/li>\n<\/ul>\n<p>Interpreting maximises and eases communication by <strong>overcoming the language barrier<\/strong>. This type of<br \/>\nservice enables you, in particular, to negotiate partnerships easily and <strong>sign contracts<\/strong> while avoiding<br \/>\nany misunderstandings.<\/p>\n<h2>Consecutive interpreting<\/h2>\n<p><strong>Consecutive interpreting<\/strong> enables listeners to hear what has just been said in another language.<br \/>\nDuring this process, the interpreter listens, takes notes and then structures what has just been said,<br \/>\nreproducing this in its entirety in the other language.<br \/>\nThe time taken between hearing and <strong>relaying<\/strong> the message varies (from 2 minutes to 30 minutes). In<br \/>\npractice, <strong>interpreters<\/strong> take their turn to speak every 5 to 10 minutes in order to retain the rhythm and<br \/>\nstructure of the speech.<\/p>\n<h2>Liaison interpreting and whispered interpreting<\/h2>\n<p><strong>Liaison interpreting<\/strong> is a sort of consecutive interpreting often used<\/p>\n<p>during meetings or appointments. <strong>The interpreter<\/strong><\/p>\n<p>must prepare the subject in advance so they can interact with their client or even defend their<br \/>\ninterests. They use all their skills to <strong>facilitate communication<\/strong> between several parties.<\/p>\n<p><strong>Whispered interpreting<\/strong> is a type of liaison interpreting. During <strong>whispered interpreting<\/strong>, the<br \/>\ninterpreter whispers their interpretation for their small number of listeners. This requires an<br \/>\ninterpreter to be completely at ease in both languages so that they can produce a refined and natural<br \/>\n<strong>interpretation<\/strong>.<\/p>\n<h2>Simultaneous interpreting<\/h2>\n<p>We do not offer this service at <strong>Dialinguo<\/strong> although we can recommend interpreters to you who<br \/>\nspecialise in this.<\/p>\n<p><strong>Simultaneous interpreting<\/strong> requires specific sound equipment and a certain infrastructure. It is<br \/>\nperformed in a windowed sound-proof booth where <strong>the interpreter<\/strong> sits and hears the words spoken<br \/>\nby the conference speaker through their headset. They then simultaneously relay the speaker&#8217;s words into a microphone in the other language. We call this <strong>simultaneous interpreting<\/strong> because the<br \/>\ngap between hearing the speech and <strong>relaying<\/strong> the message is very short (5 to 10 seconds). In this<br \/>\nway, listeners hear the interpretation through their headphones in their desired language (several<br \/>\ninterpreters work at the same time in their respective languages). <strong>Simultaneous interpreting<\/strong> is really<br \/>\nhelpful during important speeches and enables real-time understanding as well as interaction.<\/p>\n<\/div><div class=\"fusion-image-element in-legacy-container\" style=\"--awb-caption-title-font-family:var(--h2_typography-font-family);--awb-caption-title-font-weight:var(--h2_typography-font-weight);--awb-caption-title-font-style:var(--h2_typography-font-style);--awb-caption-title-size:var(--h2_typography-font-size);--awb-caption-title-transform:var(--h2_typography-text-transform);--awb-caption-title-line-height:var(--h2_typography-line-height);--awb-caption-title-letter-spacing:var(--h2_typography-letter-spacing);\"><span class=\" fusion-imageframe imageframe-none imageframe-1 hover-type-none\" class=\"image-magnify\" class=\"image-scroll\"><img decoding=\"async\" width=\"1900\" height=\"762\" title=\"Dialinguo-team-traduction-expert\" src=\"https:\/\/dialinguo.com\/wp-content\/uploads\/2018\/11\/Dialinguo-team-traduction-expert.jpg\" alt class=\"img-responsive wp-image-479\" srcset=\"https:\/\/dialinguo.com\/wp-content\/uploads\/2018\/11\/Dialinguo-team-traduction-expert-200x80.jpg 200w, https:\/\/dialinguo.com\/wp-content\/uploads\/2018\/11\/Dialinguo-team-traduction-expert-400x160.jpg 400w, https:\/\/dialinguo.com\/wp-content\/uploads\/2018\/11\/Dialinguo-team-traduction-expert-600x241.jpg 600w, https:\/\/dialinguo.com\/wp-content\/uploads\/2018\/11\/Dialinguo-team-traduction-expert-800x321.jpg 800w, https:\/\/dialinguo.com\/wp-content\/uploads\/2018\/11\/Dialinguo-team-traduction-expert-1200x481.jpg 1200w, https:\/\/dialinguo.com\/wp-content\/uploads\/2018\/11\/Dialinguo-team-traduction-expert.jpg 1900w\" sizes=\"(max-width: 800px) 100vw, 1200px\" \/><\/span><\/div><div class=\"fusion-clearfix\"><\/div><\/div><\/div><div class=\"fusion-layout-column fusion_builder_column fusion-builder-column-1 fusion_builder_column_1_5 1_5 fusion-one-fifth fusion-column-last\" style=\"--awb-bg-size:cover;width:20%;width:calc(20% - ( ( 4% ) * 0.2 ) );\"><div class=\"fusion-column-wrapper fusion-flex-column-wrapper-legacy\"><div class=\"fusion-widget-area awb-widget-area-element fusion-widget-area-1 fusion-content-widget-area\" style=\"--awb-title-color:#333333;--awb-padding:0px 0px 0px 0px;\"><style type=\"text\/css\" data-id=\"avada-vertical-menu-widget-2\">#avada-vertical-menu-widget-2 > ul.menu { margin-top: -8px; }<\/style><section id=\"avada-vertical-menu-widget-2\" class=\"widget avada_vertical_menu\"><style>#fusion-vertical-menu-widget-avada-vertical-menu-widget-2-nav ul.menu li a {font-size:14px;}<\/style><nav class=\"fusion-vertical-menu-widget fusion-menu hover left no-border\" id=\"avada-vertical-menu-widget-2-nav\"><ul class=\"menu\"><li><a href=\"https:\/\/dialinguo.com\/domaines-dintervention\/\" title=\"Back to Parent Page\">Domaines d&#8217;intervention<\/a><\/li><\/ul><\/nav><\/section><div class=\"fusion-additional-widget-content\"><\/div><\/div><div class=\"fusion-clearfix\"><\/div><\/div><\/div><\/div><\/div><div class=\"fusion-fullwidth fullwidth-box fusion-builder-row-2 nonhundred-percent-fullwidth non-hundred-percent-height-scrolling\" style=\"--awb-border-radius-top-left:0px;--awb-border-radius-top-right:0px;--awb-border-radius-bottom-right:0px;--awb-border-radius-bottom-left:0px;--awb-padding-top:30px;--awb-padding-bottom:10px;--awb-margin-top:-10px;--awb-margin-bottom:-60px;--awb-background-color:#73b1c0;\" ><div class=\"fusion-builder-row fusion-row\"><div class=\"fusion-layout-column fusion_builder_column fusion-builder-column-2 fusion_builder_column_2_3 2_3 fusion-two-third fusion-column-first\" style=\"--awb-bg-size:cover;width:66.666666666667%;width:calc(66.666666666667% - ( ( 4% ) * 0.66666666666667 ) );margin-right: 4%;\"><div class=\"fusion-column-wrapper fusion-flex-column-wrapper-legacy\"><div class=\"fusion-text fusion-text-2\"><h2 style=\"color: white; margin-top: 20px;\">Do you have a translation project ? Contact us now to discuss the specific details.<\/h2>\n<\/div><div class=\"fusion-clearfix\"><\/div><\/div><\/div><div class=\"fusion-layout-column fusion_builder_column fusion-builder-column-3 fusion_builder_column_1_3 1_3 fusion-one-third fusion-column-last\" style=\"--awb-bg-size:cover;width:33.333333333333%;width:calc(33.333333333333% - ( ( 4% ) * 0.33333333333333 ) );\"><div class=\"fusion-column-wrapper fusion-flex-column-wrapper-legacy\"><div class=\"fusion-sep-clear\"><\/div><div class=\"fusion-separator fusion-full-width-sep\" style=\"margin-left: auto;margin-right: auto;margin-top:30px;width:100%;\"><\/div><div class=\"fusion-sep-clear\"><\/div><div class=\"fusion-button-wrapper\"><a class=\"fusion-button button-flat fusion-button-default-size button-default fusion-button-default button-1 fusion-button-default-span fusion-button-default-type contact-bouton\" target=\"_self\" href=\"https:\/\/dialinguo.com\/en\/contact\/\"><span class=\"fusion-button-text\">Contact<\/span><\/a><\/div><div class=\"fusion-clearfix\"><\/div><\/div><\/div><\/div><\/div>\n<\/p>\n","protected":false},"excerpt":{"rendered":"","protected":false},"author":1,"featured_media":0,"parent":682,"menu_order":0,"comment_status":"closed","ping_status":"closed","template":"100-width.php","meta":{"_exactmetrics_skip_tracking":false,"_exactmetrics_sitenote_active":false,"_exactmetrics_sitenote_note":"","_exactmetrics_sitenote_category":0,"footnotes":""},"class_list":["post-519","page","type-page","status-publish","hentry"],"yoast_head":"<!-- This site is optimized with the Yoast SEO plugin v24.5 - https:\/\/yoast.com\/wordpress\/plugins\/seo\/ -->\n<title>L&#039;interpr\u00e9tariat chez Dialinguo - contactez notre agence de traduction<\/title>\n<meta name=\"description\" content=\"L&#039;interpr\u00e9tariat est une partie importante de notre m\u00e9tier de traducteur. Nous intervenons sur de nombreux projets diff\u00e9rents, parlons-en.\" \/>\n<meta name=\"robots\" content=\"index, follow, max-snippet:-1, max-image-preview:large, max-video-preview:-1\" \/>\n<link rel=\"canonical\" href=\"https:\/\/dialinguo.com\/en\/translation-office\/interpreting\/\" \/>\n<meta property=\"og:locale\" content=\"en_US\" \/>\n<meta property=\"og:type\" content=\"article\" \/>\n<meta property=\"og:title\" content=\"L&#039;interpr\u00e9tariat chez Dialinguo - contactez notre agence de traduction\" \/>\n<meta property=\"og:description\" content=\"L&#039;interpr\u00e9tariat est une partie importante de notre m\u00e9tier de traducteur. Nous intervenons sur de nombreux projets diff\u00e9rents, parlons-en.\" \/>\n<meta property=\"og:url\" content=\"https:\/\/dialinguo.com\/en\/translation-office\/interpreting\/\" \/>\n<meta property=\"og:site_name\" content=\"Dialinguo - Agence de traduction\" \/>\n<meta property=\"article:modified_time\" content=\"2019-05-20T09:32:53+00:00\" \/>\n<meta name=\"twitter:card\" content=\"summary_large_image\" \/>\n<meta name=\"twitter:label1\" content=\"Est. reading time\" \/>\n\t<meta name=\"twitter:data1\" content=\"4 minutes\" \/>\n<script type=\"application\/ld+json\" class=\"yoast-schema-graph\">{\"@context\":\"https:\/\/schema.org\",\"@graph\":[{\"@type\":\"WebPage\",\"@id\":\"https:\/\/dialinguo.com\/en\/translation-office\/interpreting\/\",\"url\":\"https:\/\/dialinguo.com\/en\/translation-office\/interpreting\/\",\"name\":\"L'interpr\u00e9tariat chez Dialinguo - contactez notre agence de traduction\",\"isPartOf\":{\"@id\":\"https:\/\/dialinguo.com\/#website\"},\"datePublished\":\"2019-05-17T09:30:28+00:00\",\"dateModified\":\"2019-05-20T09:32:53+00:00\",\"description\":\"L'interpr\u00e9tariat est une partie importante de notre m\u00e9tier de traducteur. Nous intervenons sur de nombreux projets diff\u00e9rents, parlons-en.\",\"breadcrumb\":{\"@id\":\"https:\/\/dialinguo.com\/en\/translation-office\/interpreting\/#breadcrumb\"},\"inLanguage\":\"en-US\",\"potentialAction\":[{\"@type\":\"ReadAction\",\"target\":[\"https:\/\/dialinguo.com\/en\/translation-office\/interpreting\/\"]}]},{\"@type\":\"BreadcrumbList\",\"@id\":\"https:\/\/dialinguo.com\/en\/translation-office\/interpreting\/#breadcrumb\",\"itemListElement\":[{\"@type\":\"ListItem\",\"position\":1,\"name\":\"Accueil\",\"item\":\"https:\/\/dialinguo.com\/en\/\"},{\"@type\":\"ListItem\",\"position\":2,\"name\":\"Translation office\",\"item\":\"https:\/\/dialinguo.com\/en\/translation-office\/\"},{\"@type\":\"ListItem\",\"position\":3,\"name\":\"Interpreting\"}]},{\"@type\":\"WebSite\",\"@id\":\"https:\/\/dialinguo.com\/#website\",\"url\":\"https:\/\/dialinguo.com\/\",\"name\":\"Dialinguo - Agence de traduction\",\"description\":\"Un m\u00e9tier, une passion : la traduction\",\"potentialAction\":[{\"@type\":\"SearchAction\",\"target\":{\"@type\":\"EntryPoint\",\"urlTemplate\":\"https:\/\/dialinguo.com\/?s={search_term_string}\"},\"query-input\":{\"@type\":\"PropertyValueSpecification\",\"valueRequired\":true,\"valueName\":\"search_term_string\"}}],\"inLanguage\":\"en-US\"}]}<\/script>\n<!-- \/ Yoast SEO plugin. -->","yoast_head_json":{"title":"L'interpr\u00e9tariat chez Dialinguo - contactez notre agence de traduction","description":"L'interpr\u00e9tariat est une partie importante de notre m\u00e9tier de traducteur. Nous intervenons sur de nombreux projets diff\u00e9rents, parlons-en.","robots":{"index":"index","follow":"follow","max-snippet":"max-snippet:-1","max-image-preview":"max-image-preview:large","max-video-preview":"max-video-preview:-1"},"canonical":"https:\/\/dialinguo.com\/en\/translation-office\/interpreting\/","og_locale":"en_US","og_type":"article","og_title":"L'interpr\u00e9tariat chez Dialinguo - contactez notre agence de traduction","og_description":"L'interpr\u00e9tariat est une partie importante de notre m\u00e9tier de traducteur. Nous intervenons sur de nombreux projets diff\u00e9rents, parlons-en.","og_url":"https:\/\/dialinguo.com\/en\/translation-office\/interpreting\/","og_site_name":"Dialinguo - Agence de traduction","article_modified_time":"2019-05-20T09:32:53+00:00","twitter_card":"summary_large_image","twitter_misc":{"Est. reading time":"4 minutes"},"schema":{"@context":"https:\/\/schema.org","@graph":[{"@type":"WebPage","@id":"https:\/\/dialinguo.com\/en\/translation-office\/interpreting\/","url":"https:\/\/dialinguo.com\/en\/translation-office\/interpreting\/","name":"L'interpr\u00e9tariat chez Dialinguo - contactez notre agence de traduction","isPartOf":{"@id":"https:\/\/dialinguo.com\/#website"},"datePublished":"2019-05-17T09:30:28+00:00","dateModified":"2019-05-20T09:32:53+00:00","description":"L'interpr\u00e9tariat est une partie importante de notre m\u00e9tier de traducteur. Nous intervenons sur de nombreux projets diff\u00e9rents, parlons-en.","breadcrumb":{"@id":"https:\/\/dialinguo.com\/en\/translation-office\/interpreting\/#breadcrumb"},"inLanguage":"en-US","potentialAction":[{"@type":"ReadAction","target":["https:\/\/dialinguo.com\/en\/translation-office\/interpreting\/"]}]},{"@type":"BreadcrumbList","@id":"https:\/\/dialinguo.com\/en\/translation-office\/interpreting\/#breadcrumb","itemListElement":[{"@type":"ListItem","position":1,"name":"Accueil","item":"https:\/\/dialinguo.com\/en\/"},{"@type":"ListItem","position":2,"name":"Translation office","item":"https:\/\/dialinguo.com\/en\/translation-office\/"},{"@type":"ListItem","position":3,"name":"Interpreting"}]},{"@type":"WebSite","@id":"https:\/\/dialinguo.com\/#website","url":"https:\/\/dialinguo.com\/","name":"Dialinguo - Agence de traduction","description":"Un m\u00e9tier, une passion : la traduction","potentialAction":[{"@type":"SearchAction","target":{"@type":"EntryPoint","urlTemplate":"https:\/\/dialinguo.com\/?s={search_term_string}"},"query-input":{"@type":"PropertyValueSpecification","valueRequired":true,"valueName":"search_term_string"}}],"inLanguage":"en-US"}]}},"_links":{"self":[{"href":"https:\/\/dialinguo.com\/en\/wp-json\/wp\/v2\/pages\/519","targetHints":{"allow":["GET"]}}],"collection":[{"href":"https:\/\/dialinguo.com\/en\/wp-json\/wp\/v2\/pages"}],"about":[{"href":"https:\/\/dialinguo.com\/en\/wp-json\/wp\/v2\/types\/page"}],"author":[{"embeddable":true,"href":"https:\/\/dialinguo.com\/en\/wp-json\/wp\/v2\/users\/1"}],"replies":[{"embeddable":true,"href":"https:\/\/dialinguo.com\/en\/wp-json\/wp\/v2\/comments?post=519"}],"version-history":[{"count":29,"href":"https:\/\/dialinguo.com\/en\/wp-json\/wp\/v2\/pages\/519\/revisions"}],"predecessor-version":[{"id":725,"href":"https:\/\/dialinguo.com\/en\/wp-json\/wp\/v2\/pages\/519\/revisions\/725"}],"up":[{"embeddable":true,"href":"https:\/\/dialinguo.com\/en\/wp-json\/wp\/v2\/pages\/682"}],"wp:attachment":[{"href":"https:\/\/dialinguo.com\/en\/wp-json\/wp\/v2\/media?parent=519"}],"curies":[{"name":"wp","href":"https:\/\/api.w.org\/{rel}","templated":true}]}}