{"id":551,"date":"2019-05-17T13:13:02","date_gmt":"2019-05-17T11:13:02","guid":{"rendered":"https:\/\/dialinguo.com\/field-of-expertise\/biomedical-and-health\/"},"modified":"2019-07-08T17:45:10","modified_gmt":"2019-07-08T15:45:10","slug":"biomedical-and-health","status":"publish","type":"page","link":"https:\/\/dialinguo.com\/en\/field-of-expertise\/biomedical-and-health\/","title":{"rendered":"Biomedical and Health"},"content":{"rendered":"<p><div class=\"fusion-fullwidth fullwidth-box fusion-builder-row-1 nonhundred-percent-fullwidth non-hundred-percent-height-scrolling\" style=\"--awb-border-radius-top-left:0px;--awb-border-radius-top-right:0px;--awb-border-radius-bottom-right:0px;--awb-border-radius-bottom-left:0px;\" ><div class=\"fusion-builder-row fusion-row\"><div class=\"fusion-layout-column fusion_builder_column fusion-builder-column-0 fusion_builder_column_4_5 4_5 fusion-four-fifth fusion-column-first\" style=\"--awb-bg-size:cover;width:80%;width:calc(80% - ( ( 4% ) * 0.8 ) );margin-right: 4%;\"><div class=\"fusion-column-wrapper fusion-flex-column-wrapper-legacy\"><div class=\"fusion-text fusion-text-1\"><h2>Translation in the field of Medical and Health<\/h2>\n<p>The <strong>Medical field<\/strong> is made up of many specialisms. In fact, <strong>Medical and Pharmaceutical translation<\/strong> generates a large quantity of projects. The number of <strong>Medical<\/strong> and <strong>Pharmaceutical<\/strong> documents is really expanding in the face of changing practices and internationalisation. <strong>Medical translation<\/strong> is evolving alongside it and this requires skilled <strong>translators<\/strong> in fields such as:<\/p>\n<ul>\n<li>medical devices,<\/li>\n<li>biopharmaceuticals,<\/li>\n<li>biotechnology,<\/li>\n<li>biotherapy,<\/li>\n<li>health education,<\/li>\n<li>cosmetic medicines,<\/li>\n<li>oncology,<\/li>\n<li>surgical procedures,<\/li>\n<li>prostheses,<\/li>\n<li>research,<\/li>\n<li>children&#8217;s health,<\/li>\n<li>public health,<\/li>\n<li>dental care,<\/li>\n<li>sleep disorders,<\/li>\n<li>etc.<\/li>\n<\/ul>\n<h2>Dialinguo and Medical translation<\/h2>\n<p>At Dialinguo, we have <strong>Medical translators<\/strong> who are <strong>very experienced<\/strong>. This enables us to offer you a professional service in most languages. From <strong>technical medical documentation<\/strong>, medical research and distribution contracts through to <strong>patents<\/strong> or marketing authorisation applications (MAA), we are able to respond quickly with a &#8216;yes&#8217; and offer you the best quality at the best price.<\/p>\n<p>Our work in <strong>Medical translation<\/strong> is very varied, but the issues always demands the same rigour. In fact, <strong>Medical translation<\/strong> particularly concerns people&#8217;s health. It is therefore crucial that the translation is faithful to the original text. Here are a few examples of commissions undertaken by our <strong>team of translators<\/strong>:<\/p>\n<ul>\n<li>translation of a product catalogue for laboratory equipment,<\/li>\n<li>translation of patient information leaflets for medicines,<\/li>\n<li>studies or other reports (for an NGO, for example),<\/li>\n<li>correspondence between two medical specialists<\/li>\n<li>popularising of complicated documentation<\/li>\n<li>maintenance and troubleshooting manuals for machines<\/li>\n<li>patents, MAAs, analyses, test reports<\/li>\n<\/ul>\n<\/div><div class=\"fusion-image-element in-legacy-container\" style=\"--awb-caption-title-font-family:var(--h2_typography-font-family);--awb-caption-title-font-weight:var(--h2_typography-font-weight);--awb-caption-title-font-style:var(--h2_typography-font-style);--awb-caption-title-size:var(--h2_typography-font-size);--awb-caption-title-transform:var(--h2_typography-text-transform);--awb-caption-title-line-height:var(--h2_typography-line-height);--awb-caption-title-letter-spacing:var(--h2_typography-letter-spacing);\"><span class=\" fusion-imageframe imageframe-none imageframe-1 hover-type-none\" class=\"image-magnify\" class=\"image-scroll\"><img decoding=\"async\" width=\"1900\" height=\"762\" title=\"Dialinguo-team-traduction-expert\" src=\"https:\/\/dialinguo.com\/wp-content\/uploads\/2018\/11\/Dialinguo-team-traduction-expert.jpg\" alt class=\"img-responsive wp-image-479\" srcset=\"https:\/\/dialinguo.com\/wp-content\/uploads\/2018\/11\/Dialinguo-team-traduction-expert-200x80.jpg 200w, https:\/\/dialinguo.com\/wp-content\/uploads\/2018\/11\/Dialinguo-team-traduction-expert-400x160.jpg 400w, https:\/\/dialinguo.com\/wp-content\/uploads\/2018\/11\/Dialinguo-team-traduction-expert-600x241.jpg 600w, https:\/\/dialinguo.com\/wp-content\/uploads\/2018\/11\/Dialinguo-team-traduction-expert-800x321.jpg 800w, https:\/\/dialinguo.com\/wp-content\/uploads\/2018\/11\/Dialinguo-team-traduction-expert-1200x481.jpg 1200w, https:\/\/dialinguo.com\/wp-content\/uploads\/2018\/11\/Dialinguo-team-traduction-expert.jpg 1900w\" sizes=\"(max-width: 800px) 100vw, 1200px\" \/><\/span><\/div><div class=\"fusion-clearfix\"><\/div><\/div><\/div><div class=\"fusion-layout-column fusion_builder_column fusion-builder-column-1 fusion_builder_column_1_5 1_5 fusion-one-fifth fusion-column-last\" style=\"--awb-bg-size:cover;width:20%;width:calc(20% - ( ( 4% ) * 0.2 ) );\"><div class=\"fusion-column-wrapper fusion-flex-column-wrapper-legacy\"><div class=\"fusion-widget-area awb-widget-area-element fusion-widget-area-1 fusion-content-widget-area\" style=\"--awb-title-color:#333333;--awb-padding:0px 0px 0px 0px;\"><style type=\"text\/css\" data-id=\"avada-vertical-menu-widget-2\">#avada-vertical-menu-widget-2 > ul.menu { margin-top: -8px; }<\/style><section id=\"avada-vertical-menu-widget-2\" class=\"widget avada_vertical_menu\"><style>#fusion-vertical-menu-widget-avada-vertical-menu-widget-2-nav ul.menu li a {font-size:14px;}<\/style><nav class=\"fusion-vertical-menu-widget fusion-menu hover left no-border\" id=\"avada-vertical-menu-widget-2-nav\"><ul class=\"menu\"><li><a href=\"https:\/\/dialinguo.com\/domaines-dintervention\/\" title=\"Back to Parent Page\">Domaines d&#8217;intervention<\/a><\/li><\/ul><\/nav><\/section><div class=\"fusion-additional-widget-content\"><\/div><\/div><div class=\"fusion-clearfix\"><\/div><\/div><\/div><\/div><\/div><div class=\"fusion-fullwidth fullwidth-box fusion-builder-row-2 nonhundred-percent-fullwidth non-hundred-percent-height-scrolling\" style=\"--awb-border-radius-top-left:0px;--awb-border-radius-top-right:0px;--awb-border-radius-bottom-right:0px;--awb-border-radius-bottom-left:0px;--awb-padding-top:30px;--awb-padding-bottom:10px;--awb-margin-top:-10px;--awb-margin-bottom:-60px;--awb-background-color:#73b1c0;\" ><div class=\"fusion-builder-row fusion-row\"><div class=\"fusion-layout-column fusion_builder_column fusion-builder-column-2 fusion_builder_column_2_3 2_3 fusion-two-third fusion-column-first\" style=\"--awb-bg-size:cover;width:66.666666666667%;width:calc(66.666666666667% - ( ( 4% ) * 0.66666666666667 ) );margin-right: 4%;\"><div class=\"fusion-column-wrapper fusion-flex-column-wrapper-legacy\"><div class=\"fusion-text fusion-text-2\"><h2 style=\"color: white; margin-top: 20px;\">Do you have a translation project ? Contact us now to discuss the specific details.<\/h2>\n<\/div><div class=\"fusion-clearfix\"><\/div><\/div><\/div><div class=\"fusion-layout-column fusion_builder_column fusion-builder-column-3 fusion_builder_column_1_3 1_3 fusion-one-third fusion-column-last\" style=\"--awb-bg-size:cover;width:33.333333333333%;width:calc(33.333333333333% - ( ( 4% ) * 0.33333333333333 ) );\"><div class=\"fusion-column-wrapper fusion-flex-column-wrapper-legacy\"><div class=\"fusion-sep-clear\"><\/div><div class=\"fusion-separator fusion-full-width-sep\" style=\"margin-left: auto;margin-right: auto;margin-top:30px;width:100%;\"><\/div><div class=\"fusion-sep-clear\"><\/div><div class=\"fusion-button-wrapper\"><a class=\"fusion-button button-flat fusion-button-default-size button-default fusion-button-default button-1 fusion-button-default-span fusion-button-default-type contact-bouton\" target=\"_self\" href=\"https:\/\/dialinguo.com\/en\/contact\/\"><span class=\"fusion-button-text\">Contact<\/span><\/a><\/div><div class=\"fusion-clearfix\"><\/div><\/div><\/div><\/div><\/div>\n<\/p>\n","protected":false},"excerpt":{"rendered":"","protected":false},"author":1,"featured_media":0,"parent":531,"menu_order":0,"comment_status":"closed","ping_status":"closed","template":"100-width.php","meta":{"_exactmetrics_skip_tracking":false,"_exactmetrics_sitenote_active":false,"_exactmetrics_sitenote_note":"","_exactmetrics_sitenote_category":0,"footnotes":""},"class_list":["post-551","page","type-page","status-publish","hentry"],"yoast_head":"<!-- This site is optimized with the Yoast SEO plugin v24.5 - https:\/\/yoast.com\/wordpress\/plugins\/seo\/ -->\n<title>Traduction m\u00e9dicale et sant\u00e9 - Dialinguo vous accompagne<\/title>\n<meta name=\"description\" content=\"La traduction m\u00e9dicale est en plein essor. Notre agence de traduction met a votre service plusieurs traducteurs exp\u00e9riment\u00e9s pour r\u00e9aliser votre projet.\" \/>\n<meta name=\"robots\" content=\"index, follow, max-snippet:-1, max-image-preview:large, max-video-preview:-1\" \/>\n<link rel=\"canonical\" href=\"https:\/\/dialinguo.com\/en\/field-of-expertise\/biomedical-and-health\/\" \/>\n<meta property=\"og:locale\" content=\"en_US\" \/>\n<meta property=\"og:type\" content=\"article\" \/>\n<meta property=\"og:title\" content=\"Traduction m\u00e9dicale et sant\u00e9 - Dialinguo vous accompagne\" \/>\n<meta property=\"og:description\" content=\"La traduction m\u00e9dicale est en plein essor. Notre agence de traduction met a votre service plusieurs traducteurs exp\u00e9riment\u00e9s pour r\u00e9aliser votre projet.\" \/>\n<meta property=\"og:url\" content=\"https:\/\/dialinguo.com\/en\/field-of-expertise\/biomedical-and-health\/\" \/>\n<meta property=\"og:site_name\" content=\"Dialinguo - Agence de traduction\" \/>\n<meta property=\"article:modified_time\" content=\"2019-07-08T15:45:10+00:00\" \/>\n<meta name=\"twitter:card\" content=\"summary_large_image\" \/>\n<meta name=\"twitter:label1\" content=\"Est. reading time\" \/>\n\t<meta name=\"twitter:data1\" content=\"3 minutes\" \/>\n<script type=\"application\/ld+json\" class=\"yoast-schema-graph\">{\"@context\":\"https:\/\/schema.org\",\"@graph\":[{\"@type\":\"WebPage\",\"@id\":\"https:\/\/dialinguo.com\/en\/field-of-expertise\/biomedical-and-health\/\",\"url\":\"https:\/\/dialinguo.com\/en\/field-of-expertise\/biomedical-and-health\/\",\"name\":\"Traduction m\u00e9dicale et sant\u00e9 - Dialinguo vous accompagne\",\"isPartOf\":{\"@id\":\"https:\/\/dialinguo.com\/#website\"},\"datePublished\":\"2019-05-17T11:13:02+00:00\",\"dateModified\":\"2019-07-08T15:45:10+00:00\",\"description\":\"La traduction m\u00e9dicale est en plein essor. Notre agence de traduction met a votre service plusieurs traducteurs exp\u00e9riment\u00e9s pour r\u00e9aliser votre projet.\",\"breadcrumb\":{\"@id\":\"https:\/\/dialinguo.com\/en\/field-of-expertise\/biomedical-and-health\/#breadcrumb\"},\"inLanguage\":\"en-US\",\"potentialAction\":[{\"@type\":\"ReadAction\",\"target\":[\"https:\/\/dialinguo.com\/en\/field-of-expertise\/biomedical-and-health\/\"]}]},{\"@type\":\"BreadcrumbList\",\"@id\":\"https:\/\/dialinguo.com\/en\/field-of-expertise\/biomedical-and-health\/#breadcrumb\",\"itemListElement\":[{\"@type\":\"ListItem\",\"position\":1,\"name\":\"Accueil\",\"item\":\"https:\/\/dialinguo.com\/en\/\"},{\"@type\":\"ListItem\",\"position\":2,\"name\":\"Fields of expertise\",\"item\":\"https:\/\/dialinguo.com\/en\/field-of-expertise\/\"},{\"@type\":\"ListItem\",\"position\":3,\"name\":\"Biomedical and Health\"}]},{\"@type\":\"WebSite\",\"@id\":\"https:\/\/dialinguo.com\/#website\",\"url\":\"https:\/\/dialinguo.com\/\",\"name\":\"Dialinguo - Agence de traduction\",\"description\":\"Un m\u00e9tier, une passion : la traduction\",\"potentialAction\":[{\"@type\":\"SearchAction\",\"target\":{\"@type\":\"EntryPoint\",\"urlTemplate\":\"https:\/\/dialinguo.com\/?s={search_term_string}\"},\"query-input\":{\"@type\":\"PropertyValueSpecification\",\"valueRequired\":true,\"valueName\":\"search_term_string\"}}],\"inLanguage\":\"en-US\"}]}<\/script>\n<!-- \/ Yoast SEO plugin. -->","yoast_head_json":{"title":"Traduction m\u00e9dicale et sant\u00e9 - Dialinguo vous accompagne","description":"La traduction m\u00e9dicale est en plein essor. Notre agence de traduction met a votre service plusieurs traducteurs exp\u00e9riment\u00e9s pour r\u00e9aliser votre projet.","robots":{"index":"index","follow":"follow","max-snippet":"max-snippet:-1","max-image-preview":"max-image-preview:large","max-video-preview":"max-video-preview:-1"},"canonical":"https:\/\/dialinguo.com\/en\/field-of-expertise\/biomedical-and-health\/","og_locale":"en_US","og_type":"article","og_title":"Traduction m\u00e9dicale et sant\u00e9 - Dialinguo vous accompagne","og_description":"La traduction m\u00e9dicale est en plein essor. Notre agence de traduction met a votre service plusieurs traducteurs exp\u00e9riment\u00e9s pour r\u00e9aliser votre projet.","og_url":"https:\/\/dialinguo.com\/en\/field-of-expertise\/biomedical-and-health\/","og_site_name":"Dialinguo - Agence de traduction","article_modified_time":"2019-07-08T15:45:10+00:00","twitter_card":"summary_large_image","twitter_misc":{"Est. reading time":"3 minutes"},"schema":{"@context":"https:\/\/schema.org","@graph":[{"@type":"WebPage","@id":"https:\/\/dialinguo.com\/en\/field-of-expertise\/biomedical-and-health\/","url":"https:\/\/dialinguo.com\/en\/field-of-expertise\/biomedical-and-health\/","name":"Traduction m\u00e9dicale et sant\u00e9 - Dialinguo vous accompagne","isPartOf":{"@id":"https:\/\/dialinguo.com\/#website"},"datePublished":"2019-05-17T11:13:02+00:00","dateModified":"2019-07-08T15:45:10+00:00","description":"La traduction m\u00e9dicale est en plein essor. Notre agence de traduction met a votre service plusieurs traducteurs exp\u00e9riment\u00e9s pour r\u00e9aliser votre projet.","breadcrumb":{"@id":"https:\/\/dialinguo.com\/en\/field-of-expertise\/biomedical-and-health\/#breadcrumb"},"inLanguage":"en-US","potentialAction":[{"@type":"ReadAction","target":["https:\/\/dialinguo.com\/en\/field-of-expertise\/biomedical-and-health\/"]}]},{"@type":"BreadcrumbList","@id":"https:\/\/dialinguo.com\/en\/field-of-expertise\/biomedical-and-health\/#breadcrumb","itemListElement":[{"@type":"ListItem","position":1,"name":"Accueil","item":"https:\/\/dialinguo.com\/en\/"},{"@type":"ListItem","position":2,"name":"Fields of expertise","item":"https:\/\/dialinguo.com\/en\/field-of-expertise\/"},{"@type":"ListItem","position":3,"name":"Biomedical and Health"}]},{"@type":"WebSite","@id":"https:\/\/dialinguo.com\/#website","url":"https:\/\/dialinguo.com\/","name":"Dialinguo - Agence de traduction","description":"Un m\u00e9tier, une passion : la traduction","potentialAction":[{"@type":"SearchAction","target":{"@type":"EntryPoint","urlTemplate":"https:\/\/dialinguo.com\/?s={search_term_string}"},"query-input":{"@type":"PropertyValueSpecification","valueRequired":true,"valueName":"search_term_string"}}],"inLanguage":"en-US"}]}},"_links":{"self":[{"href":"https:\/\/dialinguo.com\/en\/wp-json\/wp\/v2\/pages\/551","targetHints":{"allow":["GET"]}}],"collection":[{"href":"https:\/\/dialinguo.com\/en\/wp-json\/wp\/v2\/pages"}],"about":[{"href":"https:\/\/dialinguo.com\/en\/wp-json\/wp\/v2\/types\/page"}],"author":[{"embeddable":true,"href":"https:\/\/dialinguo.com\/en\/wp-json\/wp\/v2\/users\/1"}],"replies":[{"embeddable":true,"href":"https:\/\/dialinguo.com\/en\/wp-json\/wp\/v2\/comments?post=551"}],"version-history":[{"count":17,"href":"https:\/\/dialinguo.com\/en\/wp-json\/wp\/v2\/pages\/551\/revisions"}],"predecessor-version":[{"id":992,"href":"https:\/\/dialinguo.com\/en\/wp-json\/wp\/v2\/pages\/551\/revisions\/992"}],"up":[{"embeddable":true,"href":"https:\/\/dialinguo.com\/en\/wp-json\/wp\/v2\/pages\/531"}],"wp:attachment":[{"href":"https:\/\/dialinguo.com\/en\/wp-json\/wp\/v2\/media?parent=551"}],"curies":[{"name":"wp","href":"https:\/\/api.w.org\/{rel}","templated":true}]}}