{"id":635,"date":"2019-05-17T15:48:07","date_gmt":"2019-05-17T13:48:07","guid":{"rendered":"https:\/\/dialinguo.com\/revision-proofreading\/"},"modified":"2019-05-17T15:54:16","modified_gmt":"2019-05-17T13:54:16","slug":"revision-proofreading","status":"publish","type":"page","link":"https:\/\/dialinguo.com\/en\/translation-office\/revision-proofreading\/","title":{"rendered":"Revision\/proofreading"},"content":{"rendered":"<p><div class=\"fusion-fullwidth fullwidth-box fusion-builder-row-1 nonhundred-percent-fullwidth non-hundred-percent-height-scrolling\" style=\"--awb-border-radius-top-left:0px;--awb-border-radius-top-right:0px;--awb-border-radius-bottom-right:0px;--awb-border-radius-bottom-left:0px;\" ><div class=\"fusion-builder-row fusion-row\"><div class=\"fusion-layout-column fusion_builder_column fusion-builder-column-0 fusion_builder_column_4_5 4_5 fusion-four-fifth fusion-column-first\" style=\"--awb-bg-size:cover;width:80%;width:calc(80% - ( ( 4% ) * 0.8 ) );margin-right: 4%;\"><div class=\"fusion-column-wrapper fusion-flex-column-wrapper-legacy\"><div class=\"fusion-text fusion-text-1\"><h2>The difference between revision and proofreading<\/h2>\n<p>Translation includes <strong>revision and proofreading<\/strong> in particular. At Dialinguo, we have noticed that the difference between revision and proofreading is not obvious to everyone.<\/p>\n<blockquote>\n<p>As part of translation, we revise a text against the source text to ensure we keep the meaning. Proofreading means just correcting the translated text without interfering in its meaning. These two steps determine the quality of the work performed.<\/p>\n<\/blockquote>\n<p>At <strong>Dialinguo<\/strong>, we not only make a <strong>distinction between correction and proofreading<\/strong>, we perform them in the correct order. These two steps can, in fact, be performed one after the other and by different people even. These two <strong>translation professionals<\/strong> \u2013 the reviser and the proofreader \u2013 have different skill sets and hence different roles within the <strong>translation agency<\/strong>.<\/p>\n<h2>The role of revision in translation<\/h2>\n<p><strong>Revising<\/strong> a document involves checking the style and the <strong>language<\/strong>. Unlike proofreading, we not only correct <strong>spelling and grammar errors<\/strong>, we improve the text as a whole. Here, we take into consideration the meaning for the end reader and this is at the heart of our approach to <strong>translation<\/strong>.<\/p>\n<p>The <strong>Dialinguo<\/strong> team looks particularly at rewording long and complex sentences, and changing any informal, repetitive or awkward passages. In some cases, we carry out research to supplement paragraphs and assist understanding.<\/p>\n<p>The reviser intervenes in the style of the <strong>text to be translated<\/strong> so as to express the author&#8217;s ideas in the best possible way. In addition, the reviser also systematically keeps the meaning of the original text in their head so that they can communicate it as faithfully as possible to the end reader.<\/p>\n<h2>Proofreading \u2013 typos in our sights<\/h2>\n<p><strong>Proofreading<\/strong>, on the other hand, means double-checking a translation&#8217;s spelling, grammar, and <strong>typography<\/strong>. It is the last stage in a translation project before a file is published or goes to press. To produce a <strong>finished text<\/strong> which is free of any omissions, it is checked as a <strong>rule by two pairs of eyes<\/strong>, that is, two translators reread the text in turn.<\/p>\n<p>During the <strong>proofreading<\/strong> phase, we check for the following points with a fine-tooth comb:<\/p>\n<ul>\n<li>spelling mistakes,<\/li>\n<li>grammatical errors,<\/li>\n<li>punctuation,<\/li>\n<li>inconsistent spellings (e.g. analyze\/analyse),<\/li>\n<li>typography errors (quotation marks, apostrophes, hyphens and dashes, indentations, etc.).<\/li>\n<\/ul>\n<p>The proofreader or <strong>corrector<\/strong> applies a typography style guide to achieve a professional standard. They are familiar with the <strong>spelling<\/strong>, grammar and typographical <strong>rules<\/strong> of a language and keep a careful eye out for any <strong>mistakes or typing errors in the text<\/strong>. Their role is vital in the <strong>translation project<\/strong>, because not only the credibility of the translation agency rests on it, but that of their client too.<\/p>\n<p><strong>Dialinguo<\/strong> is able to offer revision and proofreading either alongside your translation or as a separate activity.<\/p>\n<\/div><div class=\"fusion-image-element in-legacy-container\" style=\"--awb-caption-title-font-family:var(--h2_typography-font-family);--awb-caption-title-font-weight:var(--h2_typography-font-weight);--awb-caption-title-font-style:var(--h2_typography-font-style);--awb-caption-title-size:var(--h2_typography-font-size);--awb-caption-title-transform:var(--h2_typography-text-transform);--awb-caption-title-line-height:var(--h2_typography-line-height);--awb-caption-title-letter-spacing:var(--h2_typography-letter-spacing);\"><span class=\" fusion-imageframe imageframe-none imageframe-1 hover-type-none\" class=\"image-magnify\" class=\"image-scroll\"><img decoding=\"async\" width=\"1900\" height=\"762\" title=\"Dialinguo-team-traduction-expert\" src=\"https:\/\/dialinguo.com\/wp-content\/uploads\/2018\/11\/Dialinguo-team-traduction-expert.jpg\" alt class=\"img-responsive wp-image-479\" srcset=\"https:\/\/dialinguo.com\/wp-content\/uploads\/2018\/11\/Dialinguo-team-traduction-expert-200x80.jpg 200w, https:\/\/dialinguo.com\/wp-content\/uploads\/2018\/11\/Dialinguo-team-traduction-expert-400x160.jpg 400w, https:\/\/dialinguo.com\/wp-content\/uploads\/2018\/11\/Dialinguo-team-traduction-expert-600x241.jpg 600w, https:\/\/dialinguo.com\/wp-content\/uploads\/2018\/11\/Dialinguo-team-traduction-expert-800x321.jpg 800w, https:\/\/dialinguo.com\/wp-content\/uploads\/2018\/11\/Dialinguo-team-traduction-expert-1200x481.jpg 1200w, https:\/\/dialinguo.com\/wp-content\/uploads\/2018\/11\/Dialinguo-team-traduction-expert.jpg 1900w\" sizes=\"(max-width: 800px) 100vw, 1200px\" \/><\/span><\/div><div class=\"fusion-clearfix\"><\/div><\/div><\/div><div class=\"fusion-layout-column fusion_builder_column fusion-builder-column-1 fusion_builder_column_1_5 1_5 fusion-one-fifth fusion-column-last\" style=\"--awb-bg-size:cover;width:20%;width:calc(20% - ( ( 4% ) * 0.2 ) );\"><div class=\"fusion-column-wrapper fusion-flex-column-wrapper-legacy\"><div class=\"fusion-widget-area awb-widget-area-element fusion-widget-area-1 fusion-content-widget-area\" style=\"--awb-title-color:#333333;--awb-padding:0px 0px 0px 0px;\"><style type=\"text\/css\" data-id=\"avada-vertical-menu-widget-2\">#avada-vertical-menu-widget-2 > ul.menu { margin-top: -8px; }<\/style><section id=\"avada-vertical-menu-widget-2\" class=\"widget avada_vertical_menu\"><style>#fusion-vertical-menu-widget-avada-vertical-menu-widget-2-nav ul.menu li a {font-size:14px;}<\/style><nav class=\"fusion-vertical-menu-widget fusion-menu hover left no-border\" id=\"avada-vertical-menu-widget-2-nav\"><ul class=\"menu\"><li><a href=\"https:\/\/dialinguo.com\/domaines-dintervention\/\" title=\"Back to Parent Page\">Domaines d&#8217;intervention<\/a><\/li><\/ul><\/nav><\/section><div class=\"fusion-additional-widget-content\"><\/div><\/div><div class=\"fusion-clearfix\"><\/div><\/div><\/div><\/div><\/div><div class=\"fusion-fullwidth fullwidth-box fusion-builder-row-2 nonhundred-percent-fullwidth non-hundred-percent-height-scrolling\" style=\"--awb-border-radius-top-left:0px;--awb-border-radius-top-right:0px;--awb-border-radius-bottom-right:0px;--awb-border-radius-bottom-left:0px;--awb-padding-top:30px;--awb-padding-bottom:10px;--awb-margin-top:-10px;--awb-margin-bottom:-60px;--awb-background-color:#73b1c0;\" ><div class=\"fusion-builder-row fusion-row\"><div class=\"fusion-layout-column fusion_builder_column fusion-builder-column-2 fusion_builder_column_2_3 2_3 fusion-two-third fusion-column-first\" style=\"--awb-bg-size:cover;width:66.666666666667%;width:calc(66.666666666667% - ( ( 4% ) * 0.66666666666667 ) );margin-right: 4%;\"><div class=\"fusion-column-wrapper fusion-flex-column-wrapper-legacy\"><div class=\"fusion-text fusion-text-2\"><h2 style=\"color: white; margin-top: 20px;\">Do you have a translation project ? Contact us now to discuss the specific details.<\/h2>\n<\/div><div class=\"fusion-clearfix\"><\/div><\/div><\/div><div class=\"fusion-layout-column fusion_builder_column fusion-builder-column-3 fusion_builder_column_1_3 1_3 fusion-one-third fusion-column-last\" style=\"--awb-bg-size:cover;width:33.333333333333%;width:calc(33.333333333333% - ( ( 4% ) * 0.33333333333333 ) );\"><div class=\"fusion-column-wrapper fusion-flex-column-wrapper-legacy\"><div class=\"fusion-sep-clear\"><\/div><div class=\"fusion-separator fusion-full-width-sep\" style=\"margin-left: auto;margin-right: auto;margin-top:30px;width:100%;\"><\/div><div class=\"fusion-sep-clear\"><\/div><div class=\"fusion-button-wrapper\"><a class=\"fusion-button button-flat fusion-button-default-size button-default fusion-button-default button-1 fusion-button-default-span fusion-button-default-type contact-bouton\" target=\"_self\" href=\"https:\/\/dialinguo.com\/en\/contact\/\"><span class=\"fusion-button-text\">Contact<\/span><\/a><\/div><div class=\"fusion-clearfix\"><\/div><\/div><\/div><\/div><\/div>\n<\/p>\n","protected":false},"excerpt":{"rendered":"","protected":false},"author":1,"featured_media":0,"parent":682,"menu_order":0,"comment_status":"closed","ping_status":"closed","template":"100-width.php","meta":{"_exactmetrics_skip_tracking":false,"_exactmetrics_sitenote_active":false,"_exactmetrics_sitenote_note":"","_exactmetrics_sitenote_category":0,"footnotes":""},"class_list":["post-635","page","type-page","status-publish","hentry"],"yoast_head":"<!-- This site is optimized with the Yoast SEO plugin v24.5 - https:\/\/yoast.com\/wordpress\/plugins\/seo\/ -->\n<title>R\u00e9vision et relecture en traduction - Dialinguo - Votre agence de traduction<\/title>\n<meta name=\"description\" content=\"La r\u00e9vision et la relecture en traduction son deux \u00e9tapes importantes - Dialinguo vous accompagne dans votre projet pour un rendu \u00e0 la hauteur !\" \/>\n<meta name=\"robots\" content=\"index, follow, max-snippet:-1, max-image-preview:large, max-video-preview:-1\" \/>\n<link rel=\"canonical\" href=\"https:\/\/dialinguo.com\/en\/translation-office\/revision-proofreading\/\" \/>\n<meta property=\"og:locale\" content=\"en_US\" \/>\n<meta property=\"og:type\" content=\"article\" \/>\n<meta property=\"og:title\" content=\"R\u00e9vision et relecture en traduction - Dialinguo - Votre agence de traduction\" \/>\n<meta property=\"og:description\" content=\"La r\u00e9vision et la relecture en traduction son deux \u00e9tapes importantes - Dialinguo vous accompagne dans votre projet pour un rendu \u00e0 la hauteur !\" \/>\n<meta property=\"og:url\" content=\"https:\/\/dialinguo.com\/en\/translation-office\/revision-proofreading\/\" \/>\n<meta property=\"og:site_name\" content=\"Dialinguo - Agence de traduction\" \/>\n<meta property=\"article:modified_time\" content=\"2019-05-17T13:54:16+00:00\" \/>\n<meta name=\"twitter:card\" content=\"summary_large_image\" \/>\n<meta name=\"twitter:label1\" content=\"Est. reading time\" \/>\n\t<meta name=\"twitter:data1\" content=\"4 minutes\" \/>\n<script type=\"application\/ld+json\" class=\"yoast-schema-graph\">{\"@context\":\"https:\/\/schema.org\",\"@graph\":[{\"@type\":\"WebPage\",\"@id\":\"https:\/\/dialinguo.com\/en\/translation-office\/revision-proofreading\/\",\"url\":\"https:\/\/dialinguo.com\/en\/translation-office\/revision-proofreading\/\",\"name\":\"R\u00e9vision et relecture en traduction - Dialinguo - Votre agence de traduction\",\"isPartOf\":{\"@id\":\"https:\/\/dialinguo.com\/#website\"},\"datePublished\":\"2019-05-17T13:48:07+00:00\",\"dateModified\":\"2019-05-17T13:54:16+00:00\",\"description\":\"La r\u00e9vision et la relecture en traduction son deux \u00e9tapes importantes - Dialinguo vous accompagne dans votre projet pour un rendu \u00e0 la hauteur !\",\"breadcrumb\":{\"@id\":\"https:\/\/dialinguo.com\/en\/translation-office\/revision-proofreading\/#breadcrumb\"},\"inLanguage\":\"en-US\",\"potentialAction\":[{\"@type\":\"ReadAction\",\"target\":[\"https:\/\/dialinguo.com\/en\/translation-office\/revision-proofreading\/\"]}]},{\"@type\":\"BreadcrumbList\",\"@id\":\"https:\/\/dialinguo.com\/en\/translation-office\/revision-proofreading\/#breadcrumb\",\"itemListElement\":[{\"@type\":\"ListItem\",\"position\":1,\"name\":\"Accueil\",\"item\":\"https:\/\/dialinguo.com\/en\/\"},{\"@type\":\"ListItem\",\"position\":2,\"name\":\"Translation office\",\"item\":\"https:\/\/dialinguo.com\/en\/translation-office\/\"},{\"@type\":\"ListItem\",\"position\":3,\"name\":\"Revision\/proofreading\"}]},{\"@type\":\"WebSite\",\"@id\":\"https:\/\/dialinguo.com\/#website\",\"url\":\"https:\/\/dialinguo.com\/\",\"name\":\"Dialinguo - Agence de traduction\",\"description\":\"Un m\u00e9tier, une passion : la traduction\",\"potentialAction\":[{\"@type\":\"SearchAction\",\"target\":{\"@type\":\"EntryPoint\",\"urlTemplate\":\"https:\/\/dialinguo.com\/?s={search_term_string}\"},\"query-input\":{\"@type\":\"PropertyValueSpecification\",\"valueRequired\":true,\"valueName\":\"search_term_string\"}}],\"inLanguage\":\"en-US\"}]}<\/script>\n<!-- \/ Yoast SEO plugin. -->","yoast_head_json":{"title":"R\u00e9vision et relecture en traduction - Dialinguo - Votre agence de traduction","description":"La r\u00e9vision et la relecture en traduction son deux \u00e9tapes importantes - Dialinguo vous accompagne dans votre projet pour un rendu \u00e0 la hauteur !","robots":{"index":"index","follow":"follow","max-snippet":"max-snippet:-1","max-image-preview":"max-image-preview:large","max-video-preview":"max-video-preview:-1"},"canonical":"https:\/\/dialinguo.com\/en\/translation-office\/revision-proofreading\/","og_locale":"en_US","og_type":"article","og_title":"R\u00e9vision et relecture en traduction - Dialinguo - Votre agence de traduction","og_description":"La r\u00e9vision et la relecture en traduction son deux \u00e9tapes importantes - Dialinguo vous accompagne dans votre projet pour un rendu \u00e0 la hauteur !","og_url":"https:\/\/dialinguo.com\/en\/translation-office\/revision-proofreading\/","og_site_name":"Dialinguo - Agence de traduction","article_modified_time":"2019-05-17T13:54:16+00:00","twitter_card":"summary_large_image","twitter_misc":{"Est. reading time":"4 minutes"},"schema":{"@context":"https:\/\/schema.org","@graph":[{"@type":"WebPage","@id":"https:\/\/dialinguo.com\/en\/translation-office\/revision-proofreading\/","url":"https:\/\/dialinguo.com\/en\/translation-office\/revision-proofreading\/","name":"R\u00e9vision et relecture en traduction - Dialinguo - Votre agence de traduction","isPartOf":{"@id":"https:\/\/dialinguo.com\/#website"},"datePublished":"2019-05-17T13:48:07+00:00","dateModified":"2019-05-17T13:54:16+00:00","description":"La r\u00e9vision et la relecture en traduction son deux \u00e9tapes importantes - Dialinguo vous accompagne dans votre projet pour un rendu \u00e0 la hauteur !","breadcrumb":{"@id":"https:\/\/dialinguo.com\/en\/translation-office\/revision-proofreading\/#breadcrumb"},"inLanguage":"en-US","potentialAction":[{"@type":"ReadAction","target":["https:\/\/dialinguo.com\/en\/translation-office\/revision-proofreading\/"]}]},{"@type":"BreadcrumbList","@id":"https:\/\/dialinguo.com\/en\/translation-office\/revision-proofreading\/#breadcrumb","itemListElement":[{"@type":"ListItem","position":1,"name":"Accueil","item":"https:\/\/dialinguo.com\/en\/"},{"@type":"ListItem","position":2,"name":"Translation office","item":"https:\/\/dialinguo.com\/en\/translation-office\/"},{"@type":"ListItem","position":3,"name":"Revision\/proofreading"}]},{"@type":"WebSite","@id":"https:\/\/dialinguo.com\/#website","url":"https:\/\/dialinguo.com\/","name":"Dialinguo - Agence de traduction","description":"Un m\u00e9tier, une passion : la traduction","potentialAction":[{"@type":"SearchAction","target":{"@type":"EntryPoint","urlTemplate":"https:\/\/dialinguo.com\/?s={search_term_string}"},"query-input":{"@type":"PropertyValueSpecification","valueRequired":true,"valueName":"search_term_string"}}],"inLanguage":"en-US"}]}},"_links":{"self":[{"href":"https:\/\/dialinguo.com\/en\/wp-json\/wp\/v2\/pages\/635","targetHints":{"allow":["GET"]}}],"collection":[{"href":"https:\/\/dialinguo.com\/en\/wp-json\/wp\/v2\/pages"}],"about":[{"href":"https:\/\/dialinguo.com\/en\/wp-json\/wp\/v2\/types\/page"}],"author":[{"embeddable":true,"href":"https:\/\/dialinguo.com\/en\/wp-json\/wp\/v2\/users\/1"}],"replies":[{"embeddable":true,"href":"https:\/\/dialinguo.com\/en\/wp-json\/wp\/v2\/comments?post=635"}],"version-history":[{"count":8,"href":"https:\/\/dialinguo.com\/en\/wp-json\/wp\/v2\/pages\/635\/revisions"}],"predecessor-version":[{"id":643,"href":"https:\/\/dialinguo.com\/en\/wp-json\/wp\/v2\/pages\/635\/revisions\/643"}],"up":[{"embeddable":true,"href":"https:\/\/dialinguo.com\/en\/wp-json\/wp\/v2\/pages\/682"}],"wp:attachment":[{"href":"https:\/\/dialinguo.com\/en\/wp-json\/wp\/v2\/media?parent=635"}],"curies":[{"name":"wp","href":"https:\/\/api.w.org\/{rel}","templated":true}]}}